{"id":5755,"date":"2025-10-16T09:08:01","date_gmt":"2025-10-16T09:08:01","guid":{"rendered":"https:\/\/www.glueckchenfueller.ch\/?post_type=product&#038;p=5755"},"modified":"2026-04-09T07:20:30","modified_gmt":"2026-04-09T07:20:30","slug":"k21_haeppi-haeppier-am-haeppiesten-postkarte-mit-typo","status":"publish","type":"product","link":"https:\/\/www.glueckchenfueller.ch\/?product=k21_haeppi-haeppier-am-haeppiesten-postkarte-mit-typo","title":{"rendered":"K21_h\u00e4ppi, h\u00e4ppier, am h\u00e4ppiesten | Postkarte mit Typo"},"content":{"rendered":"<p>gemusterte Karte mit Typo | Grusskarte | Postkarte<\/p>\n<p>Hochwertiger Digitaldruck mit HP-Indigo<\/p>\n<p>Papier: Lessebo smooth White\u00a0 400 gm\u00b2<\/p>\n<p><img loading=\"lazy\" decoding=\"async\" class=\"alignnone size-medium wp-image-5724\" src=\"https:\/\/www.glueckchenfueller.ch\/wp-content\/uploads\/2025\/10\/K21_haeppi_haeppier_amhaeppiesten-300x300.jpg\" alt=\"\" width=\"300\" height=\"300\" srcset=\"https:\/\/www.glueckchenfueller.ch\/wp-content\/uploads\/2025\/10\/K21_haeppi_haeppier_amhaeppiesten-300x300.jpg 300w, https:\/\/www.glueckchenfueller.ch\/wp-content\/uploads\/2025\/10\/K21_haeppi_haeppier_amhaeppiesten-1024x1024.jpg 1024w, https:\/\/www.glueckchenfueller.ch\/wp-content\/uploads\/2025\/10\/K21_haeppi_haeppier_amhaeppiesten-150x150.jpg 150w, https:\/\/www.glueckchenfueller.ch\/wp-content\/uploads\/2025\/10\/K21_haeppi_haeppier_amhaeppiesten-768x768.jpg 768w, https:\/\/www.glueckchenfueller.ch\/wp-content\/uploads\/2025\/10\/K21_haeppi_haeppier_amhaeppiesten-1536x1536.jpg 1536w, https:\/\/www.glueckchenfueller.ch\/wp-content\/uploads\/2025\/10\/K21_haeppi_haeppier_amhaeppiesten-468x468.jpg 468w, https:\/\/www.glueckchenfueller.ch\/wp-content\/uploads\/2025\/10\/K21_haeppi_haeppier_amhaeppiesten-1612x1612.jpg 1612w, https:\/\/www.glueckchenfueller.ch\/wp-content\/uploads\/2025\/10\/K21_haeppi_haeppier_amhaeppiesten-1116x1116.jpg 1116w, https:\/\/www.glueckchenfueller.ch\/wp-content\/uploads\/2025\/10\/K21_haeppi_haeppier_amhaeppiesten-806x806.jpg 806w, https:\/\/www.glueckchenfueller.ch\/wp-content\/uploads\/2025\/10\/K21_haeppi_haeppier_amhaeppiesten-558x558.jpg 558w, https:\/\/www.glueckchenfueller.ch\/wp-content\/uploads\/2025\/10\/K21_haeppi_haeppier_amhaeppiesten-655x655.jpg 655w, https:\/\/www.glueckchenfueller.ch\/wp-content\/uploads\/2025\/10\/K21_haeppi_haeppier_amhaeppiesten-500x500.jpg 500w, https:\/\/www.glueckchenfueller.ch\/wp-content\/uploads\/2025\/10\/K21_haeppi_haeppier_amhaeppiesten-550x550.jpg 550w, https:\/\/www.glueckchenfueller.ch\/wp-content\/uploads\/2025\/10\/K21_haeppi_haeppier_amhaeppiesten-820x820.jpg 820w, https:\/\/www.glueckchenfueller.ch\/wp-content\/uploads\/2025\/10\/K21_haeppi_haeppier_amhaeppiesten-220x220.jpg 220w, https:\/\/www.glueckchenfueller.ch\/wp-content\/uploads\/2025\/10\/K21_haeppi_haeppier_amhaeppiesten-266x266.jpg 266w, https:\/\/www.glueckchenfueller.ch\/wp-content\/uploads\/2025\/10\/K21_haeppi_haeppier_amhaeppiesten-48x48.jpg 48w, https:\/\/www.glueckchenfueller.ch\/wp-content\/uploads\/2025\/10\/K21_haeppi_haeppier_amhaeppiesten.jpg 1819w\" sizes=\"auto, (max-width: 300px) 100vw, 300px\" \/><\/p>\n","protected":false},"excerpt":{"rendered":"<p>gemusterte Karte mit Typo | Grusskarte | Postkarte Hochwertiger Digitaldruck mit HP-Indigo Papier: Lessebo smooth White\u00a0 400 gm\u00b2<\/p>\n","protected":false},"featured_media":5724,"comment_status":"open","ping_status":"closed","template":"","meta":{"_acf_changed":false,"jetpack_post_was_ever_published":false,"jetpack_publicize_message":"","jetpack_publicize_feature_enabled":true,"jetpack_social_post_already_shared":true,"jetpack_social_options":{"image_generator_settings":{"template":"highway","default_image_id":0,"font":"","enabled":false},"version":2}},"product_brand":[],"product_cat":[63,348,265],"product_tag":[270],"class_list":{"0":"post-5755","1":"product","2":"type-product","3":"status-publish","4":"has-post-thumbnail","6":"product_cat-unkategorisiert","7":"product_cat-k-sprueche","8":"product_cat-neuheiten","9":"product_tag-postkarte","11":"first","12":"instock","13":"taxable","14":"shipping-taxable","15":"purchasable","16":"product-type-simple","18":"catalog-layout-default","19":"columns-xs-1"},"acf":[],"jetpack_publicize_connections":[],"jetpack_sharing_enabled":true,"jetpack_likes_enabled":true,"_links":{"self":[{"href":"https:\/\/www.glueckchenfueller.ch\/index.php?rest_route=\/wp\/v2\/product\/5755","targetHints":{"allow":["GET"]}}],"collection":[{"href":"https:\/\/www.glueckchenfueller.ch\/index.php?rest_route=\/wp\/v2\/product"}],"about":[{"href":"https:\/\/www.glueckchenfueller.ch\/index.php?rest_route=\/wp\/v2\/types\/product"}],"replies":[{"embeddable":true,"href":"https:\/\/www.glueckchenfueller.ch\/index.php?rest_route=%2Fwp%2Fv2%2Fcomments&post=5755"}],"wp:featuredmedia":[{"embeddable":true,"href":"https:\/\/www.glueckchenfueller.ch\/index.php?rest_route=\/wp\/v2\/media\/5724"}],"wp:attachment":[{"href":"https:\/\/www.glueckchenfueller.ch\/index.php?rest_route=%2Fwp%2Fv2%2Fmedia&parent=5755"}],"wp:term":[{"taxonomy":"product_brand","embeddable":true,"href":"https:\/\/www.glueckchenfueller.ch\/index.php?rest_route=%2Fwp%2Fv2%2Fproduct_brand&post=5755"},{"taxonomy":"product_cat","embeddable":true,"href":"https:\/\/www.glueckchenfueller.ch\/index.php?rest_route=%2Fwp%2Fv2%2Fproduct_cat&post=5755"},{"taxonomy":"product_tag","embeddable":true,"href":"https:\/\/www.glueckchenfueller.ch\/index.php?rest_route=%2Fwp%2Fv2%2Fproduct_tag&post=5755"}],"curies":[{"name":"wp","href":"https:\/\/api.w.org\/{rel}","templated":true}]}}