{"id":5458,"date":"2025-01-30T13:46:36","date_gmt":"2025-01-30T13:46:36","guid":{"rendered":"https:\/\/www.glueckchenfueller.ch\/?post_type=product&#038;p=5458"},"modified":"2025-01-30T13:46:36","modified_gmt":"2025-01-30T13:46:36","slug":"homesweethome-camping-leinwanddruck-30-x-40-cm-holzfarbig-gerahmt","status":"publish","type":"product","link":"https:\/\/www.glueckchenfueller.ch\/?product=homesweethome-camping-leinwanddruck-30-x-40-cm-holzfarbig-gerahmt","title":{"rendered":"homesweethome Camping Leinwanddruck | 30 x 40 cm | holzfarbig gerahmt"},"content":{"rendered":"<p>Das Postkartenmotiv E21_homesweethome Camping wurde auf Leinwand gedruckt und mit holzfarbigem Schattenfugen-Kunststoffrahmen gerahmt.<\/p>\n<p>30 x 40cm | quer Format. Neben der Leinwand steht der Eisen-Wechselrahmen mit Postkarte drin um das Gr\u00f6ssenverh\u00e4ltnis besser zu zeigen. Den Eisenrahmen k\u00f6nnen Sie <a href=\"https:\/\/www.glueckchenfueller.ch\/?product=glueckchen-rahmen\">hier<\/a> erwerben.<\/p>\n<p>&nbsp;<\/p>\n","protected":false},"excerpt":{"rendered":"<p>Das Postkartenmotiv E21_homesweethome Camping wurde auf Leinwand gedruckt und mit holzfarbigem Schattenfugen-Kunststoffrahmen gerahmt. 30 x 40cm | quer Format. Neben der Leinwand steht der Eisen-Wechselrahmen mit Postkarte drin um das Gr\u00f6ssenverh\u00e4ltnis besser zu zeigen. Den Eisenrahmen k\u00f6nnen Sie hier erwerben. &nbsp;<\/p>\n","protected":false},"featured_media":5459,"comment_status":"open","ping_status":"closed","template":"","meta":{"_acf_changed":false,"jetpack_post_was_ever_published":false,"jetpack_publicize_message":"","jetpack_publicize_feature_enabled":true,"jetpack_social_post_already_shared":true,"jetpack_social_options":{"image_generator_settings":{"template":"highway","default_image_id":0,"font":"","enabled":false},"version":2}},"product_brand":[],"product_cat":[345],"product_tag":[346],"class_list":{"0":"post-5458","1":"product","2":"type-product","3":"status-publish","4":"has-post-thumbnail","6":"product_cat-r-druck-auf-leinwaende","7":"product_tag-leinwanddruck","8":"product_shipping_class-waren-bis-5kg","10":"first","11":"instock","12":"taxable","13":"shipping-taxable","14":"purchasable","15":"product-type-simple","17":"catalog-layout-default","18":"columns-xs-1"},"acf":[],"jetpack_publicize_connections":[],"jetpack_sharing_enabled":true,"jetpack_likes_enabled":true,"_links":{"self":[{"href":"https:\/\/www.glueckchenfueller.ch\/index.php?rest_route=\/wp\/v2\/product\/5458","targetHints":{"allow":["GET"]}}],"collection":[{"href":"https:\/\/www.glueckchenfueller.ch\/index.php?rest_route=\/wp\/v2\/product"}],"about":[{"href":"https:\/\/www.glueckchenfueller.ch\/index.php?rest_route=\/wp\/v2\/types\/product"}],"replies":[{"embeddable":true,"href":"https:\/\/www.glueckchenfueller.ch\/index.php?rest_route=%2Fwp%2Fv2%2Fcomments&post=5458"}],"wp:featuredmedia":[{"embeddable":true,"href":"https:\/\/www.glueckchenfueller.ch\/index.php?rest_route=\/wp\/v2\/media\/5459"}],"wp:attachment":[{"href":"https:\/\/www.glueckchenfueller.ch\/index.php?rest_route=%2Fwp%2Fv2%2Fmedia&parent=5458"}],"wp:term":[{"taxonomy":"product_brand","embeddable":true,"href":"https:\/\/www.glueckchenfueller.ch\/index.php?rest_route=%2Fwp%2Fv2%2Fproduct_brand&post=5458"},{"taxonomy":"product_cat","embeddable":true,"href":"https:\/\/www.glueckchenfueller.ch\/index.php?rest_route=%2Fwp%2Fv2%2Fproduct_cat&post=5458"},{"taxonomy":"product_tag","embeddable":true,"href":"https:\/\/www.glueckchenfueller.ch\/index.php?rest_route=%2Fwp%2Fv2%2Fproduct_tag&post=5458"}],"curies":[{"name":"wp","href":"https:\/\/api.w.org\/{rel}","templated":true}]}}