{"id":5444,"date":"2025-01-30T10:44:17","date_gmt":"2025-01-30T10:44:17","guid":{"rendered":"https:\/\/www.glueckchenfueller.ch\/?post_type=product&#038;p=5444"},"modified":"2026-01-12T14:43:37","modified_gmt":"2026-01-12T14:43:37","slug":"13er-schnaeppchenset-muster-postkarten","status":"publish","type":"product","link":"https:\/\/www.glueckchenfueller.ch\/?product=13er-schnaeppchenset-muster-postkarten","title":{"rendered":"13er Schn\u00e4ppchenset Muster | Postkarten"},"content":{"rendered":"<p>13 Gl\u00fcckchenf\u00fcller Postkarten zum Preis von 10.<\/p>\n<p>&nbsp;<\/p>\n<p><img loading=\"lazy\" decoding=\"async\" class=\"alignnone size-medium wp-image-5445\" src=\"https:\/\/www.glueckchenfueller.ch\/wp-content\/uploads\/2025\/01\/13er_Set_Muster-212x300.jpg\" alt=\"\" width=\"212\" height=\"300\" srcset=\"https:\/\/www.glueckchenfueller.ch\/wp-content\/uploads\/2025\/01\/13er_Set_Muster-212x300.jpg 212w, https:\/\/www.glueckchenfueller.ch\/wp-content\/uploads\/2025\/01\/13er_Set_Muster-724x1024.jpg 724w, https:\/\/www.glueckchenfueller.ch\/wp-content\/uploads\/2025\/01\/13er_Set_Muster-768x1086.jpg 768w, https:\/\/www.glueckchenfueller.ch\/wp-content\/uploads\/2025\/01\/13er_Set_Muster-1086x1536.jpg 1086w, https:\/\/www.glueckchenfueller.ch\/wp-content\/uploads\/2025\/01\/13er_Set_Muster-1448x2048.jpg 1448w, https:\/\/www.glueckchenfueller.ch\/wp-content\/uploads\/2025\/01\/13er_Set_Muster-1612x2280.jpg 1612w, https:\/\/www.glueckchenfueller.ch\/wp-content\/uploads\/2025\/01\/13er_Set_Muster-1116x1579.jpg 1116w, https:\/\/www.glueckchenfueller.ch\/wp-content\/uploads\/2025\/01\/13er_Set_Muster-806x1140.jpg 806w, https:\/\/www.glueckchenfueller.ch\/wp-content\/uploads\/2025\/01\/13er_Set_Muster-558x789.jpg 558w, https:\/\/www.glueckchenfueller.ch\/wp-content\/uploads\/2025\/01\/13er_Set_Muster-655x927.jpg 655w, https:\/\/www.glueckchenfueller.ch\/wp-content\/uploads\/2025\/01\/13er_Set_Muster-550x778.jpg 550w, https:\/\/www.glueckchenfueller.ch\/wp-content\/uploads\/2025\/01\/13er_Set_Muster-820x1160.jpg 820w, https:\/\/www.glueckchenfueller.ch\/wp-content\/uploads\/2025\/01\/13er_Set_Muster-scaled.jpg 1810w\" sizes=\"auto, (max-width: 212px) 100vw, 212px\" \/><\/p>\n","protected":false},"excerpt":{"rendered":"<p>13 Gl\u00fcckchenf\u00fcller Postkarten zum Preis von 10. &nbsp;<\/p>\n","protected":false},"featured_media":5446,"comment_status":"open","ping_status":"closed","template":"","meta":{"_acf_changed":false,"jetpack_post_was_ever_published":false,"jetpack_publicize_message":"","jetpack_publicize_feature_enabled":true,"jetpack_social_post_already_shared":true,"jetpack_social_options":{"image_generator_settings":{"template":"highway","default_image_id":0,"font":"","enabled":false},"version":2}},"product_brand":[],"product_cat":[303],"product_tag":[324],"class_list":{"0":"post-5444","1":"product","2":"type-product","3":"status-publish","4":"has-post-thumbnail","6":"product_cat-o-schnaeppchensets","7":"product_tag-schnaeppchensets","9":"first","10":"instock","11":"sale","12":"taxable","13":"shipping-taxable","14":"purchasable","15":"product-type-simple","17":"catalog-layout-default","18":"columns-xs-1"},"acf":[],"jetpack_publicize_connections":[],"jetpack_sharing_enabled":true,"jetpack_likes_enabled":true,"_links":{"self":[{"href":"https:\/\/www.glueckchenfueller.ch\/index.php?rest_route=\/wp\/v2\/product\/5444","targetHints":{"allow":["GET"]}}],"collection":[{"href":"https:\/\/www.glueckchenfueller.ch\/index.php?rest_route=\/wp\/v2\/product"}],"about":[{"href":"https:\/\/www.glueckchenfueller.ch\/index.php?rest_route=\/wp\/v2\/types\/product"}],"replies":[{"embeddable":true,"href":"https:\/\/www.glueckchenfueller.ch\/index.php?rest_route=%2Fwp%2Fv2%2Fcomments&post=5444"}],"wp:featuredmedia":[{"embeddable":true,"href":"https:\/\/www.glueckchenfueller.ch\/index.php?rest_route=\/wp\/v2\/media\/5446"}],"wp:attachment":[{"href":"https:\/\/www.glueckchenfueller.ch\/index.php?rest_route=%2Fwp%2Fv2%2Fmedia&parent=5444"}],"wp:term":[{"taxonomy":"product_brand","embeddable":true,"href":"https:\/\/www.glueckchenfueller.ch\/index.php?rest_route=%2Fwp%2Fv2%2Fproduct_brand&post=5444"},{"taxonomy":"product_cat","embeddable":true,"href":"https:\/\/www.glueckchenfueller.ch\/index.php?rest_route=%2Fwp%2Fv2%2Fproduct_cat&post=5444"},{"taxonomy":"product_tag","embeddable":true,"href":"https:\/\/www.glueckchenfueller.ch\/index.php?rest_route=%2Fwp%2Fv2%2Fproduct_tag&post=5444"}],"curies":[{"name":"wp","href":"https:\/\/api.w.org\/{rel}","templated":true}]}}