{"id":4932,"date":"2024-02-15T22:40:07","date_gmt":"2024-02-15T22:40:07","guid":{"rendered":"https:\/\/www.glueckchenfueller.ch\/?post_type=product&#038;p=4932"},"modified":"2026-01-12T14:43:37","modified_gmt":"2026-01-12T14:43:37","slug":"13er-schnaeppchenset-typotiere-und-aquarelle-postkarten","status":"publish","type":"product","link":"https:\/\/www.glueckchenfueller.ch\/?product=13er-schnaeppchenset-typotiere-und-aquarelle-postkarten","title":{"rendered":"13er Schn\u00e4ppchenset Typotiere und Aquarelle | Postkarten"},"content":{"rendered":"<p>13 Gl\u00fcckchenf\u00fcller Postkarten zum Preis von 10<\/p>\n<p><img loading=\"lazy\" decoding=\"async\" class=\"alignnone size-medium wp-image-4930\" src=\"https:\/\/www.glueckchenfueller.ch\/wp-content\/uploads\/2024\/02\/13er_Set_Typotiere_Aquarelle_Quadrat-300x300.jpg\" alt=\"\" width=\"300\" height=\"300\" srcset=\"https:\/\/www.glueckchenfueller.ch\/wp-content\/uploads\/2024\/02\/13er_Set_Typotiere_Aquarelle_Quadrat-300x300.jpg 300w, https:\/\/www.glueckchenfueller.ch\/wp-content\/uploads\/2024\/02\/13er_Set_Typotiere_Aquarelle_Quadrat-550x550.jpg 550w, https:\/\/www.glueckchenfueller.ch\/wp-content\/uploads\/2024\/02\/13er_Set_Typotiere_Aquarelle_Quadrat-220x220.jpg 220w, https:\/\/www.glueckchenfueller.ch\/wp-content\/uploads\/2024\/02\/13er_Set_Typotiere_Aquarelle_Quadrat-820x820.jpg 820w, https:\/\/www.glueckchenfueller.ch\/wp-content\/uploads\/2024\/02\/13er_Set_Typotiere_Aquarelle_Quadrat-1024x1024.jpg 1024w, https:\/\/www.glueckchenfueller.ch\/wp-content\/uploads\/2024\/02\/13er_Set_Typotiere_Aquarelle_Quadrat-150x150.jpg 150w, https:\/\/www.glueckchenfueller.ch\/wp-content\/uploads\/2024\/02\/13er_Set_Typotiere_Aquarelle_Quadrat-768x768.jpg 768w, https:\/\/www.glueckchenfueller.ch\/wp-content\/uploads\/2024\/02\/13er_Set_Typotiere_Aquarelle_Quadrat-1536x1536.jpg 1536w, https:\/\/www.glueckchenfueller.ch\/wp-content\/uploads\/2024\/02\/13er_Set_Typotiere_Aquarelle_Quadrat-468x468.jpg 468w, https:\/\/www.glueckchenfueller.ch\/wp-content\/uploads\/2024\/02\/13er_Set_Typotiere_Aquarelle_Quadrat-1612x1612.jpg 1612w, https:\/\/www.glueckchenfueller.ch\/wp-content\/uploads\/2024\/02\/13er_Set_Typotiere_Aquarelle_Quadrat-1116x1116.jpg 1116w, https:\/\/www.glueckchenfueller.ch\/wp-content\/uploads\/2024\/02\/13er_Set_Typotiere_Aquarelle_Quadrat-806x806.jpg 806w, https:\/\/www.glueckchenfueller.ch\/wp-content\/uploads\/2024\/02\/13er_Set_Typotiere_Aquarelle_Quadrat-558x558.jpg 558w, https:\/\/www.glueckchenfueller.ch\/wp-content\/uploads\/2024\/02\/13er_Set_Typotiere_Aquarelle_Quadrat-655x655.jpg 655w, https:\/\/www.glueckchenfueller.ch\/wp-content\/uploads\/2024\/02\/13er_Set_Typotiere_Aquarelle_Quadrat-500x500.jpg 500w, https:\/\/www.glueckchenfueller.ch\/wp-content\/uploads\/2024\/02\/13er_Set_Typotiere_Aquarelle_Quadrat.jpg 1819w\" sizes=\"auto, (max-width: 300px) 100vw, 300px\" \/><\/p>\n","protected":false},"excerpt":{"rendered":"<p>13 Gl\u00fcckchenf\u00fcller Postkarten zum Preis von 10<\/p>\n","protected":false},"featured_media":4927,"comment_status":"open","ping_status":"closed","template":"","meta":{"_acf_changed":false,"jetpack_post_was_ever_published":false,"jetpack_publicize_message":"","jetpack_publicize_feature_enabled":true,"jetpack_social_post_already_shared":true,"jetpack_social_options":{"image_generator_settings":{"template":"highway","default_image_id":0,"font":"","enabled":false},"version":2}},"product_brand":[],"product_cat":[303],"product_tag":[324],"class_list":{"0":"post-4932","1":"product","2":"type-product","3":"status-publish","4":"has-post-thumbnail","6":"product_cat-o-schnaeppchensets","7":"product_tag-schnaeppchensets","9":"first","10":"instock","11":"sale","12":"taxable","13":"shipping-taxable","14":"purchasable","15":"product-type-simple","17":"catalog-layout-default","18":"columns-xs-1"},"acf":[],"jetpack_publicize_connections":[],"jetpack_sharing_enabled":true,"jetpack_likes_enabled":true,"_links":{"self":[{"href":"https:\/\/www.glueckchenfueller.ch\/index.php?rest_route=\/wp\/v2\/product\/4932","targetHints":{"allow":["GET"]}}],"collection":[{"href":"https:\/\/www.glueckchenfueller.ch\/index.php?rest_route=\/wp\/v2\/product"}],"about":[{"href":"https:\/\/www.glueckchenfueller.ch\/index.php?rest_route=\/wp\/v2\/types\/product"}],"replies":[{"embeddable":true,"href":"https:\/\/www.glueckchenfueller.ch\/index.php?rest_route=%2Fwp%2Fv2%2Fcomments&post=4932"}],"wp:featuredmedia":[{"embeddable":true,"href":"https:\/\/www.glueckchenfueller.ch\/index.php?rest_route=\/wp\/v2\/media\/4927"}],"wp:attachment":[{"href":"https:\/\/www.glueckchenfueller.ch\/index.php?rest_route=%2Fwp%2Fv2%2Fmedia&parent=4932"}],"wp:term":[{"taxonomy":"product_brand","embeddable":true,"href":"https:\/\/www.glueckchenfueller.ch\/index.php?rest_route=%2Fwp%2Fv2%2Fproduct_brand&post=4932"},{"taxonomy":"product_cat","embeddable":true,"href":"https:\/\/www.glueckchenfueller.ch\/index.php?rest_route=%2Fwp%2Fv2%2Fproduct_cat&post=4932"},{"taxonomy":"product_tag","embeddable":true,"href":"https:\/\/www.glueckchenfueller.ch\/index.php?rest_route=%2Fwp%2Fv2%2Fproduct_tag&post=4932"}],"curies":[{"name":"wp","href":"https:\/\/api.w.org\/{rel}","templated":true}]}}