{"id":478,"date":"2019-06-11T11:46:43","date_gmt":"2019-06-11T11:46:43","guid":{"rendered":"https:\/\/www.glueckchenfueller.ch\/?post_type=product&#038;p=478"},"modified":"2026-04-18T13:41:03","modified_gmt":"2026-04-18T13:41:03","slug":"d14_vw_kaefer_glueck","status":"publish","type":"product","link":"https:\/\/www.glueckchenfueller.ch\/?product=d14_vw_kaefer_glueck","title":{"rendered":"C14_Gl\u00fccksk\u00e4fer | Postkarte"},"content":{"rendered":"<p>Gestempelte Postkarte | Grusskarte | Gl\u00fcckwunschkarte<\/p>\n<p>Hochwertiger Digitaldruck mit HP-Indigo<\/p>\n<p>Papier: Indigo Rough White Offset-Preprint, extra matt und rau, hoch 350 gm\u00b2<\/p>\n","protected":false},"excerpt":{"rendered":"<p>Gestempelte Postkarte | Grusskarte | Gl\u00fcckwunschkarte Hochwertiger Digitaldruck mit HP-Indigo Papier: Indigo Rough White Offset-Preprint, extra matt und rau, hoch 350 gm\u00b2<\/p>\n","protected":false},"featured_media":696,"comment_status":"open","ping_status":"closed","template":"","meta":{"_acf_changed":false,"jetpack_post_was_ever_published":false,"jetpack_publicize_message":"","jetpack_publicize_feature_enabled":true,"jetpack_social_post_already_shared":true,"jetpack_social_options":{"image_generator_settings":{"template":"highway","default_image_id":0,"font":"","enabled":false},"version":2}},"product_brand":[],"product_cat":[63,239],"product_tag":[22,264,262,123],"class_list":{"0":"post-478","1":"product","2":"type-product","3":"status-publish","4":"has-post-thumbnail","6":"product_cat-unkategorisiert","7":"product_cat-c-fahrzeuge","8":"product_tag-glueck","9":"product_tag-postkarten","10":"product_tag-postkartenshop","11":"product_tag-vw-kaefer","13":"first","14":"instock","15":"taxable","16":"shipping-taxable","17":"purchasable","18":"product-type-simple","20":"catalog-layout-default","21":"columns-xs-1"},"acf":[],"jetpack_publicize_connections":[],"jetpack_sharing_enabled":true,"jetpack_likes_enabled":true,"_links":{"self":[{"href":"https:\/\/www.glueckchenfueller.ch\/index.php?rest_route=\/wp\/v2\/product\/478","targetHints":{"allow":["GET"]}}],"collection":[{"href":"https:\/\/www.glueckchenfueller.ch\/index.php?rest_route=\/wp\/v2\/product"}],"about":[{"href":"https:\/\/www.glueckchenfueller.ch\/index.php?rest_route=\/wp\/v2\/types\/product"}],"replies":[{"embeddable":true,"href":"https:\/\/www.glueckchenfueller.ch\/index.php?rest_route=%2Fwp%2Fv2%2Fcomments&post=478"}],"wp:featuredmedia":[{"embeddable":true,"href":"https:\/\/www.glueckchenfueller.ch\/index.php?rest_route=\/wp\/v2\/media\/696"}],"wp:attachment":[{"href":"https:\/\/www.glueckchenfueller.ch\/index.php?rest_route=%2Fwp%2Fv2%2Fmedia&parent=478"}],"wp:term":[{"taxonomy":"product_brand","embeddable":true,"href":"https:\/\/www.glueckchenfueller.ch\/index.php?rest_route=%2Fwp%2Fv2%2Fproduct_brand&post=478"},{"taxonomy":"product_cat","embeddable":true,"href":"https:\/\/www.glueckchenfueller.ch\/index.php?rest_route=%2Fwp%2Fv2%2Fproduct_cat&post=478"},{"taxonomy":"product_tag","embeddable":true,"href":"https:\/\/www.glueckchenfueller.ch\/index.php?rest_route=%2Fwp%2Fv2%2Fproduct_tag&post=478"}],"curies":[{"name":"wp","href":"https:\/\/api.w.org\/{rel}","templated":true}]}}