{"id":4429,"date":"2023-06-06T12:40:13","date_gmt":"2023-06-06T12:40:13","guid":{"rendered":"https:\/\/www.glueckchenfueller.ch\/?post_type=product&#038;p=4429"},"modified":"2023-10-01T20:05:32","modified_gmt":"2023-10-01T20:05:32","slug":"kritzel-in-hellgruen-kunstwerk-klein-reserviert","status":"publish","type":"product","link":"https:\/\/www.glueckchenfueller.ch\/?product=kritzel-in-hellgruen-kunstwerk-klein-reserviert","title":{"rendered":"Kritzel in Hellgr\u00fcn | Kunstwerk klein"},"content":{"rendered":"<p>Original Kunstwerk von Mirjam Knecht W\u00e4ger.<\/p>\n<p>Acryl und \u00d6lkreide auf Holz |10 x 10 x 5 cm | 2023 | RESERVIERT<\/p>\n<p>Kleine Vogel- und Blumenbilder finden Sie unter der Kategorie \u201cN | Kunst | Tiere und Blumen\u201d<\/p>\n<p>Sie m\u00f6chten dieses Bild gerne live vor Ort anschauen? Einige meiner Kunstwerke stehen in Turgi AG, andere befinden sich in Ausstellungen oder werden in M\u00f6belh\u00e4usern pr\u00e4sentiert. Fragen Sie gerne per Mail nach, wo dieses Bild zu besichtigen ist.<\/p>\n<p>Die grossen Kunstwerke werden nicht verschickt, nur Abholung in Turgi oder am Ausstellungsort.<\/p>\n<p>Auf\u00a0<a href=\"http:\/\/www.kopfsprung.ch\/\">http:\/\/www.kopfsprung.ch<\/a>\u00a0sehen Sie auch noch \u00e4ltere schon verkaufte Kunstwerke.<\/p>\n<p>&nbsp;<\/p>\n<p>&nbsp;<\/p>\n","protected":false},"excerpt":{"rendered":"<p>Original Kunstwerk von Mirjam Knecht W\u00e4ger. Acryl und \u00d6lkreide auf Holz |10 x 10 x 5 cm | 2023 | RESERVIERT Kleine Vogel- und Blumenbilder finden Sie unter der Kategorie \u201cN | Kunst | Tiere und Blumen\u201d Sie m\u00f6chten dieses Bild gerne live vor Ort anschauen? Einige meiner Kunstwerke stehen in Turgi AG, andere befinden&hellip;<\/p>\n","protected":false},"featured_media":4424,"comment_status":"open","ping_status":"closed","template":"","meta":{"_acf_changed":false,"jetpack_post_was_ever_published":false,"jetpack_publicize_message":"","jetpack_publicize_feature_enabled":true,"jetpack_social_post_already_shared":true,"jetpack_social_options":{"image_generator_settings":{"template":"highway","default_image_id":0,"font":"","enabled":false},"version":2}},"product_brand":[],"product_cat":[258],"product_tag":[337],"class_list":{"0":"post-4429","1":"product","2":"type-product","3":"status-publish","4":"has-post-thumbnail","6":"product_cat-m-kunst-abstrakt","7":"product_tag-kunstwerk-malerei","8":"product_shipping_class-waren-bis-5kg","10":"first","11":"instock","12":"sale","13":"taxable","14":"shipping-taxable","15":"purchasable","16":"product-type-simple","18":"catalog-layout-default","19":"columns-xs-1"},"acf":[],"jetpack_publicize_connections":[],"jetpack_sharing_enabled":true,"jetpack_likes_enabled":true,"_links":{"self":[{"href":"https:\/\/www.glueckchenfueller.ch\/index.php?rest_route=\/wp\/v2\/product\/4429","targetHints":{"allow":["GET"]}}],"collection":[{"href":"https:\/\/www.glueckchenfueller.ch\/index.php?rest_route=\/wp\/v2\/product"}],"about":[{"href":"https:\/\/www.glueckchenfueller.ch\/index.php?rest_route=\/wp\/v2\/types\/product"}],"replies":[{"embeddable":true,"href":"https:\/\/www.glueckchenfueller.ch\/index.php?rest_route=%2Fwp%2Fv2%2Fcomments&post=4429"}],"wp:featuredmedia":[{"embeddable":true,"href":"https:\/\/www.glueckchenfueller.ch\/index.php?rest_route=\/wp\/v2\/media\/4424"}],"wp:attachment":[{"href":"https:\/\/www.glueckchenfueller.ch\/index.php?rest_route=%2Fwp%2Fv2%2Fmedia&parent=4429"}],"wp:term":[{"taxonomy":"product_brand","embeddable":true,"href":"https:\/\/www.glueckchenfueller.ch\/index.php?rest_route=%2Fwp%2Fv2%2Fproduct_brand&post=4429"},{"taxonomy":"product_cat","embeddable":true,"href":"https:\/\/www.glueckchenfueller.ch\/index.php?rest_route=%2Fwp%2Fv2%2Fproduct_cat&post=4429"},{"taxonomy":"product_tag","embeddable":true,"href":"https:\/\/www.glueckchenfueller.ch\/index.php?rest_route=%2Fwp%2Fv2%2Fproduct_tag&post=4429"}],"curies":[{"name":"wp","href":"https:\/\/api.w.org\/{rel}","templated":true}]}}