{"id":4419,"date":"2023-06-06T12:17:41","date_gmt":"2023-06-06T12:17:41","guid":{"rendered":"https:\/\/www.glueckchenfueller.ch\/?post_type=product&#038;p=4419"},"modified":"2025-03-24T15:29:52","modified_gmt":"2025-03-24T15:29:52","slug":"kritzel-in-olive-kunstwerk-klein-reserviert","status":"publish","type":"product","link":"https:\/\/www.glueckchenfueller.ch\/?product=kritzel-in-olive-kunstwerk-klein-reserviert","title":{"rendered":"Kritzel in Olive | Kunstwerk klein"},"content":{"rendered":"<p>Original Kunstwerk von Mirjam Knecht W\u00e4ger.<\/p>\n<p>Acryl\/Tusche und \u00d6lkreide auf Holz |15 x 15 x 4 cm | 2023 | RESERVIERT<\/p>\n<p>Kleine Vogel- und Blumenbilder finden Sie unter der Kategorie \u201cN | Kunst | Tiere und Blumen\u201d<\/p>\n<p>Sie m\u00f6chten dieses Bild gerne live vor Ort anschauen? Einige meiner Kunstwerke stehen in Turgi AG, andere befinden sich in Ausstellungen oder werden in M\u00f6belh\u00e4usern pr\u00e4sentiert. Fragen Sie gerne per Mail nach, wo dieses Bild zu besichtigen ist.<\/p>\n<p>Die grossen Kunstwerke werden nicht verschickt, nur Abholung in Turgi oder am Ausstellungsort.<\/p>\n<p>Auf\u00a0<a href=\"http:\/\/www.kopfsprung.ch\/\">http:\/\/www.kopfsprung.ch<\/a>\u00a0sehen Sie auch noch \u00e4ltere schon verkaufte Kunstwerke.<\/p>\n<p><img loading=\"lazy\" decoding=\"async\" class=\"alignnone size-medium wp-image-4421\" src=\"https:\/\/www.glueckchenfueller.ch\/wp-content\/uploads\/2023\/06\/drei-Kritzelbilder-300x300.jpg\" alt=\"\" width=\"300\" height=\"300\" srcset=\"https:\/\/www.glueckchenfueller.ch\/wp-content\/uploads\/2023\/06\/drei-Kritzelbilder-300x300.jpg 300w, https:\/\/www.glueckchenfueller.ch\/wp-content\/uploads\/2023\/06\/drei-Kritzelbilder-scaled-550x550.jpg 550w, https:\/\/www.glueckchenfueller.ch\/wp-content\/uploads\/2023\/06\/drei-Kritzelbilder-scaled-220x220.jpg 220w, https:\/\/www.glueckchenfueller.ch\/wp-content\/uploads\/2023\/06\/drei-Kritzelbilder-scaled-820x820.jpg 820w, https:\/\/www.glueckchenfueller.ch\/wp-content\/uploads\/2023\/06\/drei-Kritzelbilder-1024x1024.jpg 1024w, https:\/\/www.glueckchenfueller.ch\/wp-content\/uploads\/2023\/06\/drei-Kritzelbilder-150x150.jpg 150w, https:\/\/www.glueckchenfueller.ch\/wp-content\/uploads\/2023\/06\/drei-Kritzelbilder-768x768.jpg 768w, https:\/\/www.glueckchenfueller.ch\/wp-content\/uploads\/2023\/06\/drei-Kritzelbilder-1536x1536.jpg 1536w, https:\/\/www.glueckchenfueller.ch\/wp-content\/uploads\/2023\/06\/drei-Kritzelbilder-2048x2048.jpg 2048w, https:\/\/www.glueckchenfueller.ch\/wp-content\/uploads\/2023\/06\/drei-Kritzelbilder-468x468.jpg 468w, https:\/\/www.glueckchenfueller.ch\/wp-content\/uploads\/2023\/06\/drei-Kritzelbilder-1612x1612.jpg 1612w, https:\/\/www.glueckchenfueller.ch\/wp-content\/uploads\/2023\/06\/drei-Kritzelbilder-1116x1116.jpg 1116w, https:\/\/www.glueckchenfueller.ch\/wp-content\/uploads\/2023\/06\/drei-Kritzelbilder-806x806.jpg 806w, https:\/\/www.glueckchenfueller.ch\/wp-content\/uploads\/2023\/06\/drei-Kritzelbilder-558x558.jpg 558w, https:\/\/www.glueckchenfueller.ch\/wp-content\/uploads\/2023\/06\/drei-Kritzelbilder-655x655.jpg 655w, https:\/\/www.glueckchenfueller.ch\/wp-content\/uploads\/2023\/06\/drei-Kritzelbilder-500x500.jpg 500w\" sizes=\"auto, (max-width: 300px) 100vw, 300px\" \/> <img loading=\"lazy\" decoding=\"async\" class=\"alignnone size-medium wp-image-4422\" src=\"https:\/\/www.glueckchenfueller.ch\/wp-content\/uploads\/2023\/06\/drei-Kunstkuben_Oben-300x225.jpg\" alt=\"\" width=\"300\" height=\"225\" srcset=\"https:\/\/www.glueckchenfueller.ch\/wp-content\/uploads\/2023\/06\/drei-Kunstkuben_Oben-300x225.jpg 300w, https:\/\/www.glueckchenfueller.ch\/wp-content\/uploads\/2023\/06\/drei-Kunstkuben_Oben-scaled-550x413.jpg 550w, https:\/\/www.glueckchenfueller.ch\/wp-content\/uploads\/2023\/06\/drei-Kunstkuben_Oben-scaled-820x615.jpg 820w, https:\/\/www.glueckchenfueller.ch\/wp-content\/uploads\/2023\/06\/drei-Kunstkuben_Oben-1024x768.jpg 1024w, https:\/\/www.glueckchenfueller.ch\/wp-content\/uploads\/2023\/06\/drei-Kunstkuben_Oben-768x576.jpg 768w, https:\/\/www.glueckchenfueller.ch\/wp-content\/uploads\/2023\/06\/drei-Kunstkuben_Oben-1536x1152.jpg 1536w, https:\/\/www.glueckchenfueller.ch\/wp-content\/uploads\/2023\/06\/drei-Kunstkuben_Oben-2048x1536.jpg 2048w, https:\/\/www.glueckchenfueller.ch\/wp-content\/uploads\/2023\/06\/drei-Kunstkuben_Oben-1612x1209.jpg 1612w, https:\/\/www.glueckchenfueller.ch\/wp-content\/uploads\/2023\/06\/drei-Kunstkuben_Oben-1116x837.jpg 1116w, https:\/\/www.glueckchenfueller.ch\/wp-content\/uploads\/2023\/06\/drei-Kunstkuben_Oben-806x605.jpg 806w, https:\/\/www.glueckchenfueller.ch\/wp-content\/uploads\/2023\/06\/drei-Kunstkuben_Oben-558x419.jpg 558w, https:\/\/www.glueckchenfueller.ch\/wp-content\/uploads\/2023\/06\/drei-Kunstkuben_Oben-655x491.jpg 655w\" sizes=\"auto, (max-width: 300px) 100vw, 300px\" \/> <img loading=\"lazy\" decoding=\"async\" class=\"alignnone size-medium wp-image-4414\" src=\"https:\/\/www.glueckchenfueller.ch\/wp-content\/uploads\/2023\/06\/Spuren-in-OliveWeiss-mit-Kunstkuben-300x300.jpg\" alt=\"\" width=\"300\" height=\"300\" srcset=\"https:\/\/www.glueckchenfueller.ch\/wp-content\/uploads\/2023\/06\/Spuren-in-OliveWeiss-mit-Kunstkuben-300x300.jpg 300w, https:\/\/www.glueckchenfueller.ch\/wp-content\/uploads\/2023\/06\/Spuren-in-OliveWeiss-mit-Kunstkuben-550x550.jpg 550w, https:\/\/www.glueckchenfueller.ch\/wp-content\/uploads\/2023\/06\/Spuren-in-OliveWeiss-mit-Kunstkuben-220x220.jpg 220w, https:\/\/www.glueckchenfueller.ch\/wp-content\/uploads\/2023\/06\/Spuren-in-OliveWeiss-mit-Kunstkuben-820x820.jpg 820w, https:\/\/www.glueckchenfueller.ch\/wp-content\/uploads\/2023\/06\/Spuren-in-OliveWeiss-mit-Kunstkuben-1024x1024.jpg 1024w, https:\/\/www.glueckchenfueller.ch\/wp-content\/uploads\/2023\/06\/Spuren-in-OliveWeiss-mit-Kunstkuben-150x150.jpg 150w, https:\/\/www.glueckchenfueller.ch\/wp-content\/uploads\/2023\/06\/Spuren-in-OliveWeiss-mit-Kunstkuben-768x768.jpg 768w, https:\/\/www.glueckchenfueller.ch\/wp-content\/uploads\/2023\/06\/Spuren-in-OliveWeiss-mit-Kunstkuben-1536x1536.jpg 1536w, https:\/\/www.glueckchenfueller.ch\/wp-content\/uploads\/2023\/06\/Spuren-in-OliveWeiss-mit-Kunstkuben-468x468.jpg 468w, https:\/\/www.glueckchenfueller.ch\/wp-content\/uploads\/2023\/06\/Spuren-in-OliveWeiss-mit-Kunstkuben-1116x1116.jpg 1116w, https:\/\/www.glueckchenfueller.ch\/wp-content\/uploads\/2023\/06\/Spuren-in-OliveWeiss-mit-Kunstkuben-806x806.jpg 806w, https:\/\/www.glueckchenfueller.ch\/wp-content\/uploads\/2023\/06\/Spuren-in-OliveWeiss-mit-Kunstkuben-558x558.jpg 558w, https:\/\/www.glueckchenfueller.ch\/wp-content\/uploads\/2023\/06\/Spuren-in-OliveWeiss-mit-Kunstkuben-655x655.jpg 655w, https:\/\/www.glueckchenfueller.ch\/wp-content\/uploads\/2023\/06\/Spuren-in-OliveWeiss-mit-Kunstkuben-500x500.jpg 500w, https:\/\/www.glueckchenfueller.ch\/wp-content\/uploads\/2023\/06\/Spuren-in-OliveWeiss-mit-Kunstkuben.jpg 1600w\" sizes=\"auto, (max-width: 300px) 100vw, 300px\" \/><\/p>\n","protected":false},"excerpt":{"rendered":"<p>Original Kunstwerk von Mirjam Knecht W\u00e4ger. Acryl\/Tusche und \u00d6lkreide auf Holz |15 x 15 x 4 cm | 2023 | RESERVIERT Kleine Vogel- und Blumenbilder finden Sie unter der Kategorie \u201cN | Kunst | Tiere und Blumen\u201d Sie m\u00f6chten dieses Bild gerne live vor Ort anschauen? Einige meiner Kunstwerke stehen in Turgi AG, andere befinden&hellip;<\/p>\n","protected":false},"featured_media":4420,"comment_status":"open","ping_status":"closed","template":"","meta":{"_acf_changed":false,"jetpack_post_was_ever_published":false,"jetpack_publicize_message":"","jetpack_publicize_feature_enabled":true,"jetpack_social_post_already_shared":true,"jetpack_social_options":{"image_generator_settings":{"template":"highway","default_image_id":0,"font":"","enabled":false},"version":2}},"product_brand":[],"product_cat":[258],"product_tag":[211,337],"class_list":{"0":"post-4419","1":"product","2":"type-product","3":"status-publish","4":"has-post-thumbnail","6":"product_cat-m-kunst-abstrakt","7":"product_tag-kunst","8":"product_tag-kunstwerk-malerei","9":"product_shipping_class-waren-bis-5kg","11":"first","12":"outofstock","13":"sale","14":"taxable","15":"shipping-taxable","16":"purchasable","17":"product-type-simple","19":"catalog-layout-default","20":"columns-xs-1"},"acf":[],"jetpack_publicize_connections":[],"jetpack_sharing_enabled":true,"jetpack_likes_enabled":true,"_links":{"self":[{"href":"https:\/\/www.glueckchenfueller.ch\/index.php?rest_route=\/wp\/v2\/product\/4419","targetHints":{"allow":["GET"]}}],"collection":[{"href":"https:\/\/www.glueckchenfueller.ch\/index.php?rest_route=\/wp\/v2\/product"}],"about":[{"href":"https:\/\/www.glueckchenfueller.ch\/index.php?rest_route=\/wp\/v2\/types\/product"}],"replies":[{"embeddable":true,"href":"https:\/\/www.glueckchenfueller.ch\/index.php?rest_route=%2Fwp%2Fv2%2Fcomments&post=4419"}],"wp:featuredmedia":[{"embeddable":true,"href":"https:\/\/www.glueckchenfueller.ch\/index.php?rest_route=\/wp\/v2\/media\/4420"}],"wp:attachment":[{"href":"https:\/\/www.glueckchenfueller.ch\/index.php?rest_route=%2Fwp%2Fv2%2Fmedia&parent=4419"}],"wp:term":[{"taxonomy":"product_brand","embeddable":true,"href":"https:\/\/www.glueckchenfueller.ch\/index.php?rest_route=%2Fwp%2Fv2%2Fproduct_brand&post=4419"},{"taxonomy":"product_cat","embeddable":true,"href":"https:\/\/www.glueckchenfueller.ch\/index.php?rest_route=%2Fwp%2Fv2%2Fproduct_cat&post=4419"},{"taxonomy":"product_tag","embeddable":true,"href":"https:\/\/www.glueckchenfueller.ch\/index.php?rest_route=%2Fwp%2Fv2%2Fproduct_tag&post=4419"}],"curies":[{"name":"wp","href":"https:\/\/api.w.org\/{rel}","templated":true}]}}