{"id":4399,"date":"2023-06-06T08:00:30","date_gmt":"2023-06-06T08:00:30","guid":{"rendered":"https:\/\/www.glueckchenfueller.ch\/?post_type=product&#038;p=4399"},"modified":"2024-08-25T19:53:50","modified_gmt":"2024-08-25T19:53:50","slug":"kunstwerk-acryl-auf-fotografie-rosengimpel","status":"publish","type":"product","link":"https:\/\/www.glueckchenfueller.ch\/?product=kunstwerk-acryl-auf-fotografie-rosengimpel","title":{"rendered":"Kunstwerk | Acryl auf Fotografie | Rosengimpel"},"content":{"rendered":"<p>ROSENGIMPEL | Original Kunstwerk von Mirjam Knecht W\u00e4ger.<\/p>\n<p>Acrylfarbe auf Fotografie (auf Aludibond) auf Holzkubus |20 x 30 x 5 cm | 2023<\/p>\n<p>Die dazu passenden Kunstwerke finden Sie auch unter der Kategorie \u201cM|Kunst|Abstrakt\u201d.<\/p>\n<p>Sie m\u00f6chten dieses Bild gerne live vor Ort anschauen? Einige meiner Malereien stehen in Turgi AG, andere befinden sich in Ausstellungen oder werden in M\u00f6belh\u00e4usern pr\u00e4sentiert. Fragen Sie gerne per Mail nach, wo dieses Bild zu besichtigen ist.<\/p>\n<p>Die grossen Kunstwerke werden nicht verschickt, nur Abholung in Turgi oder am Ausstellungsort.<\/p>\n<p>Auf\u00a0<a class=\"\" href=\"http:\/\/www.kopfsprung.ch\/\">http:\/\/www.kopfsprung.ch<\/a>\u00a0sehen Sie auch noch \u00e4ltere schon verkaufte Arbeiten.<\/p>\n<p><img loading=\"lazy\" decoding=\"async\" class=\"alignnone size-medium wp-image-4401\" src=\"https:\/\/www.glueckchenfueller.ch\/wp-content\/uploads\/2023\/06\/Rosengimpel-und-Kritzel-in-Gruen-300x300.jpg\" alt=\"\" width=\"300\" height=\"300\" srcset=\"https:\/\/www.glueckchenfueller.ch\/wp-content\/uploads\/2023\/06\/Rosengimpel-und-Kritzel-in-Gruen-300x300.jpg 300w, https:\/\/www.glueckchenfueller.ch\/wp-content\/uploads\/2023\/06\/Rosengimpel-und-Kritzel-in-Gruen-550x550.jpg 550w, https:\/\/www.glueckchenfueller.ch\/wp-content\/uploads\/2023\/06\/Rosengimpel-und-Kritzel-in-Gruen-220x220.jpg 220w, https:\/\/www.glueckchenfueller.ch\/wp-content\/uploads\/2023\/06\/Rosengimpel-und-Kritzel-in-Gruen-820x820.jpg 820w, https:\/\/www.glueckchenfueller.ch\/wp-content\/uploads\/2023\/06\/Rosengimpel-und-Kritzel-in-Gruen-1024x1024.jpg 1024w, https:\/\/www.glueckchenfueller.ch\/wp-content\/uploads\/2023\/06\/Rosengimpel-und-Kritzel-in-Gruen-150x150.jpg 150w, https:\/\/www.glueckchenfueller.ch\/wp-content\/uploads\/2023\/06\/Rosengimpel-und-Kritzel-in-Gruen-768x768.jpg 768w, https:\/\/www.glueckchenfueller.ch\/wp-content\/uploads\/2023\/06\/Rosengimpel-und-Kritzel-in-Gruen-1536x1536.jpg 1536w, https:\/\/www.glueckchenfueller.ch\/wp-content\/uploads\/2023\/06\/Rosengimpel-und-Kritzel-in-Gruen-468x468.jpg 468w, https:\/\/www.glueckchenfueller.ch\/wp-content\/uploads\/2023\/06\/Rosengimpel-und-Kritzel-in-Gruen-1116x1116.jpg 1116w, https:\/\/www.glueckchenfueller.ch\/wp-content\/uploads\/2023\/06\/Rosengimpel-und-Kritzel-in-Gruen-806x806.jpg 806w, https:\/\/www.glueckchenfueller.ch\/wp-content\/uploads\/2023\/06\/Rosengimpel-und-Kritzel-in-Gruen-558x558.jpg 558w, https:\/\/www.glueckchenfueller.ch\/wp-content\/uploads\/2023\/06\/Rosengimpel-und-Kritzel-in-Gruen-655x655.jpg 655w, https:\/\/www.glueckchenfueller.ch\/wp-content\/uploads\/2023\/06\/Rosengimpel-und-Kritzel-in-Gruen-500x500.jpg 500w, https:\/\/www.glueckchenfueller.ch\/wp-content\/uploads\/2023\/06\/Rosengimpel-und-Kritzel-in-Gruen.jpg 1600w\" sizes=\"auto, (max-width: 300px) 100vw, 300px\" \/> <img loading=\"lazy\" decoding=\"async\" class=\"alignnone size-medium wp-image-4402\" src=\"https:\/\/www.glueckchenfueller.ch\/wp-content\/uploads\/2023\/06\/Rosengimpel-und-zwei-Kunstkuben-300x300.jpg\" alt=\"\" width=\"300\" height=\"300\" srcset=\"https:\/\/www.glueckchenfueller.ch\/wp-content\/uploads\/2023\/06\/Rosengimpel-und-zwei-Kunstkuben-300x300.jpg 300w, https:\/\/www.glueckchenfueller.ch\/wp-content\/uploads\/2023\/06\/Rosengimpel-und-zwei-Kunstkuben-550x550.jpg 550w, https:\/\/www.glueckchenfueller.ch\/wp-content\/uploads\/2023\/06\/Rosengimpel-und-zwei-Kunstkuben-220x220.jpg 220w, https:\/\/www.glueckchenfueller.ch\/wp-content\/uploads\/2023\/06\/Rosengimpel-und-zwei-Kunstkuben-820x820.jpg 820w, https:\/\/www.glueckchenfueller.ch\/wp-content\/uploads\/2023\/06\/Rosengimpel-und-zwei-Kunstkuben-1024x1024.jpg 1024w, https:\/\/www.glueckchenfueller.ch\/wp-content\/uploads\/2023\/06\/Rosengimpel-und-zwei-Kunstkuben-150x150.jpg 150w, https:\/\/www.glueckchenfueller.ch\/wp-content\/uploads\/2023\/06\/Rosengimpel-und-zwei-Kunstkuben-768x768.jpg 768w, https:\/\/www.glueckchenfueller.ch\/wp-content\/uploads\/2023\/06\/Rosengimpel-und-zwei-Kunstkuben-1536x1536.jpg 1536w, https:\/\/www.glueckchenfueller.ch\/wp-content\/uploads\/2023\/06\/Rosengimpel-und-zwei-Kunstkuben-468x468.jpg 468w, https:\/\/www.glueckchenfueller.ch\/wp-content\/uploads\/2023\/06\/Rosengimpel-und-zwei-Kunstkuben-1116x1116.jpg 1116w, https:\/\/www.glueckchenfueller.ch\/wp-content\/uploads\/2023\/06\/Rosengimpel-und-zwei-Kunstkuben-806x806.jpg 806w, https:\/\/www.glueckchenfueller.ch\/wp-content\/uploads\/2023\/06\/Rosengimpel-und-zwei-Kunstkuben-558x558.jpg 558w, https:\/\/www.glueckchenfueller.ch\/wp-content\/uploads\/2023\/06\/Rosengimpel-und-zwei-Kunstkuben-655x655.jpg 655w, https:\/\/www.glueckchenfueller.ch\/wp-content\/uploads\/2023\/06\/Rosengimpel-und-zwei-Kunstkuben-500x500.jpg 500w, https:\/\/www.glueckchenfueller.ch\/wp-content\/uploads\/2023\/06\/Rosengimpel-und-zwei-Kunstkuben.jpg 1600w\" sizes=\"auto, (max-width: 300px) 100vw, 300px\" \/> <img loading=\"lazy\" decoding=\"async\" class=\"alignnone size-medium wp-image-4403\" src=\"https:\/\/www.glueckchenfueller.ch\/wp-content\/uploads\/2023\/06\/Rosengimpel_Detail-300x300.jpg\" alt=\"\" width=\"300\" height=\"300\" srcset=\"https:\/\/www.glueckchenfueller.ch\/wp-content\/uploads\/2023\/06\/Rosengimpel_Detail-300x300.jpg 300w, https:\/\/www.glueckchenfueller.ch\/wp-content\/uploads\/2023\/06\/Rosengimpel_Detail-550x550.jpg 550w, https:\/\/www.glueckchenfueller.ch\/wp-content\/uploads\/2023\/06\/Rosengimpel_Detail-220x220.jpg 220w, https:\/\/www.glueckchenfueller.ch\/wp-content\/uploads\/2023\/06\/Rosengimpel_Detail-820x820.jpg 820w, https:\/\/www.glueckchenfueller.ch\/wp-content\/uploads\/2023\/06\/Rosengimpel_Detail-1024x1024.jpg 1024w, https:\/\/www.glueckchenfueller.ch\/wp-content\/uploads\/2023\/06\/Rosengimpel_Detail-150x150.jpg 150w, https:\/\/www.glueckchenfueller.ch\/wp-content\/uploads\/2023\/06\/Rosengimpel_Detail-768x768.jpg 768w, https:\/\/www.glueckchenfueller.ch\/wp-content\/uploads\/2023\/06\/Rosengimpel_Detail-1536x1536.jpg 1536w, https:\/\/www.glueckchenfueller.ch\/wp-content\/uploads\/2023\/06\/Rosengimpel_Detail-468x468.jpg 468w, https:\/\/www.glueckchenfueller.ch\/wp-content\/uploads\/2023\/06\/Rosengimpel_Detail-1116x1116.jpg 1116w, https:\/\/www.glueckchenfueller.ch\/wp-content\/uploads\/2023\/06\/Rosengimpel_Detail-806x806.jpg 806w, https:\/\/www.glueckchenfueller.ch\/wp-content\/uploads\/2023\/06\/Rosengimpel_Detail-558x558.jpg 558w, https:\/\/www.glueckchenfueller.ch\/wp-content\/uploads\/2023\/06\/Rosengimpel_Detail-655x655.jpg 655w, https:\/\/www.glueckchenfueller.ch\/wp-content\/uploads\/2023\/06\/Rosengimpel_Detail-500x500.jpg 500w, https:\/\/www.glueckchenfueller.ch\/wp-content\/uploads\/2023\/06\/Rosengimpel_Detail.jpg 1600w\" sizes=\"auto, (max-width: 300px) 100vw, 300px\" \/><\/p>\n","protected":false},"excerpt":{"rendered":"<p>ROSENGIMPEL | Original Kunstwerk von Mirjam Knecht W\u00e4ger. Acrylfarbe auf Fotografie (auf Aludibond) auf Holzkubus |20 x 30 x 5 cm | 2023 Die dazu passenden Kunstwerke finden Sie auch unter der Kategorie \u201cM|Kunst|Abstrakt\u201d. Sie m\u00f6chten dieses Bild gerne live vor Ort anschauen? Einige meiner Malereien stehen in Turgi AG, andere befinden sich in Ausstellungen&hellip;<\/p>\n","protected":false},"featured_media":4400,"comment_status":"open","ping_status":"closed","template":"","meta":{"_acf_changed":false,"jetpack_post_was_ever_published":false,"jetpack_publicize_message":"","jetpack_publicize_feature_enabled":true,"jetpack_social_post_already_shared":true,"jetpack_social_options":{"image_generator_settings":{"template":"highway","default_image_id":0,"font":"","enabled":false},"version":2}},"product_brand":[],"product_cat":[332],"product_tag":[211,231],"class_list":{"0":"post-4399","1":"product","2":"type-product","3":"status-publish","4":"has-post-thumbnail","6":"product_cat-n-kunst-tiere-und-blumen","7":"product_tag-kunst","8":"product_tag-malerei","9":"product_shipping_class-waren-bis-5kg","11":"first","12":"outofstock","13":"taxable","14":"shipping-taxable","15":"purchasable","16":"product-type-simple","18":"catalog-layout-default","19":"columns-xs-1"},"acf":[],"jetpack_publicize_connections":[],"jetpack_sharing_enabled":true,"jetpack_likes_enabled":true,"_links":{"self":[{"href":"https:\/\/www.glueckchenfueller.ch\/index.php?rest_route=\/wp\/v2\/product\/4399","targetHints":{"allow":["GET"]}}],"collection":[{"href":"https:\/\/www.glueckchenfueller.ch\/index.php?rest_route=\/wp\/v2\/product"}],"about":[{"href":"https:\/\/www.glueckchenfueller.ch\/index.php?rest_route=\/wp\/v2\/types\/product"}],"replies":[{"embeddable":true,"href":"https:\/\/www.glueckchenfueller.ch\/index.php?rest_route=%2Fwp%2Fv2%2Fcomments&post=4399"}],"wp:featuredmedia":[{"embeddable":true,"href":"https:\/\/www.glueckchenfueller.ch\/index.php?rest_route=\/wp\/v2\/media\/4400"}],"wp:attachment":[{"href":"https:\/\/www.glueckchenfueller.ch\/index.php?rest_route=%2Fwp%2Fv2%2Fmedia&parent=4399"}],"wp:term":[{"taxonomy":"product_brand","embeddable":true,"href":"https:\/\/www.glueckchenfueller.ch\/index.php?rest_route=%2Fwp%2Fv2%2Fproduct_brand&post=4399"},{"taxonomy":"product_cat","embeddable":true,"href":"https:\/\/www.glueckchenfueller.ch\/index.php?rest_route=%2Fwp%2Fv2%2Fproduct_cat&post=4399"},{"taxonomy":"product_tag","embeddable":true,"href":"https:\/\/www.glueckchenfueller.ch\/index.php?rest_route=%2Fwp%2Fv2%2Fproduct_tag&post=4399"}],"curies":[{"name":"wp","href":"https:\/\/api.w.org\/{rel}","templated":true}]}}