{"id":4355,"date":"2023-06-02T18:53:29","date_gmt":"2023-06-02T18:53:29","guid":{"rendered":"https:\/\/www.glueckchenfueller.ch\/?post_type=product&#038;p=4355"},"modified":"2025-05-16T09:41:47","modified_gmt":"2025-05-16T09:41:47","slug":"spuren-in-gruen-und-pink-kunstwerk-gross","status":"publish","type":"product","link":"https:\/\/www.glueckchenfueller.ch\/?product=spuren-in-gruen-und-pink-kunstwerk-gross","title":{"rendered":"Spuren in Gr\u00fcnPink | Kunstwerk gross"},"content":{"rendered":"<p>Original Kunstwerk von Mirjam Knecht W\u00e4ger.<\/p>\n<p>Acryl und \u00d6lkreide auf Leinwand | 120 x 90 cm | 2023<\/p>\n<p>Passende kleine Vogel- und Blumenbilder finden Sie unter der Kategorie &#8222;N | Kunst | Tiere und Blumen&#8220;<\/p>\n<p>Sie m\u00f6chten dieses Bild gerne live vor Ort anschauen? Einige meiner Kunstwerke stehen in Turgi AG, andere befinden sich in Ausstellungen oder werden in M\u00f6belh\u00e4usern pr\u00e4sentiert. Fragen Sie gerne per Mail nach, wo dieses Bild zu besichtigen ist.<\/p>\n<p>Die grossen Kunstwerke werden nicht verschickt, nur Abholung in Turgi oder am Ausstellungsort.<\/p>\n<p>Auf\u00a0<a href=\"http:\/\/www.kopfsprung.ch\">http:\/\/www.kopfsprung.ch<\/a> sehen Sie auch noch \u00e4ltere schon verkaufte Kunstwerke.<\/p>\n<p>&nbsp;<\/p>\n<p><img loading=\"lazy\" decoding=\"async\" class=\"alignnone size-medium wp-image-4519\" src=\"https:\/\/www.glueckchenfueller.ch\/wp-content\/uploads\/2023\/06\/097350DB-FFA4-41EC-A7D2-047EFDC0B111-227x300.jpeg\" alt=\"\" width=\"227\" height=\"300\" srcset=\"https:\/\/www.glueckchenfueller.ch\/wp-content\/uploads\/2023\/06\/097350DB-FFA4-41EC-A7D2-047EFDC0B111-227x300.jpeg 227w, https:\/\/www.glueckchenfueller.ch\/wp-content\/uploads\/2023\/06\/097350DB-FFA4-41EC-A7D2-047EFDC0B111-scaled-550x727.jpeg 550w, https:\/\/www.glueckchenfueller.ch\/wp-content\/uploads\/2023\/06\/097350DB-FFA4-41EC-A7D2-047EFDC0B111-scaled-820x1084.jpeg 820w, https:\/\/www.glueckchenfueller.ch\/wp-content\/uploads\/2023\/06\/097350DB-FFA4-41EC-A7D2-047EFDC0B111-774x1024.jpeg 774w, https:\/\/www.glueckchenfueller.ch\/wp-content\/uploads\/2023\/06\/097350DB-FFA4-41EC-A7D2-047EFDC0B111-768x1015.jpeg 768w, https:\/\/www.glueckchenfueller.ch\/wp-content\/uploads\/2023\/06\/097350DB-FFA4-41EC-A7D2-047EFDC0B111-1162x1536.jpeg 1162w, https:\/\/www.glueckchenfueller.ch\/wp-content\/uploads\/2023\/06\/097350DB-FFA4-41EC-A7D2-047EFDC0B111-1549x2048.jpeg 1549w, https:\/\/www.glueckchenfueller.ch\/wp-content\/uploads\/2023\/06\/097350DB-FFA4-41EC-A7D2-047EFDC0B111-1612x2131.jpeg 1612w, https:\/\/www.glueckchenfueller.ch\/wp-content\/uploads\/2023\/06\/097350DB-FFA4-41EC-A7D2-047EFDC0B111-1116x1476.jpeg 1116w, https:\/\/www.glueckchenfueller.ch\/wp-content\/uploads\/2023\/06\/097350DB-FFA4-41EC-A7D2-047EFDC0B111-806x1066.jpeg 806w, https:\/\/www.glueckchenfueller.ch\/wp-content\/uploads\/2023\/06\/097350DB-FFA4-41EC-A7D2-047EFDC0B111-558x738.jpeg 558w, https:\/\/www.glueckchenfueller.ch\/wp-content\/uploads\/2023\/06\/097350DB-FFA4-41EC-A7D2-047EFDC0B111-655x866.jpeg 655w, https:\/\/www.glueckchenfueller.ch\/wp-content\/uploads\/2023\/06\/097350DB-FFA4-41EC-A7D2-047EFDC0B111-scaled.jpeg 1936w\" sizes=\"auto, (max-width: 227px) 100vw, 227px\" \/><img loading=\"lazy\" decoding=\"async\" class=\"alignnone size-medium wp-image-4520\" src=\"https:\/\/www.glueckchenfueller.ch\/wp-content\/uploads\/2023\/06\/8AD00F07-9FF1-44C7-89A9-15AD0A2A2B2C-225x300.jpeg\" alt=\"\" width=\"225\" height=\"300\" srcset=\"https:\/\/www.glueckchenfueller.ch\/wp-content\/uploads\/2023\/06\/8AD00F07-9FF1-44C7-89A9-15AD0A2A2B2C-225x300.jpeg 225w, https:\/\/www.glueckchenfueller.ch\/wp-content\/uploads\/2023\/06\/8AD00F07-9FF1-44C7-89A9-15AD0A2A2B2C-scaled-550x733.jpeg 550w, https:\/\/www.glueckchenfueller.ch\/wp-content\/uploads\/2023\/06\/8AD00F07-9FF1-44C7-89A9-15AD0A2A2B2C-scaled-820x1093.jpeg 820w, https:\/\/www.glueckchenfueller.ch\/wp-content\/uploads\/2023\/06\/8AD00F07-9FF1-44C7-89A9-15AD0A2A2B2C-768x1024.jpeg 768w, https:\/\/www.glueckchenfueller.ch\/wp-content\/uploads\/2023\/06\/8AD00F07-9FF1-44C7-89A9-15AD0A2A2B2C-1152x1536.jpeg 1152w, https:\/\/www.glueckchenfueller.ch\/wp-content\/uploads\/2023\/06\/8AD00F07-9FF1-44C7-89A9-15AD0A2A2B2C-1536x2048.jpeg 1536w, https:\/\/www.glueckchenfueller.ch\/wp-content\/uploads\/2023\/06\/8AD00F07-9FF1-44C7-89A9-15AD0A2A2B2C-1612x2149.jpeg 1612w, https:\/\/www.glueckchenfueller.ch\/wp-content\/uploads\/2023\/06\/8AD00F07-9FF1-44C7-89A9-15AD0A2A2B2C-1116x1488.jpeg 1116w, https:\/\/www.glueckchenfueller.ch\/wp-content\/uploads\/2023\/06\/8AD00F07-9FF1-44C7-89A9-15AD0A2A2B2C-806x1075.jpeg 806w, https:\/\/www.glueckchenfueller.ch\/wp-content\/uploads\/2023\/06\/8AD00F07-9FF1-44C7-89A9-15AD0A2A2B2C-558x744.jpeg 558w, https:\/\/www.glueckchenfueller.ch\/wp-content\/uploads\/2023\/06\/8AD00F07-9FF1-44C7-89A9-15AD0A2A2B2C-655x873.jpeg 655w, https:\/\/www.glueckchenfueller.ch\/wp-content\/uploads\/2023\/06\/8AD00F07-9FF1-44C7-89A9-15AD0A2A2B2C-scaled.jpeg 1920w\" sizes=\"auto, (max-width: 225px) 100vw, 225px\" \/> <img loading=\"lazy\" decoding=\"async\" class=\"alignnone size-medium wp-image-4521\" src=\"https:\/\/www.glueckchenfueller.ch\/wp-content\/uploads\/2023\/06\/CC860A53-4499-441C-BD36-50506C6E7FF0-225x300.jpeg\" alt=\"\" width=\"225\" height=\"300\" srcset=\"https:\/\/www.glueckchenfueller.ch\/wp-content\/uploads\/2023\/06\/CC860A53-4499-441C-BD36-50506C6E7FF0-225x300.jpeg 225w, https:\/\/www.glueckchenfueller.ch\/wp-content\/uploads\/2023\/06\/CC860A53-4499-441C-BD36-50506C6E7FF0-scaled-550x733.jpeg 550w, https:\/\/www.glueckchenfueller.ch\/wp-content\/uploads\/2023\/06\/CC860A53-4499-441C-BD36-50506C6E7FF0-scaled-820x1093.jpeg 820w, https:\/\/www.glueckchenfueller.ch\/wp-content\/uploads\/2023\/06\/CC860A53-4499-441C-BD36-50506C6E7FF0-768x1024.jpeg 768w, https:\/\/www.glueckchenfueller.ch\/wp-content\/uploads\/2023\/06\/CC860A53-4499-441C-BD36-50506C6E7FF0-1152x1536.jpeg 1152w, https:\/\/www.glueckchenfueller.ch\/wp-content\/uploads\/2023\/06\/CC860A53-4499-441C-BD36-50506C6E7FF0-1536x2048.jpeg 1536w, https:\/\/www.glueckchenfueller.ch\/wp-content\/uploads\/2023\/06\/CC860A53-4499-441C-BD36-50506C6E7FF0-1612x2149.jpeg 1612w, https:\/\/www.glueckchenfueller.ch\/wp-content\/uploads\/2023\/06\/CC860A53-4499-441C-BD36-50506C6E7FF0-1116x1488.jpeg 1116w, https:\/\/www.glueckchenfueller.ch\/wp-content\/uploads\/2023\/06\/CC860A53-4499-441C-BD36-50506C6E7FF0-806x1075.jpeg 806w, https:\/\/www.glueckchenfueller.ch\/wp-content\/uploads\/2023\/06\/CC860A53-4499-441C-BD36-50506C6E7FF0-558x744.jpeg 558w, https:\/\/www.glueckchenfueller.ch\/wp-content\/uploads\/2023\/06\/CC860A53-4499-441C-BD36-50506C6E7FF0-655x873.jpeg 655w, https:\/\/www.glueckchenfueller.ch\/wp-content\/uploads\/2023\/06\/CC860A53-4499-441C-BD36-50506C6E7FF0-scaled.jpeg 1920w\" sizes=\"auto, (max-width: 225px) 100vw, 225px\" \/> <img loading=\"lazy\" decoding=\"async\" class=\"alignnone size-medium wp-image-4522\" src=\"https:\/\/www.glueckchenfueller.ch\/wp-content\/uploads\/2023\/06\/93C95FFF-C905-4BA8-A8B1-AD76ACD64108-300x300.jpeg\" alt=\"\" width=\"300\" height=\"300\" srcset=\"https:\/\/www.glueckchenfueller.ch\/wp-content\/uploads\/2023\/06\/93C95FFF-C905-4BA8-A8B1-AD76ACD64108-300x300.jpeg 300w, https:\/\/www.glueckchenfueller.ch\/wp-content\/uploads\/2023\/06\/93C95FFF-C905-4BA8-A8B1-AD76ACD64108-scaled-550x550.jpeg 550w, https:\/\/www.glueckchenfueller.ch\/wp-content\/uploads\/2023\/06\/93C95FFF-C905-4BA8-A8B1-AD76ACD64108-scaled-220x220.jpeg 220w, https:\/\/www.glueckchenfueller.ch\/wp-content\/uploads\/2023\/06\/93C95FFF-C905-4BA8-A8B1-AD76ACD64108-scaled-820x820.jpeg 820w, https:\/\/www.glueckchenfueller.ch\/wp-content\/uploads\/2023\/06\/93C95FFF-C905-4BA8-A8B1-AD76ACD64108-1024x1024.jpeg 1024w, https:\/\/www.glueckchenfueller.ch\/wp-content\/uploads\/2023\/06\/93C95FFF-C905-4BA8-A8B1-AD76ACD64108-150x150.jpeg 150w, https:\/\/www.glueckchenfueller.ch\/wp-content\/uploads\/2023\/06\/93C95FFF-C905-4BA8-A8B1-AD76ACD64108-768x768.jpeg 768w, https:\/\/www.glueckchenfueller.ch\/wp-content\/uploads\/2023\/06\/93C95FFF-C905-4BA8-A8B1-AD76ACD64108-1536x1536.jpeg 1536w, https:\/\/www.glueckchenfueller.ch\/wp-content\/uploads\/2023\/06\/93C95FFF-C905-4BA8-A8B1-AD76ACD64108-2048x2048.jpeg 2048w, https:\/\/www.glueckchenfueller.ch\/wp-content\/uploads\/2023\/06\/93C95FFF-C905-4BA8-A8B1-AD76ACD64108-468x468.jpeg 468w, https:\/\/www.glueckchenfueller.ch\/wp-content\/uploads\/2023\/06\/93C95FFF-C905-4BA8-A8B1-AD76ACD64108-1612x1612.jpeg 1612w, https:\/\/www.glueckchenfueller.ch\/wp-content\/uploads\/2023\/06\/93C95FFF-C905-4BA8-A8B1-AD76ACD64108-1116x1116.jpeg 1116w, https:\/\/www.glueckchenfueller.ch\/wp-content\/uploads\/2023\/06\/93C95FFF-C905-4BA8-A8B1-AD76ACD64108-806x806.jpeg 806w, https:\/\/www.glueckchenfueller.ch\/wp-content\/uploads\/2023\/06\/93C95FFF-C905-4BA8-A8B1-AD76ACD64108-558x558.jpeg 558w, https:\/\/www.glueckchenfueller.ch\/wp-content\/uploads\/2023\/06\/93C95FFF-C905-4BA8-A8B1-AD76ACD64108-655x655.jpeg 655w, https:\/\/www.glueckchenfueller.ch\/wp-content\/uploads\/2023\/06\/93C95FFF-C905-4BA8-A8B1-AD76ACD64108-500x500.jpeg 500w\" sizes=\"auto, (max-width: 300px) 100vw, 300px\" \/> <img loading=\"lazy\" decoding=\"async\" class=\"alignnone size-medium wp-image-4523\" src=\"https:\/\/www.glueckchenfueller.ch\/wp-content\/uploads\/2023\/06\/F923A2F2-419A-4E94-BEC7-FCCF1D94D078-225x300.jpeg\" alt=\"\" width=\"225\" height=\"300\" srcset=\"https:\/\/www.glueckchenfueller.ch\/wp-content\/uploads\/2023\/06\/F923A2F2-419A-4E94-BEC7-FCCF1D94D078-225x300.jpeg 225w, https:\/\/www.glueckchenfueller.ch\/wp-content\/uploads\/2023\/06\/F923A2F2-419A-4E94-BEC7-FCCF1D94D078-scaled-550x733.jpeg 550w, https:\/\/www.glueckchenfueller.ch\/wp-content\/uploads\/2023\/06\/F923A2F2-419A-4E94-BEC7-FCCF1D94D078-scaled-820x1093.jpeg 820w, https:\/\/www.glueckchenfueller.ch\/wp-content\/uploads\/2023\/06\/F923A2F2-419A-4E94-BEC7-FCCF1D94D078-768x1024.jpeg 768w, https:\/\/www.glueckchenfueller.ch\/wp-content\/uploads\/2023\/06\/F923A2F2-419A-4E94-BEC7-FCCF1D94D078-1152x1536.jpeg 1152w, https:\/\/www.glueckchenfueller.ch\/wp-content\/uploads\/2023\/06\/F923A2F2-419A-4E94-BEC7-FCCF1D94D078-1536x2048.jpeg 1536w, https:\/\/www.glueckchenfueller.ch\/wp-content\/uploads\/2023\/06\/F923A2F2-419A-4E94-BEC7-FCCF1D94D078-1612x2149.jpeg 1612w, https:\/\/www.glueckchenfueller.ch\/wp-content\/uploads\/2023\/06\/F923A2F2-419A-4E94-BEC7-FCCF1D94D078-1116x1488.jpeg 1116w, https:\/\/www.glueckchenfueller.ch\/wp-content\/uploads\/2023\/06\/F923A2F2-419A-4E94-BEC7-FCCF1D94D078-806x1075.jpeg 806w, https:\/\/www.glueckchenfueller.ch\/wp-content\/uploads\/2023\/06\/F923A2F2-419A-4E94-BEC7-FCCF1D94D078-558x744.jpeg 558w, https:\/\/www.glueckchenfueller.ch\/wp-content\/uploads\/2023\/06\/F923A2F2-419A-4E94-BEC7-FCCF1D94D078-655x873.jpeg 655w, https:\/\/www.glueckchenfueller.ch\/wp-content\/uploads\/2023\/06\/F923A2F2-419A-4E94-BEC7-FCCF1D94D078-scaled.jpeg 1920w\" sizes=\"auto, (max-width: 225px) 100vw, 225px\" \/><\/p>\n","protected":false},"excerpt":{"rendered":"<p>Original Kunstwerk von Mirjam Knecht W\u00e4ger. Acryl und \u00d6lkreide auf Leinwand | 120 x 90 cm | 2023 Passende kleine Vogel- und Blumenbilder finden Sie unter der Kategorie &#8222;N | Kunst | Tiere und Blumen&#8220; Sie m\u00f6chten dieses Bild gerne live vor Ort anschauen? Einige meiner Kunstwerke stehen in Turgi AG, andere befinden sich in&hellip;<\/p>\n","protected":false},"featured_media":4525,"comment_status":"open","ping_status":"closed","template":"","meta":{"_acf_changed":false,"jetpack_post_was_ever_published":false,"jetpack_publicize_message":"","jetpack_publicize_feature_enabled":true,"jetpack_social_post_already_shared":true,"jetpack_social_options":{"image_generator_settings":{"template":"highway","default_image_id":0,"font":"","enabled":false},"version":2}},"product_brand":[],"product_cat":[258],"product_tag":[211,231],"class_list":{"0":"post-4355","1":"product","2":"type-product","3":"status-publish","4":"has-post-thumbnail","6":"product_cat-m-kunst-abstrakt","7":"product_tag-kunst","8":"product_tag-malerei","9":"product_shipping_class-keine-versandkosten","11":"first","12":"instock","13":"sale","14":"taxable","15":"shipping-taxable","16":"purchasable","17":"product-type-simple","19":"catalog-layout-default","20":"columns-xs-1"},"acf":[],"jetpack_publicize_connections":[],"jetpack_sharing_enabled":true,"jetpack_likes_enabled":true,"_links":{"self":[{"href":"https:\/\/www.glueckchenfueller.ch\/index.php?rest_route=\/wp\/v2\/product\/4355","targetHints":{"allow":["GET"]}}],"collection":[{"href":"https:\/\/www.glueckchenfueller.ch\/index.php?rest_route=\/wp\/v2\/product"}],"about":[{"href":"https:\/\/www.glueckchenfueller.ch\/index.php?rest_route=\/wp\/v2\/types\/product"}],"replies":[{"embeddable":true,"href":"https:\/\/www.glueckchenfueller.ch\/index.php?rest_route=%2Fwp%2Fv2%2Fcomments&post=4355"}],"wp:featuredmedia":[{"embeddable":true,"href":"https:\/\/www.glueckchenfueller.ch\/index.php?rest_route=\/wp\/v2\/media\/4525"}],"wp:attachment":[{"href":"https:\/\/www.glueckchenfueller.ch\/index.php?rest_route=%2Fwp%2Fv2%2Fmedia&parent=4355"}],"wp:term":[{"taxonomy":"product_brand","embeddable":true,"href":"https:\/\/www.glueckchenfueller.ch\/index.php?rest_route=%2Fwp%2Fv2%2Fproduct_brand&post=4355"},{"taxonomy":"product_cat","embeddable":true,"href":"https:\/\/www.glueckchenfueller.ch\/index.php?rest_route=%2Fwp%2Fv2%2Fproduct_cat&post=4355"},{"taxonomy":"product_tag","embeddable":true,"href":"https:\/\/www.glueckchenfueller.ch\/index.php?rest_route=%2Fwp%2Fv2%2Fproduct_tag&post=4355"}],"curies":[{"name":"wp","href":"https:\/\/api.w.org\/{rel}","templated":true}]}}