{"id":4285,"date":"2023-05-10T16:53:38","date_gmt":"2023-05-10T16:53:38","guid":{"rendered":"https:\/\/www.glueckchenfueller.ch\/?post_type=product&#038;p=4285"},"modified":"2025-03-20T15:57:26","modified_gmt":"2025-03-20T15:57:26","slug":"kunstwerk-oelbild-australischer-vogel","status":"publish","type":"product","link":"https:\/\/www.glueckchenfueller.ch\/?product=kunstwerk-oelbild-australischer-vogel","title":{"rendered":"Kunstwerk | \u00d6lbild | Australischer Vogel"},"content":{"rendered":"<p>AUSTRALISCHER VOGEL | Original Kunstwerk von Mirjam Knecht W\u00e4ger.<\/p>\n<p>\u00d6lfarbe auf Holzkubus |20 x 20 x 4 cm | 2018<\/p>\n<p>Die dazu passenden Kunstwerke finden Sie auch unter der Kategorie &#8222;M Kunst|Abstrakt&#8220;.<\/p>\n<p>Sie m\u00f6chten dieses Bild gerne live vor Ort anschauen? Einige meiner Malereien stehen in Turgi AG, andere befinden sich in Ausstellungen oder werden in M\u00f6belh\u00e4usern pr\u00e4sentiert. Fragen Sie gerne per Mail nach, wo dieses Bild zu besichtigen ist.<\/p>\n<p>Die grossen Kunstwerke werden nicht verschickt, nur Abholung in Turgi oder am Ausstellungsort.<\/p>\n<p>Auf\u00a0<a href=\"http:\/\/www.kopfsprung.ch\">http:\/\/www.kopfsprung.ch<\/a> sehen Sie auch noch \u00e4ltere schon verkaufte Arbeiten.<\/p>\n<p><img loading=\"lazy\" decoding=\"async\" class=\"alignnone size-medium wp-image-4286\" src=\"https:\/\/www.glueckchenfueller.ch\/wp-content\/uploads\/2023\/05\/Australischer-Vogel-300x300.jpg\" alt=\"\" width=\"300\" height=\"300\" srcset=\"https:\/\/www.glueckchenfueller.ch\/wp-content\/uploads\/2023\/05\/Australischer-Vogel-300x300.jpg 300w, https:\/\/www.glueckchenfueller.ch\/wp-content\/uploads\/2023\/05\/Australischer-Vogel-550x550.jpg 550w, https:\/\/www.glueckchenfueller.ch\/wp-content\/uploads\/2023\/05\/Australischer-Vogel-220x220.jpg 220w, https:\/\/www.glueckchenfueller.ch\/wp-content\/uploads\/2023\/05\/Australischer-Vogel-600x600.jpg 600w, https:\/\/www.glueckchenfueller.ch\/wp-content\/uploads\/2023\/05\/Australischer-Vogel-150x150.jpg 150w, https:\/\/www.glueckchenfueller.ch\/wp-content\/uploads\/2023\/05\/Australischer-Vogel-468x468.jpg 468w, https:\/\/www.glueckchenfueller.ch\/wp-content\/uploads\/2023\/05\/Australischer-Vogel-558x558.jpg 558w, https:\/\/www.glueckchenfueller.ch\/wp-content\/uploads\/2023\/05\/Australischer-Vogel-500x500.jpg 500w, https:\/\/www.glueckchenfueller.ch\/wp-content\/uploads\/2023\/05\/Australischer-Vogel-266x266.jpg 266w, https:\/\/www.glueckchenfueller.ch\/wp-content\/uploads\/2023\/05\/Australischer-Vogel.jpg 605w\" sizes=\"auto, (max-width: 300px) 100vw, 300px\" \/> <img loading=\"lazy\" decoding=\"async\" class=\"alignnone size-medium wp-image-4273\" src=\"https:\/\/www.glueckchenfueller.ch\/wp-content\/uploads\/2023\/05\/Vergissmeinnicht-mit-Vogel-300x300.jpg\" alt=\"\" width=\"300\" height=\"300\" srcset=\"https:\/\/www.glueckchenfueller.ch\/wp-content\/uploads\/2023\/05\/Vergissmeinnicht-mit-Vogel-300x300.jpg 300w, https:\/\/www.glueckchenfueller.ch\/wp-content\/uploads\/2023\/05\/Vergissmeinnicht-mit-Vogel-550x550.jpg 550w, https:\/\/www.glueckchenfueller.ch\/wp-content\/uploads\/2023\/05\/Vergissmeinnicht-mit-Vogel-220x220.jpg 220w, https:\/\/www.glueckchenfueller.ch\/wp-content\/uploads\/2023\/05\/Vergissmeinnicht-mit-Vogel-820x820.jpg 820w, https:\/\/www.glueckchenfueller.ch\/wp-content\/uploads\/2023\/05\/Vergissmeinnicht-mit-Vogel-1024x1024.jpg 1024w, https:\/\/www.glueckchenfueller.ch\/wp-content\/uploads\/2023\/05\/Vergissmeinnicht-mit-Vogel-150x150.jpg 150w, https:\/\/www.glueckchenfueller.ch\/wp-content\/uploads\/2023\/05\/Vergissmeinnicht-mit-Vogel-768x768.jpg 768w, https:\/\/www.glueckchenfueller.ch\/wp-content\/uploads\/2023\/05\/Vergissmeinnicht-mit-Vogel-1536x1536.jpg 1536w, https:\/\/www.glueckchenfueller.ch\/wp-content\/uploads\/2023\/05\/Vergissmeinnicht-mit-Vogel-468x468.jpg 468w, https:\/\/www.glueckchenfueller.ch\/wp-content\/uploads\/2023\/05\/Vergissmeinnicht-mit-Vogel-1116x1116.jpg 1116w, https:\/\/www.glueckchenfueller.ch\/wp-content\/uploads\/2023\/05\/Vergissmeinnicht-mit-Vogel-806x806.jpg 806w, https:\/\/www.glueckchenfueller.ch\/wp-content\/uploads\/2023\/05\/Vergissmeinnicht-mit-Vogel-558x558.jpg 558w, https:\/\/www.glueckchenfueller.ch\/wp-content\/uploads\/2023\/05\/Vergissmeinnicht-mit-Vogel-655x655.jpg 655w, https:\/\/www.glueckchenfueller.ch\/wp-content\/uploads\/2023\/05\/Vergissmeinnicht-mit-Vogel-500x500.jpg 500w, https:\/\/www.glueckchenfueller.ch\/wp-content\/uploads\/2023\/05\/Vergissmeinnicht-mit-Vogel.jpg 1600w\" sizes=\"auto, (max-width: 300px) 100vw, 300px\" \/><\/p>\n","protected":false},"excerpt":{"rendered":"<p>AUSTRALISCHER VOGEL | Original Kunstwerk von Mirjam Knecht W\u00e4ger. \u00d6lfarbe auf Holzkubus |20 x 20 x 4 cm | 2018 Die dazu passenden Kunstwerke finden Sie auch unter der Kategorie &#8222;M Kunst|Abstrakt&#8220;. Sie m\u00f6chten dieses Bild gerne live vor Ort anschauen? Einige meiner Malereien stehen in Turgi AG, andere befinden sich in Ausstellungen oder werden&hellip;<\/p>\n","protected":false},"featured_media":4286,"comment_status":"open","ping_status":"closed","template":"","meta":{"_acf_changed":false,"jetpack_post_was_ever_published":false,"jetpack_publicize_message":"","jetpack_publicize_feature_enabled":true,"jetpack_social_post_already_shared":true,"jetpack_social_options":{"image_generator_settings":{"template":"highway","default_image_id":0,"font":"","enabled":false},"version":2}},"product_brand":[],"product_cat":[332],"product_tag":[211,316,231,335],"class_list":{"0":"post-4285","1":"product","2":"type-product","3":"status-publish","4":"has-post-thumbnail","6":"product_cat-n-kunst-tiere-und-blumen","7":"product_tag-kunst","8":"product_tag-kunstwerk","9":"product_tag-malerei","10":"product_tag-vogelbild","11":"product_shipping_class-waren-bis-5kg","13":"first","14":"outofstock","15":"taxable","16":"shipping-taxable","17":"purchasable","18":"product-type-simple","20":"catalog-layout-default","21":"columns-xs-1"},"acf":[],"jetpack_publicize_connections":[],"jetpack_sharing_enabled":true,"jetpack_likes_enabled":true,"_links":{"self":[{"href":"https:\/\/www.glueckchenfueller.ch\/index.php?rest_route=\/wp\/v2\/product\/4285","targetHints":{"allow":["GET"]}}],"collection":[{"href":"https:\/\/www.glueckchenfueller.ch\/index.php?rest_route=\/wp\/v2\/product"}],"about":[{"href":"https:\/\/www.glueckchenfueller.ch\/index.php?rest_route=\/wp\/v2\/types\/product"}],"replies":[{"embeddable":true,"href":"https:\/\/www.glueckchenfueller.ch\/index.php?rest_route=%2Fwp%2Fv2%2Fcomments&post=4285"}],"wp:featuredmedia":[{"embeddable":true,"href":"https:\/\/www.glueckchenfueller.ch\/index.php?rest_route=\/wp\/v2\/media\/4286"}],"wp:attachment":[{"href":"https:\/\/www.glueckchenfueller.ch\/index.php?rest_route=%2Fwp%2Fv2%2Fmedia&parent=4285"}],"wp:term":[{"taxonomy":"product_brand","embeddable":true,"href":"https:\/\/www.glueckchenfueller.ch\/index.php?rest_route=%2Fwp%2Fv2%2Fproduct_brand&post=4285"},{"taxonomy":"product_cat","embeddable":true,"href":"https:\/\/www.glueckchenfueller.ch\/index.php?rest_route=%2Fwp%2Fv2%2Fproduct_cat&post=4285"},{"taxonomy":"product_tag","embeddable":true,"href":"https:\/\/www.glueckchenfueller.ch\/index.php?rest_route=%2Fwp%2Fv2%2Fproduct_tag&post=4285"}],"curies":[{"name":"wp","href":"https:\/\/api.w.org\/{rel}","templated":true}]}}