{"id":4250,"date":"2023-05-10T14:33:15","date_gmt":"2023-05-10T14:33:15","guid":{"rendered":"https:\/\/www.glueckchenfueller.ch\/?post_type=product&#038;p=4250"},"modified":"2024-05-04T16:43:28","modified_gmt":"2024-05-04T16:43:28","slug":"kunstwerk-fotografie-auf-aludibond-weisse-bluete","status":"publish","type":"product","link":"https:\/\/www.glueckchenfueller.ch\/?product=kunstwerk-fotografie-auf-aludibond-weisse-bluete","title":{"rendered":"Kunstwerk | Fotografie auf Aludibond | weisse Bl\u00fcte"},"content":{"rendered":"<p>WEISSE BL\u00dcTE | Original Kunstwerk von Mirjam Knecht W\u00e4ger.<\/p>\n<p>Fotografie auf Aludibond auf Holzkubus |15 x 15 x 5 cm | 2017<\/p>\n<p>Die dazu passenden abstrakten Kunstwerke finden Sie auch unter der Kategorie &#8222;M Kunst|Abstrakt&#8220;.<\/p>\n<p>Sie m\u00f6chten dieses Bild gerne live vor Ort anschauen? Einige meiner Kunstwerke stehen in Turgi AG, andere befinden sich in Ausstellungen oder werden in M\u00f6belh\u00e4usern pr\u00e4sentiert. Fragen Sie gerne per Mail nach, wo dieses Bild zu besichtigen ist.<\/p>\n<p>Die grossen Kunstwerke werden nicht verschickt, nur Abholung in Turgi oder am Ausstellungsort.<\/p>\n<p>Auf\u00a0<a href=\"http:\/\/www.kopfsprung.ch\">http:\/\/www.kopfsprung.ch<\/a> sehen Sie auch noch \u00e4ltere schon verkaufte Kunstwerke.<img loading=\"lazy\" decoding=\"async\" class=\"alignnone size-medium wp-image-4252\" src=\"https:\/\/www.glueckchenfueller.ch\/wp-content\/uploads\/2023\/05\/Bluetenfoto_Detail-300x300.jpg\" alt=\"\" width=\"300\" height=\"300\" srcset=\"https:\/\/www.glueckchenfueller.ch\/wp-content\/uploads\/2023\/05\/Bluetenfoto_Detail-300x300.jpg 300w, https:\/\/www.glueckchenfueller.ch\/wp-content\/uploads\/2023\/05\/Bluetenfoto_Detail-scaled-550x550.jpg 550w, https:\/\/www.glueckchenfueller.ch\/wp-content\/uploads\/2023\/05\/Bluetenfoto_Detail-scaled-220x220.jpg 220w, https:\/\/www.glueckchenfueller.ch\/wp-content\/uploads\/2023\/05\/Bluetenfoto_Detail-scaled-820x820.jpg 820w, https:\/\/www.glueckchenfueller.ch\/wp-content\/uploads\/2023\/05\/Bluetenfoto_Detail-1024x1024.jpg 1024w, https:\/\/www.glueckchenfueller.ch\/wp-content\/uploads\/2023\/05\/Bluetenfoto_Detail-150x150.jpg 150w, https:\/\/www.glueckchenfueller.ch\/wp-content\/uploads\/2023\/05\/Bluetenfoto_Detail-768x768.jpg 768w, https:\/\/www.glueckchenfueller.ch\/wp-content\/uploads\/2023\/05\/Bluetenfoto_Detail-1536x1536.jpg 1536w, https:\/\/www.glueckchenfueller.ch\/wp-content\/uploads\/2023\/05\/Bluetenfoto_Detail-2048x2048.jpg 2048w, https:\/\/www.glueckchenfueller.ch\/wp-content\/uploads\/2023\/05\/Bluetenfoto_Detail-468x468.jpg 468w, https:\/\/www.glueckchenfueller.ch\/wp-content\/uploads\/2023\/05\/Bluetenfoto_Detail-1612x1612.jpg 1612w, https:\/\/www.glueckchenfueller.ch\/wp-content\/uploads\/2023\/05\/Bluetenfoto_Detail-1116x1116.jpg 1116w, https:\/\/www.glueckchenfueller.ch\/wp-content\/uploads\/2023\/05\/Bluetenfoto_Detail-806x806.jpg 806w, https:\/\/www.glueckchenfueller.ch\/wp-content\/uploads\/2023\/05\/Bluetenfoto_Detail-558x558.jpg 558w, https:\/\/www.glueckchenfueller.ch\/wp-content\/uploads\/2023\/05\/Bluetenfoto_Detail-655x655.jpg 655w, https:\/\/www.glueckchenfueller.ch\/wp-content\/uploads\/2023\/05\/Bluetenfoto_Detail-500x500.jpg 500w\" sizes=\"auto, (max-width: 300px) 100vw, 300px\" \/><img loading=\"lazy\" decoding=\"async\" class=\"alignnone size-medium wp-image-4253\" src=\"https:\/\/www.glueckchenfueller.ch\/wp-content\/uploads\/2023\/05\/Spuren-in-graublau_2-300x300.jpg\" alt=\"\" width=\"300\" height=\"300\" srcset=\"https:\/\/www.glueckchenfueller.ch\/wp-content\/uploads\/2023\/05\/Spuren-in-graublau_2-300x300.jpg 300w, https:\/\/www.glueckchenfueller.ch\/wp-content\/uploads\/2023\/05\/Spuren-in-graublau_2-550x550.jpg 550w, https:\/\/www.glueckchenfueller.ch\/wp-content\/uploads\/2023\/05\/Spuren-in-graublau_2-220x220.jpg 220w, https:\/\/www.glueckchenfueller.ch\/wp-content\/uploads\/2023\/05\/Spuren-in-graublau_2-820x820.jpg 820w, https:\/\/www.glueckchenfueller.ch\/wp-content\/uploads\/2023\/05\/Spuren-in-graublau_2-1024x1024.jpg 1024w, https:\/\/www.glueckchenfueller.ch\/wp-content\/uploads\/2023\/05\/Spuren-in-graublau_2-150x150.jpg 150w, https:\/\/www.glueckchenfueller.ch\/wp-content\/uploads\/2023\/05\/Spuren-in-graublau_2-768x768.jpg 768w, https:\/\/www.glueckchenfueller.ch\/wp-content\/uploads\/2023\/05\/Spuren-in-graublau_2-1536x1536.jpg 1536w, https:\/\/www.glueckchenfueller.ch\/wp-content\/uploads\/2023\/05\/Spuren-in-graublau_2-468x468.jpg 468w, https:\/\/www.glueckchenfueller.ch\/wp-content\/uploads\/2023\/05\/Spuren-in-graublau_2-1612x1612.jpg 1612w, https:\/\/www.glueckchenfueller.ch\/wp-content\/uploads\/2023\/05\/Spuren-in-graublau_2-1116x1116.jpg 1116w, https:\/\/www.glueckchenfueller.ch\/wp-content\/uploads\/2023\/05\/Spuren-in-graublau_2-806x806.jpg 806w, https:\/\/www.glueckchenfueller.ch\/wp-content\/uploads\/2023\/05\/Spuren-in-graublau_2-558x558.jpg 558w, https:\/\/www.glueckchenfueller.ch\/wp-content\/uploads\/2023\/05\/Spuren-in-graublau_2-655x655.jpg 655w, https:\/\/www.glueckchenfueller.ch\/wp-content\/uploads\/2023\/05\/Spuren-in-graublau_2-500x500.jpg 500w, https:\/\/www.glueckchenfueller.ch\/wp-content\/uploads\/2023\/05\/Spuren-in-graublau_2.jpg 1819w\" sizes=\"auto, (max-width: 300px) 100vw, 300px\" \/><img loading=\"lazy\" decoding=\"async\" class=\"alignnone size-medium wp-image-4254\" src=\"https:\/\/www.glueckchenfueller.ch\/wp-content\/uploads\/2023\/05\/Streifenstrukturen-und-Bluetenfoto-300x300.jpg\" alt=\"\" width=\"300\" height=\"300\" srcset=\"https:\/\/www.glueckchenfueller.ch\/wp-content\/uploads\/2023\/05\/Streifenstrukturen-und-Bluetenfoto-300x300.jpg 300w, https:\/\/www.glueckchenfueller.ch\/wp-content\/uploads\/2023\/05\/Streifenstrukturen-und-Bluetenfoto-550x550.jpg 550w, https:\/\/www.glueckchenfueller.ch\/wp-content\/uploads\/2023\/05\/Streifenstrukturen-und-Bluetenfoto-220x220.jpg 220w, https:\/\/www.glueckchenfueller.ch\/wp-content\/uploads\/2023\/05\/Streifenstrukturen-und-Bluetenfoto-820x820.jpg 820w, https:\/\/www.glueckchenfueller.ch\/wp-content\/uploads\/2023\/05\/Streifenstrukturen-und-Bluetenfoto-1024x1024.jpg 1024w, https:\/\/www.glueckchenfueller.ch\/wp-content\/uploads\/2023\/05\/Streifenstrukturen-und-Bluetenfoto-150x150.jpg 150w, https:\/\/www.glueckchenfueller.ch\/wp-content\/uploads\/2023\/05\/Streifenstrukturen-und-Bluetenfoto-768x768.jpg 768w, https:\/\/www.glueckchenfueller.ch\/wp-content\/uploads\/2023\/05\/Streifenstrukturen-und-Bluetenfoto-1536x1536.jpg 1536w, https:\/\/www.glueckchenfueller.ch\/wp-content\/uploads\/2023\/05\/Streifenstrukturen-und-Bluetenfoto-468x468.jpg 468w, https:\/\/www.glueckchenfueller.ch\/wp-content\/uploads\/2023\/05\/Streifenstrukturen-und-Bluetenfoto-1612x1612.jpg 1612w, https:\/\/www.glueckchenfueller.ch\/wp-content\/uploads\/2023\/05\/Streifenstrukturen-und-Bluetenfoto-1116x1116.jpg 1116w, https:\/\/www.glueckchenfueller.ch\/wp-content\/uploads\/2023\/05\/Streifenstrukturen-und-Bluetenfoto-806x806.jpg 806w, https:\/\/www.glueckchenfueller.ch\/wp-content\/uploads\/2023\/05\/Streifenstrukturen-und-Bluetenfoto-558x558.jpg 558w, https:\/\/www.glueckchenfueller.ch\/wp-content\/uploads\/2023\/05\/Streifenstrukturen-und-Bluetenfoto-655x655.jpg 655w, https:\/\/www.glueckchenfueller.ch\/wp-content\/uploads\/2023\/05\/Streifenstrukturen-und-Bluetenfoto-500x500.jpg 500w, https:\/\/www.glueckchenfueller.ch\/wp-content\/uploads\/2023\/05\/Streifenstrukturen-und-Bluetenfoto.jpg 1819w\" sizes=\"auto, (max-width: 300px) 100vw, 300px\" \/><img loading=\"lazy\" decoding=\"async\" class=\"alignnone size-medium wp-image-4251\" src=\"https:\/\/www.glueckchenfueller.ch\/wp-content\/uploads\/2023\/05\/Bluetenfoto-300x300.jpg\" alt=\"\" width=\"300\" height=\"300\" srcset=\"https:\/\/www.glueckchenfueller.ch\/wp-content\/uploads\/2023\/05\/Bluetenfoto-300x300.jpg 300w, https:\/\/www.glueckchenfueller.ch\/wp-content\/uploads\/2023\/05\/Bluetenfoto-550x550.jpg 550w, https:\/\/www.glueckchenfueller.ch\/wp-content\/uploads\/2023\/05\/Bluetenfoto-220x220.jpg 220w, https:\/\/www.glueckchenfueller.ch\/wp-content\/uploads\/2023\/05\/Bluetenfoto-820x820.jpg 820w, https:\/\/www.glueckchenfueller.ch\/wp-content\/uploads\/2023\/05\/Bluetenfoto-1024x1024.jpg 1024w, https:\/\/www.glueckchenfueller.ch\/wp-content\/uploads\/2023\/05\/Bluetenfoto-150x150.jpg 150w, https:\/\/www.glueckchenfueller.ch\/wp-content\/uploads\/2023\/05\/Bluetenfoto-768x768.jpg 768w, https:\/\/www.glueckchenfueller.ch\/wp-content\/uploads\/2023\/05\/Bluetenfoto-1536x1536.jpg 1536w, https:\/\/www.glueckchenfueller.ch\/wp-content\/uploads\/2023\/05\/Bluetenfoto-2048x2048.jpg 2048w, https:\/\/www.glueckchenfueller.ch\/wp-content\/uploads\/2023\/05\/Bluetenfoto-468x468.jpg 468w, https:\/\/www.glueckchenfueller.ch\/wp-content\/uploads\/2023\/05\/Bluetenfoto-1612x1612.jpg 1612w, https:\/\/www.glueckchenfueller.ch\/wp-content\/uploads\/2023\/05\/Bluetenfoto-1116x1116.jpg 1116w, https:\/\/www.glueckchenfueller.ch\/wp-content\/uploads\/2023\/05\/Bluetenfoto-806x806.jpg 806w, https:\/\/www.glueckchenfueller.ch\/wp-content\/uploads\/2023\/05\/Bluetenfoto-558x558.jpg 558w, https:\/\/www.glueckchenfueller.ch\/wp-content\/uploads\/2023\/05\/Bluetenfoto-655x655.jpg 655w, https:\/\/www.glueckchenfueller.ch\/wp-content\/uploads\/2023\/05\/Bluetenfoto-500x500.jpg 500w, https:\/\/www.glueckchenfueller.ch\/wp-content\/uploads\/2023\/05\/Bluetenfoto-266x266.jpg 266w, https:\/\/www.glueckchenfueller.ch\/wp-content\/uploads\/2023\/05\/Bluetenfoto-32x32.jpg 32w\" sizes=\"auto, (max-width: 300px) 100vw, 300px\" \/><\/p>\n","protected":false},"excerpt":{"rendered":"<p>WEISSE BL\u00dcTE | Original Kunstwerk von Mirjam Knecht W\u00e4ger. Fotografie auf Aludibond auf Holzkubus |15 x 15 x 5 cm | 2017 Die dazu passenden abstrakten Kunstwerke finden Sie auch unter der Kategorie &#8222;M Kunst|Abstrakt&#8220;. Sie m\u00f6chten dieses Bild gerne live vor Ort anschauen? Einige meiner Kunstwerke stehen in Turgi AG, andere befinden sich in&hellip;<\/p>\n","protected":false},"featured_media":4251,"comment_status":"open","ping_status":"closed","template":"","meta":{"_acf_changed":false,"jetpack_post_was_ever_published":false,"jetpack_publicize_message":"","jetpack_publicize_feature_enabled":true,"jetpack_social_post_already_shared":true,"jetpack_social_options":{"image_generator_settings":{"template":"highway","default_image_id":0,"font":"","enabled":false},"version":2}},"product_brand":[],"product_cat":[332],"product_tag":[334,211,316],"class_list":{"0":"post-4250","1":"product","2":"type-product","3":"status-publish","4":"has-post-thumbnail","6":"product_cat-n-kunst-tiere-und-blumen","7":"product_tag-fotografie","8":"product_tag-kunst","9":"product_tag-kunstwerk","10":"product_shipping_class-waren-bis-5kg","12":"first","13":"outofstock","14":"sale","15":"taxable","16":"shipping-taxable","17":"purchasable","18":"product-type-simple","20":"catalog-layout-default","21":"columns-xs-1"},"acf":[],"jetpack_publicize_connections":[],"jetpack_sharing_enabled":true,"jetpack_likes_enabled":true,"_links":{"self":[{"href":"https:\/\/www.glueckchenfueller.ch\/index.php?rest_route=\/wp\/v2\/product\/4250","targetHints":{"allow":["GET"]}}],"collection":[{"href":"https:\/\/www.glueckchenfueller.ch\/index.php?rest_route=\/wp\/v2\/product"}],"about":[{"href":"https:\/\/www.glueckchenfueller.ch\/index.php?rest_route=\/wp\/v2\/types\/product"}],"replies":[{"embeddable":true,"href":"https:\/\/www.glueckchenfueller.ch\/index.php?rest_route=%2Fwp%2Fv2%2Fcomments&post=4250"}],"wp:featuredmedia":[{"embeddable":true,"href":"https:\/\/www.glueckchenfueller.ch\/index.php?rest_route=\/wp\/v2\/media\/4251"}],"wp:attachment":[{"href":"https:\/\/www.glueckchenfueller.ch\/index.php?rest_route=%2Fwp%2Fv2%2Fmedia&parent=4250"}],"wp:term":[{"taxonomy":"product_brand","embeddable":true,"href":"https:\/\/www.glueckchenfueller.ch\/index.php?rest_route=%2Fwp%2Fv2%2Fproduct_brand&post=4250"},{"taxonomy":"product_cat","embeddable":true,"href":"https:\/\/www.glueckchenfueller.ch\/index.php?rest_route=%2Fwp%2Fv2%2Fproduct_cat&post=4250"},{"taxonomy":"product_tag","embeddable":true,"href":"https:\/\/www.glueckchenfueller.ch\/index.php?rest_route=%2Fwp%2Fv2%2Fproduct_tag&post=4250"}],"curies":[{"name":"wp","href":"https:\/\/api.w.org\/{rel}","templated":true}]}}