{"id":4014,"date":"2023-01-29T12:35:40","date_gmt":"2023-01-29T12:35:40","guid":{"rendered":"https:\/\/www.glueckchenfueller.ch\/?post_type=product&#038;p=4014"},"modified":"2025-12-18T21:19:39","modified_gmt":"2025-12-18T21:19:39","slug":"13er-schnaeppchenset-liebe-postkarten","status":"publish","type":"product","link":"https:\/\/www.glueckchenfueller.ch\/?product=13er-schnaeppchenset-liebe-postkarten","title":{"rendered":"13er Schn\u00e4ppchenset Liebe | Postkarten und Couverts"},"content":{"rendered":"<p>Dieses tolle Schn\u00e4ppchenset beinhaltet 13 Postkarten zum Thema Liebe und 13 farblich dazu passende Couverts. Du bezahlst nur 30.- statt 39.- im Einzelpreis.<\/p>\n<p>Geschenksidee: auf 12 Karten ein paar liebe Worte schreiben, ins Couvert stecken. Die beschenkte Person darf dann ein Jahr lang einmal pro Monat eine Nachricht von dir \u00f6ffnen. Wenn man die Karten z. Bsp. an einem 16. April schenkt, kann Mann oder Frau jeden darauf folgenden Monat am 16. Tag ein Brieflein \u00f6ffnen. Du kannst auf die dreizehnte Karte z.Bsp. diese Idee\/Anleitung drauf schreiben. Du machst so w\u00e4hrend einem Jahr mit wenig Aufwand 12x eine grosse Freude. Die Geburtstags- und Blumen-Schn\u00e4ppchensets eignen sich nat\u00fcrlich auch sehr gut daf\u00fcr. Da m\u00fcsstest du aber die 13 Couverts separat dazu kaufen.<\/p>\n<p>&nbsp;<\/p>\n<p><img loading=\"lazy\" decoding=\"async\" class=\"alignnone size-medium wp-image-4017\" src=\"https:\/\/www.glueckchenfueller.ch\/wp-content\/uploads\/2023\/01\/13-Karten_13-Couvert-300x300.jpg\" alt=\"\" width=\"300\" height=\"300\" srcset=\"https:\/\/www.glueckchenfueller.ch\/wp-content\/uploads\/2023\/01\/13-Karten_13-Couvert-300x300.jpg 300w, https:\/\/www.glueckchenfueller.ch\/wp-content\/uploads\/2023\/01\/13-Karten_13-Couvert-550x550.jpg 550w, https:\/\/www.glueckchenfueller.ch\/wp-content\/uploads\/2023\/01\/13-Karten_13-Couvert-220x220.jpg 220w, https:\/\/www.glueckchenfueller.ch\/wp-content\/uploads\/2023\/01\/13-Karten_13-Couvert-820x820.jpg 820w, https:\/\/www.glueckchenfueller.ch\/wp-content\/uploads\/2023\/01\/13-Karten_13-Couvert-1024x1024.jpg 1024w, https:\/\/www.glueckchenfueller.ch\/wp-content\/uploads\/2023\/01\/13-Karten_13-Couvert-150x150.jpg 150w, https:\/\/www.glueckchenfueller.ch\/wp-content\/uploads\/2023\/01\/13-Karten_13-Couvert-768x768.jpg 768w, https:\/\/www.glueckchenfueller.ch\/wp-content\/uploads\/2023\/01\/13-Karten_13-Couvert-1536x1536.jpg 1536w, https:\/\/www.glueckchenfueller.ch\/wp-content\/uploads\/2023\/01\/13-Karten_13-Couvert-468x468.jpg 468w, https:\/\/www.glueckchenfueller.ch\/wp-content\/uploads\/2023\/01\/13-Karten_13-Couvert-1116x1116.jpg 1116w, https:\/\/www.glueckchenfueller.ch\/wp-content\/uploads\/2023\/01\/13-Karten_13-Couvert-806x806.jpg 806w, https:\/\/www.glueckchenfueller.ch\/wp-content\/uploads\/2023\/01\/13-Karten_13-Couvert-558x558.jpg 558w, https:\/\/www.glueckchenfueller.ch\/wp-content\/uploads\/2023\/01\/13-Karten_13-Couvert-655x655.jpg 655w, https:\/\/www.glueckchenfueller.ch\/wp-content\/uploads\/2023\/01\/13-Karten_13-Couvert-500x500.jpg 500w, https:\/\/www.glueckchenfueller.ch\/wp-content\/uploads\/2023\/01\/13-Karten_13-Couvert.jpg 1600w\" sizes=\"auto, (max-width: 300px) 100vw, 300px\" \/> <img loading=\"lazy\" decoding=\"async\" class=\"alignnone size-medium wp-image-4016\" src=\"https:\/\/www.glueckchenfueller.ch\/wp-content\/uploads\/2023\/01\/9-von-13-Karten-300x300.jpg\" alt=\"\" width=\"300\" height=\"300\" srcset=\"https:\/\/www.glueckchenfueller.ch\/wp-content\/uploads\/2023\/01\/9-von-13-Karten-300x300.jpg 300w, https:\/\/www.glueckchenfueller.ch\/wp-content\/uploads\/2023\/01\/9-von-13-Karten-550x550.jpg 550w, https:\/\/www.glueckchenfueller.ch\/wp-content\/uploads\/2023\/01\/9-von-13-Karten-220x220.jpg 220w, https:\/\/www.glueckchenfueller.ch\/wp-content\/uploads\/2023\/01\/9-von-13-Karten-820x820.jpg 820w, https:\/\/www.glueckchenfueller.ch\/wp-content\/uploads\/2023\/01\/9-von-13-Karten-1024x1024.jpg 1024w, https:\/\/www.glueckchenfueller.ch\/wp-content\/uploads\/2023\/01\/9-von-13-Karten-150x150.jpg 150w, https:\/\/www.glueckchenfueller.ch\/wp-content\/uploads\/2023\/01\/9-von-13-Karten-768x768.jpg 768w, https:\/\/www.glueckchenfueller.ch\/wp-content\/uploads\/2023\/01\/9-von-13-Karten-1536x1536.jpg 1536w, https:\/\/www.glueckchenfueller.ch\/wp-content\/uploads\/2023\/01\/9-von-13-Karten.jpg 2048w, https:\/\/www.glueckchenfueller.ch\/wp-content\/uploads\/2023\/01\/9-von-13-Karten-468x468.jpg 468w, https:\/\/www.glueckchenfueller.ch\/wp-content\/uploads\/2023\/01\/9-von-13-Karten-1612x1612.jpg 1612w, https:\/\/www.glueckchenfueller.ch\/wp-content\/uploads\/2023\/01\/9-von-13-Karten-1116x1116.jpg 1116w, https:\/\/www.glueckchenfueller.ch\/wp-content\/uploads\/2023\/01\/9-von-13-Karten-806x806.jpg 806w, https:\/\/www.glueckchenfueller.ch\/wp-content\/uploads\/2023\/01\/9-von-13-Karten-558x558.jpg 558w, https:\/\/www.glueckchenfueller.ch\/wp-content\/uploads\/2023\/01\/9-von-13-Karten-655x655.jpg 655w, https:\/\/www.glueckchenfueller.ch\/wp-content\/uploads\/2023\/01\/9-von-13-Karten-500x500.jpg 500w\" sizes=\"auto, (max-width: 300px) 100vw, 300px\" \/> <img loading=\"lazy\" decoding=\"async\" class=\"alignnone size-medium wp-image-4015\" src=\"https:\/\/www.glueckchenfueller.ch\/wp-content\/uploads\/2023\/01\/4-von-13-Karten-300x300.jpg\" alt=\"\" width=\"300\" height=\"300\" srcset=\"https:\/\/www.glueckchenfueller.ch\/wp-content\/uploads\/2023\/01\/4-von-13-Karten-300x300.jpg 300w, https:\/\/www.glueckchenfueller.ch\/wp-content\/uploads\/2023\/01\/4-von-13-Karten-550x550.jpg 550w, https:\/\/www.glueckchenfueller.ch\/wp-content\/uploads\/2023\/01\/4-von-13-Karten-220x220.jpg 220w, https:\/\/www.glueckchenfueller.ch\/wp-content\/uploads\/2023\/01\/4-von-13-Karten-820x820.jpg 820w, https:\/\/www.glueckchenfueller.ch\/wp-content\/uploads\/2023\/01\/4-von-13-Karten-1024x1024.jpg 1024w, https:\/\/www.glueckchenfueller.ch\/wp-content\/uploads\/2023\/01\/4-von-13-Karten-150x150.jpg 150w, https:\/\/www.glueckchenfueller.ch\/wp-content\/uploads\/2023\/01\/4-von-13-Karten-768x768.jpg 768w, https:\/\/www.glueckchenfueller.ch\/wp-content\/uploads\/2023\/01\/4-von-13-Karten-1536x1536.jpg 1536w, https:\/\/www.glueckchenfueller.ch\/wp-content\/uploads\/2023\/01\/4-von-13-Karten.jpg 2048w, https:\/\/www.glueckchenfueller.ch\/wp-content\/uploads\/2023\/01\/4-von-13-Karten-468x468.jpg 468w, https:\/\/www.glueckchenfueller.ch\/wp-content\/uploads\/2023\/01\/4-von-13-Karten-1612x1612.jpg 1612w, https:\/\/www.glueckchenfueller.ch\/wp-content\/uploads\/2023\/01\/4-von-13-Karten-1116x1116.jpg 1116w, https:\/\/www.glueckchenfueller.ch\/wp-content\/uploads\/2023\/01\/4-von-13-Karten-806x806.jpg 806w, https:\/\/www.glueckchenfueller.ch\/wp-content\/uploads\/2023\/01\/4-von-13-Karten-558x558.jpg 558w, https:\/\/www.glueckchenfueller.ch\/wp-content\/uploads\/2023\/01\/4-von-13-Karten-655x655.jpg 655w, https:\/\/www.glueckchenfueller.ch\/wp-content\/uploads\/2023\/01\/4-von-13-Karten-500x500.jpg 500w\" sizes=\"auto, (max-width: 300px) 100vw, 300px\" \/><img loading=\"lazy\" decoding=\"async\" class=\"alignnone size-medium wp-image-4018\" style=\"font-family: -apple-system, BlinkMacSystemFont, 'Segoe UI', Roboto, Oxygen-Sans, Ubuntu, Cantarell, 'Helvetica Neue', sans-serif;\" src=\"https:\/\/www.glueckchenfueller.ch\/wp-content\/uploads\/2023\/01\/13er_Liebes_Schnaeppchen-300x300.jpg\" alt=\"\" width=\"300\" height=\"300\" srcset=\"https:\/\/www.glueckchenfueller.ch\/wp-content\/uploads\/2023\/01\/13er_Liebes_Schnaeppchen-300x300.jpg 300w, https:\/\/www.glueckchenfueller.ch\/wp-content\/uploads\/2023\/01\/13er_Liebes_Schnaeppchen-550x550.jpg 550w, https:\/\/www.glueckchenfueller.ch\/wp-content\/uploads\/2023\/01\/13er_Liebes_Schnaeppchen-220x220.jpg 220w, https:\/\/www.glueckchenfueller.ch\/wp-content\/uploads\/2023\/01\/13er_Liebes_Schnaeppchen-820x820.jpg 820w, https:\/\/www.glueckchenfueller.ch\/wp-content\/uploads\/2023\/01\/13er_Liebes_Schnaeppchen-1024x1024.jpg 1024w, https:\/\/www.glueckchenfueller.ch\/wp-content\/uploads\/2023\/01\/13er_Liebes_Schnaeppchen-150x150.jpg 150w, https:\/\/www.glueckchenfueller.ch\/wp-content\/uploads\/2023\/01\/13er_Liebes_Schnaeppchen-768x768.jpg 768w, https:\/\/www.glueckchenfueller.ch\/wp-content\/uploads\/2023\/01\/13er_Liebes_Schnaeppchen-1536x1536.jpg 1536w, https:\/\/www.glueckchenfueller.ch\/wp-content\/uploads\/2023\/01\/13er_Liebes_Schnaeppchen-468x468.jpg 468w, https:\/\/www.glueckchenfueller.ch\/wp-content\/uploads\/2023\/01\/13er_Liebes_Schnaeppchen-1116x1116.jpg 1116w, https:\/\/www.glueckchenfueller.ch\/wp-content\/uploads\/2023\/01\/13er_Liebes_Schnaeppchen-806x806.jpg 806w, https:\/\/www.glueckchenfueller.ch\/wp-content\/uploads\/2023\/01\/13er_Liebes_Schnaeppchen-558x558.jpg 558w, https:\/\/www.glueckchenfueller.ch\/wp-content\/uploads\/2023\/01\/13er_Liebes_Schnaeppchen-655x655.jpg 655w, https:\/\/www.glueckchenfueller.ch\/wp-content\/uploads\/2023\/01\/13er_Liebes_Schnaeppchen-500x500.jpg 500w, https:\/\/www.glueckchenfueller.ch\/wp-content\/uploads\/2023\/01\/13er_Liebes_Schnaeppchen.jpg 1600w\" sizes=\"auto, (max-width: 300px) 100vw, 300px\" \/><\/p>\n","protected":false},"excerpt":{"rendered":"<p>Dieses tolle Schn\u00e4ppchenset beinhaltet 13 Postkarten zum Thema Liebe und 13 farblich dazu passende Couverts. Du bezahlst nur 30.- statt 39.- im Einzelpreis. Geschenksidee: auf 12 Karten ein paar liebe Worte schreiben, ins Couvert stecken. Die beschenkte Person darf dann ein Jahr lang einmal pro Monat eine Nachricht von dir \u00f6ffnen. Wenn man die Karten&hellip;<\/p>\n","protected":false},"featured_media":4019,"comment_status":"open","ping_status":"closed","template":"","meta":{"_acf_changed":false,"jetpack_post_was_ever_published":false,"jetpack_publicize_message":"","jetpack_publicize_feature_enabled":true,"jetpack_social_post_already_shared":true,"jetpack_social_options":{"image_generator_settings":{"template":"highway","default_image_id":0,"font":"","enabled":false},"version":2}},"product_brand":[],"product_cat":[303],"product_tag":[324],"class_list":{"0":"post-4014","1":"product","2":"type-product","3":"status-publish","4":"has-post-thumbnail","6":"product_cat-o-schnaeppchensets","7":"product_tag-schnaeppchensets","9":"first","10":"outofstock","11":"sale","12":"taxable","13":"shipping-taxable","14":"purchasable","15":"product-type-simple","17":"catalog-layout-default","18":"columns-xs-1"},"acf":[],"jetpack_publicize_connections":[],"jetpack_sharing_enabled":true,"jetpack_likes_enabled":true,"_links":{"self":[{"href":"https:\/\/www.glueckchenfueller.ch\/index.php?rest_route=\/wp\/v2\/product\/4014","targetHints":{"allow":["GET"]}}],"collection":[{"href":"https:\/\/www.glueckchenfueller.ch\/index.php?rest_route=\/wp\/v2\/product"}],"about":[{"href":"https:\/\/www.glueckchenfueller.ch\/index.php?rest_route=\/wp\/v2\/types\/product"}],"replies":[{"embeddable":true,"href":"https:\/\/www.glueckchenfueller.ch\/index.php?rest_route=%2Fwp%2Fv2%2Fcomments&post=4014"}],"wp:featuredmedia":[{"embeddable":true,"href":"https:\/\/www.glueckchenfueller.ch\/index.php?rest_route=\/wp\/v2\/media\/4019"}],"wp:attachment":[{"href":"https:\/\/www.glueckchenfueller.ch\/index.php?rest_route=%2Fwp%2Fv2%2Fmedia&parent=4014"}],"wp:term":[{"taxonomy":"product_brand","embeddable":true,"href":"https:\/\/www.glueckchenfueller.ch\/index.php?rest_route=%2Fwp%2Fv2%2Fproduct_brand&post=4014"},{"taxonomy":"product_cat","embeddable":true,"href":"https:\/\/www.glueckchenfueller.ch\/index.php?rest_route=%2Fwp%2Fv2%2Fproduct_cat&post=4014"},{"taxonomy":"product_tag","embeddable":true,"href":"https:\/\/www.glueckchenfueller.ch\/index.php?rest_route=%2Fwp%2Fv2%2Fproduct_tag&post=4014"}],"curies":[{"name":"wp","href":"https:\/\/api.w.org\/{rel}","templated":true}]}}