{"id":3778,"date":"2022-11-09T10:12:19","date_gmt":"2022-11-09T10:12:19","guid":{"rendered":"https:\/\/www.glueckchenfueller.ch\/?post_type=product&#038;p=3778"},"modified":"2025-11-07T13:14:56","modified_gmt":"2025-11-07T13:14:56","slug":"postkarten-adventskalender-fixfertig-verpackt","status":"publish","type":"product","link":"https:\/\/www.glueckchenfueller.ch\/?product=postkarten-adventskalender-fixfertig-verpackt","title":{"rendered":"A1 Postkarten-Adventskalender | fixfertig verpackt"},"content":{"rendered":"<p>Dieses Postkarten Adventskalender-Set besteht aus 12 quer- und 12 hochformatigen Gl\u00fcckchenf\u00fcller Weihnachts- und Winterkarten, verpackt in 24 unterschiedlichen farbigen Couverts. Auf diesen sind 24 neonrote Klebepunkte mit den Zahlen 1 bis 24 drauf geklebt. Auf den verpackten Postkarten kleben zu den Motiven passende witzige oder besinnliche Reime drauf. Diese Etiketten kann man danach wieder weg nehmen und die Postkarte beschreiben und verschicken. Im Preis inbegriffen sind ebenfalls 24 bunte Metallklammern und eine lange schwarze Packschnur, um die Couverts daran aufzuh\u00e4ngen.<\/p>\n<p>Die beschenkte Person bekommt so von Ihnen ohne Aufwand 24 einen tollen Postkarten-Adventskalender. Sie machen ihr damit jeden Tag vom 1. Dezember bis zum 24. Dezember eine grosse Freude. Nat\u00fcrlich k\u00f6nnen Sie sich diesen Adventskalender auch selber schenken ;-).<\/p>\n<p>Sie bezahlen f\u00fcr das Komplett-Set Fr. 100.- (statt 120.- Warenwert) Plus Paketporto Fr. 9.-.<\/p>\n<p>Ein 24er Postkartenset und ein 24er Couvertset gibt es auch separat zu kaufen, da k\u00f6nnten Sie selber etwas auf die Karten schreiben.<\/p>\n<p>Wenn Sie gerne Fr. 20.- sparen m\u00f6chten, eignet sich der Adventskalender in Einzelteilen zum selber verpacken f\u00fcr Fr. 80.- sehr gut. Bei diesem m\u00fcssen Sie die Reime noch drauf kleben und die Karten in die Couverts schieben. Es gibt aber bei dieser g\u00fcnstigeren Variante keine Metallklammern und keine Schur dazu.<\/p>\n<p>Wenn Sie gerne wissen m\u00f6chten, was die 24 Karten f\u00fcr Motive haben, k\u00f6nnen Sie beim anderen Adventskalender Angebot nach schauen. Hier soll es eine \u00dcberraschung bleiben.<\/p>\n<p><strong>Tipp<\/strong>: Dieses Angebot passt super zu den beiden Gl\u00fcckchen-Rahmen und Gl\u00fcckchen-Kartenhalter Sets. Mit diesen Gl\u00fcckchen kann man die Karten h\u00fcbsch ausstellen. Zusammen ist es somit ein praktisches Vorweihnachts-Geschenk das ganz sicher gl\u00fccklich macht.<\/p>\n","protected":false},"excerpt":{"rendered":"<p>Dieses Postkarten Adventskalender-Set besteht aus 12 quer- und 12 hochformatigen Gl\u00fcckchenf\u00fcller Weihnachts- und Winterkarten, verpackt in 24 unterschiedlichen farbigen Couverts. Auf diesen sind 24 neonrote Klebepunkte mit den Zahlen 1 bis 24 drauf geklebt. Auf den verpackten Postkarten kleben zu den Motiven passende witzige oder besinnliche Reime drauf. Diese Etiketten kann man danach wieder weg&hellip;<\/p>\n","protected":false},"featured_media":3779,"comment_status":"open","ping_status":"closed","template":"","meta":{"_acf_changed":false,"jetpack_post_was_ever_published":false,"jetpack_publicize_message":"","jetpack_publicize_feature_enabled":true,"jetpack_social_post_already_shared":true,"jetpack_social_options":{"image_generator_settings":{"template":"highway","default_image_id":0,"font":"","enabled":false},"version":2}},"product_brand":[],"product_cat":[253,303],"product_tag":[312,145],"class_list":{"0":"post-3778","1":"product","2":"type-product","3":"status-publish","4":"has-post-thumbnail","6":"product_cat-l-adventskalender","7":"product_cat-o-schnaeppchensets","8":"product_tag-adventskalender","9":"product_tag-weihnachten","10":"product_shipping_class-waren-bis-5kg","12":"first","13":"instock","14":"sale","15":"taxable","16":"shipping-taxable","17":"purchasable","18":"product-type-simple","20":"catalog-layout-default","21":"columns-xs-1"},"acf":[],"jetpack_publicize_connections":[],"jetpack_sharing_enabled":true,"jetpack_likes_enabled":true,"_links":{"self":[{"href":"https:\/\/www.glueckchenfueller.ch\/index.php?rest_route=\/wp\/v2\/product\/3778","targetHints":{"allow":["GET"]}}],"collection":[{"href":"https:\/\/www.glueckchenfueller.ch\/index.php?rest_route=\/wp\/v2\/product"}],"about":[{"href":"https:\/\/www.glueckchenfueller.ch\/index.php?rest_route=\/wp\/v2\/types\/product"}],"replies":[{"embeddable":true,"href":"https:\/\/www.glueckchenfueller.ch\/index.php?rest_route=%2Fwp%2Fv2%2Fcomments&post=3778"}],"wp:featuredmedia":[{"embeddable":true,"href":"https:\/\/www.glueckchenfueller.ch\/index.php?rest_route=\/wp\/v2\/media\/3779"}],"wp:attachment":[{"href":"https:\/\/www.glueckchenfueller.ch\/index.php?rest_route=%2Fwp%2Fv2%2Fmedia&parent=3778"}],"wp:term":[{"taxonomy":"product_brand","embeddable":true,"href":"https:\/\/www.glueckchenfueller.ch\/index.php?rest_route=%2Fwp%2Fv2%2Fproduct_brand&post=3778"},{"taxonomy":"product_cat","embeddable":true,"href":"https:\/\/www.glueckchenfueller.ch\/index.php?rest_route=%2Fwp%2Fv2%2Fproduct_cat&post=3778"},{"taxonomy":"product_tag","embeddable":true,"href":"https:\/\/www.glueckchenfueller.ch\/index.php?rest_route=%2Fwp%2Fv2%2Fproduct_tag&post=3778"}],"curies":[{"name":"wp","href":"https:\/\/api.w.org\/{rel}","templated":true}]}}