{"id":3300,"date":"2022-06-26T15:32:49","date_gmt":"2022-06-26T15:32:49","guid":{"rendered":"https:\/\/www.glueckchenfueller.ch\/?post_type=product&#038;p=3300"},"modified":"2025-10-12T20:47:39","modified_gmt":"2025-10-12T20:47:39","slug":"spuren-in-schlamm","status":"publish","type":"product","link":"https:\/\/www.glueckchenfueller.ch\/?product=spuren-in-schlamm","title":{"rendered":"Spuren in Schlamm | Kunstwerk gross"},"content":{"rendered":"<p>Original Kunstwerk von Mirjam Knecht W\u00e4ger.<\/p>\n<p>Acryl und Pigment auf Leinwand | 80 x 120 cm | 2013<\/p>\n<p>Sie m\u00f6chten dieses Bild gerne live vor Ort anschauen? Einige meiner Kunstwerke stehen in Turgi AG, andere befinden sich in Ausstellungen oder werden in M\u00f6belh\u00e4usern pr\u00e4sentiert. Fragen Sie gerne per Mail nach, wo dieses Bild zu besichtigen ist.<\/p>\n<p>Die grossen Kunstwerke werden nicht verschickt, nur Abholung in Turgi oder am Ausstellungsort.<\/p>\n<p>Auf\u00a0<a href=\"http:\/\/www.kopfsprung.ch\">http:\/\/www.kopfsprung.ch<\/a> sehen Sie auch noch \u00e4ltere schon verkaufte Kunstwerke.<\/p>\n<p><img loading=\"lazy\" decoding=\"async\" class=\"alignnone size-medium wp-image-3258\" src=\"https:\/\/www.glueckchenfueller.ch\/wp-content\/uploads\/2022\/06\/Spuren-in-Schlamm_Detail2-300x300.jpg\" alt=\"\" width=\"300\" height=\"300\" srcset=\"https:\/\/www.glueckchenfueller.ch\/wp-content\/uploads\/2022\/06\/Spuren-in-Schlamm_Detail2-300x300.jpg 300w, https:\/\/www.glueckchenfueller.ch\/wp-content\/uploads\/2022\/06\/Spuren-in-Schlamm_Detail2-550x550.jpg 550w, https:\/\/www.glueckchenfueller.ch\/wp-content\/uploads\/2022\/06\/Spuren-in-Schlamm_Detail2-220x220.jpg 220w, https:\/\/www.glueckchenfueller.ch\/wp-content\/uploads\/2022\/06\/Spuren-in-Schlamm_Detail2-820x820.jpg 820w, https:\/\/www.glueckchenfueller.ch\/wp-content\/uploads\/2022\/06\/Spuren-in-Schlamm_Detail2-1024x1024.jpg 1024w, https:\/\/www.glueckchenfueller.ch\/wp-content\/uploads\/2022\/06\/Spuren-in-Schlamm_Detail2-150x150.jpg 150w, https:\/\/www.glueckchenfueller.ch\/wp-content\/uploads\/2022\/06\/Spuren-in-Schlamm_Detail2-768x768.jpg 768w, https:\/\/www.glueckchenfueller.ch\/wp-content\/uploads\/2022\/06\/Spuren-in-Schlamm_Detail2-468x468.jpg 468w, https:\/\/www.glueckchenfueller.ch\/wp-content\/uploads\/2022\/06\/Spuren-in-Schlamm_Detail2-1116x1116.jpg 1116w, https:\/\/www.glueckchenfueller.ch\/wp-content\/uploads\/2022\/06\/Spuren-in-Schlamm_Detail2-806x806.jpg 806w, https:\/\/www.glueckchenfueller.ch\/wp-content\/uploads\/2022\/06\/Spuren-in-Schlamm_Detail2-558x558.jpg 558w, https:\/\/www.glueckchenfueller.ch\/wp-content\/uploads\/2022\/06\/Spuren-in-Schlamm_Detail2-655x655.jpg 655w, https:\/\/www.glueckchenfueller.ch\/wp-content\/uploads\/2022\/06\/Spuren-in-Schlamm_Detail2-500x500.jpg 500w, https:\/\/www.glueckchenfueller.ch\/wp-content\/uploads\/2022\/06\/Spuren-in-Schlamm_Detail2-600x600.jpg 600w, https:\/\/www.glueckchenfueller.ch\/wp-content\/uploads\/2022\/06\/Spuren-in-Schlamm_Detail2.jpg 1181w\" sizes=\"auto, (max-width: 300px) 100vw, 300px\" \/> <img loading=\"lazy\" decoding=\"async\" class=\"alignnone size-medium wp-image-3257\" src=\"https:\/\/www.glueckchenfueller.ch\/wp-content\/uploads\/2022\/06\/Spuren-in-Schlamm_Detail1-300x300.jpg\" alt=\"\" width=\"300\" height=\"300\" srcset=\"https:\/\/www.glueckchenfueller.ch\/wp-content\/uploads\/2022\/06\/Spuren-in-Schlamm_Detail1-300x300.jpg 300w, https:\/\/www.glueckchenfueller.ch\/wp-content\/uploads\/2022\/06\/Spuren-in-Schlamm_Detail1-550x550.jpg 550w, https:\/\/www.glueckchenfueller.ch\/wp-content\/uploads\/2022\/06\/Spuren-in-Schlamm_Detail1-220x220.jpg 220w, https:\/\/www.glueckchenfueller.ch\/wp-content\/uploads\/2022\/06\/Spuren-in-Schlamm_Detail1-820x820.jpg 820w, https:\/\/www.glueckchenfueller.ch\/wp-content\/uploads\/2022\/06\/Spuren-in-Schlamm_Detail1-1024x1024.jpg 1024w, https:\/\/www.glueckchenfueller.ch\/wp-content\/uploads\/2022\/06\/Spuren-in-Schlamm_Detail1-150x150.jpg 150w, https:\/\/www.glueckchenfueller.ch\/wp-content\/uploads\/2022\/06\/Spuren-in-Schlamm_Detail1-768x768.jpg 768w, https:\/\/www.glueckchenfueller.ch\/wp-content\/uploads\/2022\/06\/Spuren-in-Schlamm_Detail1-468x468.jpg 468w, https:\/\/www.glueckchenfueller.ch\/wp-content\/uploads\/2022\/06\/Spuren-in-Schlamm_Detail1-1116x1116.jpg 1116w, https:\/\/www.glueckchenfueller.ch\/wp-content\/uploads\/2022\/06\/Spuren-in-Schlamm_Detail1-806x806.jpg 806w, https:\/\/www.glueckchenfueller.ch\/wp-content\/uploads\/2022\/06\/Spuren-in-Schlamm_Detail1-558x558.jpg 558w, https:\/\/www.glueckchenfueller.ch\/wp-content\/uploads\/2022\/06\/Spuren-in-Schlamm_Detail1-655x655.jpg 655w, https:\/\/www.glueckchenfueller.ch\/wp-content\/uploads\/2022\/06\/Spuren-in-Schlamm_Detail1-500x500.jpg 500w, https:\/\/www.glueckchenfueller.ch\/wp-content\/uploads\/2022\/06\/Spuren-in-Schlamm_Detail1-600x600.jpg 600w, https:\/\/www.glueckchenfueller.ch\/wp-content\/uploads\/2022\/06\/Spuren-in-Schlamm_Detail1.jpg 1181w\" sizes=\"auto, (max-width: 300px) 100vw, 300px\" \/> <img loading=\"lazy\" decoding=\"async\" class=\"alignnone size-medium wp-image-3259\" src=\"https:\/\/www.glueckchenfueller.ch\/wp-content\/uploads\/2022\/06\/Spuren-in-Schlamm-300x300.jpg\" alt=\"\" width=\"300\" height=\"300\" \/><img loading=\"lazy\" decoding=\"async\" class=\"alignnone size-medium wp-image-3301\" src=\"https:\/\/www.glueckchenfueller.ch\/wp-content\/uploads\/2022\/06\/1090140-225x300.jpg\" alt=\"\" width=\"225\" height=\"300\" srcset=\"https:\/\/www.glueckchenfueller.ch\/wp-content\/uploads\/2022\/06\/1090140-225x300.jpg 225w, https:\/\/www.glueckchenfueller.ch\/wp-content\/uploads\/2022\/06\/1090140-scaled-550x733.jpg 550w, https:\/\/www.glueckchenfueller.ch\/wp-content\/uploads\/2022\/06\/1090140-scaled-820x1093.jpg 820w, https:\/\/www.glueckchenfueller.ch\/wp-content\/uploads\/2022\/06\/1090140-768x1024.jpg 768w, https:\/\/www.glueckchenfueller.ch\/wp-content\/uploads\/2022\/06\/1090140-1152x1536.jpg 1152w, https:\/\/www.glueckchenfueller.ch\/wp-content\/uploads\/2022\/06\/1090140-1536x2048.jpg 1536w, https:\/\/www.glueckchenfueller.ch\/wp-content\/uploads\/2022\/06\/1090140-1612x2149.jpg 1612w, https:\/\/www.glueckchenfueller.ch\/wp-content\/uploads\/2022\/06\/1090140-1116x1488.jpg 1116w, https:\/\/www.glueckchenfueller.ch\/wp-content\/uploads\/2022\/06\/1090140-806x1074.jpg 806w, https:\/\/www.glueckchenfueller.ch\/wp-content\/uploads\/2022\/06\/1090140-558x744.jpg 558w, https:\/\/www.glueckchenfueller.ch\/wp-content\/uploads\/2022\/06\/1090140-655x873.jpg 655w, https:\/\/www.glueckchenfueller.ch\/wp-content\/uploads\/2022\/06\/1090140-600x800.jpg 600w, https:\/\/www.glueckchenfueller.ch\/wp-content\/uploads\/2022\/06\/1090140-scaled.jpg 1920w\" sizes=\"auto, (max-width: 225px) 100vw, 225px\" \/><\/p>\n","protected":false},"excerpt":{"rendered":"<p>Original Kunstwerk von Mirjam Knecht W\u00e4ger. Acryl und Pigment auf Leinwand | 80 x 120 cm | 2013 Sie m\u00f6chten dieses Bild gerne live vor Ort anschauen? Einige meiner Kunstwerke stehen in Turgi AG, andere befinden sich in Ausstellungen oder werden in M\u00f6belh\u00e4usern pr\u00e4sentiert. Fragen Sie gerne per Mail nach, wo dieses Bild zu besichtigen&hellip;<\/p>\n","protected":false},"featured_media":3259,"comment_status":"open","ping_status":"closed","template":"","meta":{"_acf_changed":false,"jetpack_post_was_ever_published":false,"jetpack_publicize_message":"","jetpack_publicize_feature_enabled":true,"jetpack_social_post_already_shared":true,"jetpack_social_options":{"image_generator_settings":{"template":"highway","default_image_id":0,"font":"","enabled":false},"version":2}},"product_brand":[],"product_cat":[258],"product_tag":[211,316],"class_list":{"0":"post-3300","1":"product","2":"type-product","3":"status-publish","4":"has-post-thumbnail","6":"product_cat-m-kunst-abstrakt","7":"product_tag-kunst","8":"product_tag-kunstwerk","9":"product_shipping_class-keine-versandkosten","11":"first","12":"outofstock","13":"taxable","14":"shipping-taxable","15":"purchasable","16":"product-type-simple","18":"catalog-layout-default","19":"columns-xs-1"},"acf":[],"jetpack_publicize_connections":[],"jetpack_sharing_enabled":true,"jetpack_likes_enabled":true,"_links":{"self":[{"href":"https:\/\/www.glueckchenfueller.ch\/index.php?rest_route=\/wp\/v2\/product\/3300","targetHints":{"allow":["GET"]}}],"collection":[{"href":"https:\/\/www.glueckchenfueller.ch\/index.php?rest_route=\/wp\/v2\/product"}],"about":[{"href":"https:\/\/www.glueckchenfueller.ch\/index.php?rest_route=\/wp\/v2\/types\/product"}],"replies":[{"embeddable":true,"href":"https:\/\/www.glueckchenfueller.ch\/index.php?rest_route=%2Fwp%2Fv2%2Fcomments&post=3300"}],"wp:featuredmedia":[{"embeddable":true,"href":"https:\/\/www.glueckchenfueller.ch\/index.php?rest_route=\/wp\/v2\/media\/3259"}],"wp:attachment":[{"href":"https:\/\/www.glueckchenfueller.ch\/index.php?rest_route=%2Fwp%2Fv2%2Fmedia&parent=3300"}],"wp:term":[{"taxonomy":"product_brand","embeddable":true,"href":"https:\/\/www.glueckchenfueller.ch\/index.php?rest_route=%2Fwp%2Fv2%2Fproduct_brand&post=3300"},{"taxonomy":"product_cat","embeddable":true,"href":"https:\/\/www.glueckchenfueller.ch\/index.php?rest_route=%2Fwp%2Fv2%2Fproduct_cat&post=3300"},{"taxonomy":"product_tag","embeddable":true,"href":"https:\/\/www.glueckchenfueller.ch\/index.php?rest_route=%2Fwp%2Fv2%2Fproduct_tag&post=3300"}],"curies":[{"name":"wp","href":"https:\/\/api.w.org\/{rel}","templated":true}]}}