{"id":2745,"date":"2021-12-31T11:09:13","date_gmt":"2021-12-31T11:09:13","guid":{"rendered":"https:\/\/www.glueckchenfueller.ch\/?post_type=product&#038;p=2745"},"modified":"2025-12-07T13:25:32","modified_gmt":"2025-12-07T13:25:32","slug":"bestellliste-fuer-haendler","status":"publish","type":"product","link":"https:\/\/www.glueckchenfueller.ch\/?product=bestellliste-fuer-haendler","title":{"rendered":"Kartenkatalog 2023"},"content":{"rendered":"<p><a href=\"https:\/\/www.glueckchenfueller.ch\/wp-content\/uploads\/2021\/12\/Karten_Formular_Website_23_m_Link.pdf\">Karten_Formular_Website_23_m_Link<\/a><\/p>\n<p>Hier kann man meinen Kartenkatalog mit allen 223 Produkten in den unterschiedlichen Kategorien anklicken, anschauen und selber gratis herunter laden. Man sieht so schneller, was f\u00fcr Karten im Sortiment sind und hat danach die M\u00f6glichkeit, im Shop nach den Nummern suchen. <span style=\"color: #ff0000;\">Bitte daf\u00fcr den obigen Link zum \u00f6ffnen anklicken, dann k\u00f6nnen Sie das PDF zu Hause selber ausdrucken. <\/span><\/p>\n<p>Sie haben keinen Drucker und m\u00f6chten den Kartenkatalog trotzdem auf Papier gedruckt? Dann k\u00f6nnen Sie diesen in den Warenkorb legen und f\u00fcr 5.- kaufen. Ich schicke Ihnen dann die 18 seitige Brosch\u00fcre ausgedruckt per Post zu. Vielen Dank!<\/p>\n<p>&nbsp;<\/p>\n","protected":false},"excerpt":{"rendered":"<p>Karten_Formular_Website_23_m_Link Hier kann man meinen Kartenkatalog mit allen 223 Produkten in den unterschiedlichen Kategorien anklicken, anschauen und selber gratis herunter laden. Man sieht so schneller, was f\u00fcr Karten im Sortiment sind und hat danach die M\u00f6glichkeit, im Shop nach den Nummern suchen. Bitte daf\u00fcr den obigen Link zum \u00f6ffnen anklicken, dann k\u00f6nnen Sie das PDF&hellip;<\/p>\n","protected":false},"featured_media":3364,"comment_status":"open","ping_status":"closed","template":"","meta":{"_acf_changed":false,"jetpack_post_was_ever_published":false,"jetpack_publicize_message":"","jetpack_publicize_feature_enabled":true,"jetpack_social_post_already_shared":true,"jetpack_social_options":{"image_generator_settings":{"template":"highway","default_image_id":0,"font":"","enabled":false},"version":2}},"product_brand":[],"product_cat":[63],"product_tag":[],"class_list":{"0":"post-2745","1":"product","2":"type-product","3":"status-publish","4":"has-post-thumbnail","6":"product_cat-unkategorisiert","8":"first","9":"instock","10":"taxable","11":"shipping-taxable","12":"purchasable","13":"product-type-simple","15":"catalog-layout-default","16":"columns-xs-1"},"acf":[],"jetpack_publicize_connections":[],"jetpack_sharing_enabled":true,"jetpack_likes_enabled":true,"_links":{"self":[{"href":"https:\/\/www.glueckchenfueller.ch\/index.php?rest_route=\/wp\/v2\/product\/2745","targetHints":{"allow":["GET"]}}],"collection":[{"href":"https:\/\/www.glueckchenfueller.ch\/index.php?rest_route=\/wp\/v2\/product"}],"about":[{"href":"https:\/\/www.glueckchenfueller.ch\/index.php?rest_route=\/wp\/v2\/types\/product"}],"replies":[{"embeddable":true,"href":"https:\/\/www.glueckchenfueller.ch\/index.php?rest_route=%2Fwp%2Fv2%2Fcomments&post=2745"}],"wp:featuredmedia":[{"embeddable":true,"href":"https:\/\/www.glueckchenfueller.ch\/index.php?rest_route=\/wp\/v2\/media\/3364"}],"wp:attachment":[{"href":"https:\/\/www.glueckchenfueller.ch\/index.php?rest_route=%2Fwp%2Fv2%2Fmedia&parent=2745"}],"wp:term":[{"taxonomy":"product_brand","embeddable":true,"href":"https:\/\/www.glueckchenfueller.ch\/index.php?rest_route=%2Fwp%2Fv2%2Fproduct_brand&post=2745"},{"taxonomy":"product_cat","embeddable":true,"href":"https:\/\/www.glueckchenfueller.ch\/index.php?rest_route=%2Fwp%2Fv2%2Fproduct_cat&post=2745"},{"taxonomy":"product_tag","embeddable":true,"href":"https:\/\/www.glueckchenfueller.ch\/index.php?rest_route=%2Fwp%2Fv2%2Fproduct_tag&post=2745"}],"curies":[{"name":"wp","href":"https:\/\/api.w.org\/{rel}","templated":true}]}}