{"id":2555,"date":"2021-11-01T17:41:58","date_gmt":"2021-11-01T17:41:58","guid":{"rendered":"https:\/\/www.glueckchenfueller.ch\/?post_type=product&#038;p=2555"},"modified":"2024-02-01T09:13:14","modified_gmt":"2024-02-01T09:13:14","slug":"postkarten-adventskalender-komplettes-set","status":"publish","type":"product","link":"https:\/\/www.glueckchenfueller.ch\/?product=postkarten-adventskalender-komplettes-set","title":{"rendered":"A2 Postkarten-Adventskalender | Set zum selber fertig stellen"},"content":{"rendered":"<p>Dieses Adventskalender-Set besteht aus 12 quer- und 12 hochformatigen Gl\u00fcckchenf\u00fcller Weihnachts- und Winterkarten. Dazu gibt es 24 neonrote Klebepunkte, auf diese k\u00f6nnen Sie die Zahlen schreiben. Im Preis inbegriffen sind ebenfalls 24 Briefumschl\u00e4ge C6 in unterschiedlichen Farben und 24 zu den Motiven passende Weihnachtsreime, gedruckt auf drei B\u00f6gen Klebe-Etiketten. Diese k\u00f6nnen Sie dann selber auf die Karten kleben und m\u00fcssten nichts mehr dazu schreiben. Die Klebe-Etiketten lassen sich wieder abl\u00f6sen, die Karten kann man danach wieder neu beschreiben und verschicken.<\/p>\n<p>Die beschenkte Person bekommt so von Ihnen mit wenig Aufwand 24 witzige oder besinnliche Nachrichten auf diesen Postkarten. Sie machen ihr damit jeden Tag vom 1. Dezember bis zum 24. Dezember eine grosse Freude.<\/p>\n<p>Sie bezahlen f\u00fcr das Komplett-Set Fr. 80.- (statt 100.- Warenwert) plus Fr. 9.- Porto. ein 24er Kartenset und ein 24er Couvertset gibt es auch separat zu kaufen.<\/p>\n<p>Wenn Sie sich selber einen Adventskalender schenken m\u00f6chten, eignet sich der fixfertige f\u00fcr Fr. 100.- besser, weil Sie dann t\u00e4glich \u00fcberrascht werden. Wenn Sie alles selber verpacken m\u00fcssen, ist die \u00dcberraschung nat\u00fcrlich weg.<\/p>\n<p><strong>Tipp<\/strong>: Dieses Angebot passt super zu den beiden Gl\u00fcckchen-Rahmen und Gl\u00fcckchen-Kartenhalter Sets. Mit diesen Gl\u00fcckchen kann man die Karten h\u00fcbsch ausstellen. Zusammen ist es somit ein praktisches Vorweihnachts-Geschenk das ganz sicher gl\u00fccklich macht.<\/p>\n","protected":false},"excerpt":{"rendered":"<p>Dieses Adventskalender-Set besteht aus 12 quer- und 12 hochformatigen Gl\u00fcckchenf\u00fcller Weihnachts- und Winterkarten. Dazu gibt es 24 neonrote Klebepunkte, auf diese k\u00f6nnen Sie die Zahlen schreiben. Im Preis inbegriffen sind ebenfalls 24 Briefumschl\u00e4ge C6 in unterschiedlichen Farben und 24 zu den Motiven passende Weihnachtsreime, gedruckt auf drei B\u00f6gen Klebe-Etiketten. Diese k\u00f6nnen Sie dann selber auf&hellip;<\/p>\n","protected":false},"featured_media":2552,"comment_status":"open","ping_status":"closed","template":"","meta":{"_acf_changed":false,"jetpack_post_was_ever_published":false,"jetpack_publicize_message":"","jetpack_publicize_feature_enabled":true,"jetpack_social_post_already_shared":true,"jetpack_social_options":{"image_generator_settings":{"template":"highway","default_image_id":0,"font":"","enabled":false},"version":2}},"product_brand":[],"product_cat":[253],"product_tag":[312,145],"class_list":{"0":"post-2555","1":"product","2":"type-product","3":"status-publish","4":"has-post-thumbnail","6":"product_cat-l-adventskalender","7":"product_tag-adventskalender","8":"product_tag-weihnachten","9":"product_shipping_class-waren-bis-5kg","11":"first","12":"outofstock","13":"sale","14":"taxable","15":"shipping-taxable","16":"purchasable","17":"product-type-simple","19":"catalog-layout-default","20":"columns-xs-1"},"acf":[],"jetpack_publicize_connections":[],"jetpack_sharing_enabled":true,"jetpack_likes_enabled":true,"_links":{"self":[{"href":"https:\/\/www.glueckchenfueller.ch\/index.php?rest_route=\/wp\/v2\/product\/2555","targetHints":{"allow":["GET"]}}],"collection":[{"href":"https:\/\/www.glueckchenfueller.ch\/index.php?rest_route=\/wp\/v2\/product"}],"about":[{"href":"https:\/\/www.glueckchenfueller.ch\/index.php?rest_route=\/wp\/v2\/types\/product"}],"replies":[{"embeddable":true,"href":"https:\/\/www.glueckchenfueller.ch\/index.php?rest_route=%2Fwp%2Fv2%2Fcomments&post=2555"}],"wp:featuredmedia":[{"embeddable":true,"href":"https:\/\/www.glueckchenfueller.ch\/index.php?rest_route=\/wp\/v2\/media\/2552"}],"wp:attachment":[{"href":"https:\/\/www.glueckchenfueller.ch\/index.php?rest_route=%2Fwp%2Fv2%2Fmedia&parent=2555"}],"wp:term":[{"taxonomy":"product_brand","embeddable":true,"href":"https:\/\/www.glueckchenfueller.ch\/index.php?rest_route=%2Fwp%2Fv2%2Fproduct_brand&post=2555"},{"taxonomy":"product_cat","embeddable":true,"href":"https:\/\/www.glueckchenfueller.ch\/index.php?rest_route=%2Fwp%2Fv2%2Fproduct_cat&post=2555"},{"taxonomy":"product_tag","embeddable":true,"href":"https:\/\/www.glueckchenfueller.ch\/index.php?rest_route=%2Fwp%2Fv2%2Fproduct_tag&post=2555"}],"curies":[{"name":"wp","href":"https:\/\/api.w.org\/{rel}","templated":true}]}}