{"id":2554,"date":"2021-11-01T17:24:14","date_gmt":"2021-11-01T17:24:14","guid":{"rendered":"https:\/\/www.glueckchenfueller.ch\/?post_type=product&#038;p=2554"},"modified":"2022-11-09T12:35:22","modified_gmt":"2022-11-09T12:35:22","slug":"24-weihnachtsreime-auf-klebeetiketten","status":"publish","type":"product","link":"https:\/\/www.glueckchenfueller.ch\/?product=24-weihnachtsreime-auf-klebeetiketten","title":{"rendered":"Weihnachtsreime | 3 Klebe-Etiketten-Bl\u00e4tter \u00e0 8 Reime"},"content":{"rendered":"<p>Sie haben keine Zeit, Ideen oder Lust, 24 Karten zu beschreiben, m\u00f6chten aber trotzdem einen Postkarten-Adventskalender einer Ihnen lieben Person schenken?<\/p>\n<p>Auf diesen drei B\u00f6gen Klebe-Etiketten hat es 24 vierzeilige Reime, welche zu den einzelnen Kartenmotiven passen. Pro Gedicht bezahlen Sie 1.-, vier Gedichte sind gratis.<\/p>\n<p>Das Format der einzelnen Klebe-Etiketten ist 74 x 105 mm, sie sind wieder abl\u00f6sbar. Die Karten k\u00f6nnen daher sp\u00e4ter weiter verwendet und beschrieben werden.<\/p>\n<p>Kaufen Sie in separaten Sets den 24 teiligen Karten-Adventskalender inkl. 24 roten Klebepunkten und die 24 unterschiedlichen Couverts. So k\u00f6nnen Sie ohne viel Aufwand eine grosse Advents\u00fcberraschung machen.<\/p>\n<p>&nbsp;<\/p>\n","protected":false},"excerpt":{"rendered":"<p>Sie haben keine Zeit, Ideen oder Lust, 24 Karten zu beschreiben, m\u00f6chten aber trotzdem einen Postkarten-Adventskalender einer Ihnen lieben Person schenken? Auf diesen drei B\u00f6gen Klebe-Etiketten hat es 24 vierzeilige Reime, welche zu den einzelnen Kartenmotiven passen. Pro Gedicht bezahlen Sie 1.-, vier Gedichte sind gratis. Das Format der einzelnen Klebe-Etiketten ist 74 x 105&hellip;<\/p>\n","protected":false},"featured_media":2545,"comment_status":"open","ping_status":"closed","template":"","meta":{"_acf_changed":false,"jetpack_post_was_ever_published":false,"jetpack_publicize_message":"","jetpack_publicize_feature_enabled":true,"jetpack_social_post_already_shared":true,"jetpack_social_options":{"image_generator_settings":{"template":"highway","default_image_id":0,"font":"","enabled":false},"version":2}},"product_brand":[],"product_cat":[253],"product_tag":[312,145],"class_list":{"0":"post-2554","1":"product","2":"type-product","3":"status-publish","4":"has-post-thumbnail","6":"product_cat-l-adventskalender","7":"product_tag-adventskalender","8":"product_tag-weihnachten","10":"first","11":"outofstock","12":"taxable","13":"shipping-taxable","14":"purchasable","15":"product-type-simple","17":"catalog-layout-default","18":"columns-xs-1"},"acf":[],"jetpack_publicize_connections":[],"jetpack_sharing_enabled":true,"jetpack_likes_enabled":true,"_links":{"self":[{"href":"https:\/\/www.glueckchenfueller.ch\/index.php?rest_route=\/wp\/v2\/product\/2554","targetHints":{"allow":["GET"]}}],"collection":[{"href":"https:\/\/www.glueckchenfueller.ch\/index.php?rest_route=\/wp\/v2\/product"}],"about":[{"href":"https:\/\/www.glueckchenfueller.ch\/index.php?rest_route=\/wp\/v2\/types\/product"}],"replies":[{"embeddable":true,"href":"https:\/\/www.glueckchenfueller.ch\/index.php?rest_route=%2Fwp%2Fv2%2Fcomments&post=2554"}],"wp:featuredmedia":[{"embeddable":true,"href":"https:\/\/www.glueckchenfueller.ch\/index.php?rest_route=\/wp\/v2\/media\/2545"}],"wp:attachment":[{"href":"https:\/\/www.glueckchenfueller.ch\/index.php?rest_route=%2Fwp%2Fv2%2Fmedia&parent=2554"}],"wp:term":[{"taxonomy":"product_brand","embeddable":true,"href":"https:\/\/www.glueckchenfueller.ch\/index.php?rest_route=%2Fwp%2Fv2%2Fproduct_brand&post=2554"},{"taxonomy":"product_cat","embeddable":true,"href":"https:\/\/www.glueckchenfueller.ch\/index.php?rest_route=%2Fwp%2Fv2%2Fproduct_cat&post=2554"},{"taxonomy":"product_tag","embeddable":true,"href":"https:\/\/www.glueckchenfueller.ch\/index.php?rest_route=%2Fwp%2Fv2%2Fproduct_tag&post=2554"}],"curies":[{"name":"wp","href":"https:\/\/api.w.org\/{rel}","templated":true}]}}