{"id":2221,"date":"2021-06-07T20:40:51","date_gmt":"2021-06-07T20:40:51","guid":{"rendered":"https:\/\/www.glueckchenfueller.ch\/?post_type=product&#038;p=2221"},"modified":"2025-12-07T08:59:26","modified_gmt":"2025-12-07T08:59:26","slug":"20-postkarten-zum-schnaeppchenpreis","status":"publish","type":"product","link":"https:\/\/www.glueckchenfueller.ch\/?product=20-postkarten-zum-schnaeppchenpreis","title":{"rendered":"20 Postkarten zum Schn\u00e4ppchenpreis"},"content":{"rendered":"<p>Ein tolles \u00dcberraschungs-Postkarten-Set zum Schn\u00e4ppchenpreis: Es beinhaltet 20 unterschiedliche Postkarten aus verschiedenen Kategorien. Sie haben zum Teil kleine Druckfehler wie Punkte, Farbver\u00e4nderungen oder Gestaltungsfehler, einige sind aus fr\u00fcheren Druckserien und haben deshalb andere Papiere wie 300g\/450g Baumwollpapier oder die Ecken sind nicht mehr so sch\u00f6n. Alle Karten kann man immer noch sehr gut gebrauchen, ich kann sie aber wegen den kleinen Mankos oder anderen Papierqualit\u00e4ten einfach nicht mehr f\u00fcr 2.- im Onlineshop verkaufen. Falls jemand mehrere Sets bestellt, kann es sein dass man dann ein paar Karten doppelt hat.<\/p>\n<p>Hier kostet eine Karte Fr. 0.80, also 20 Karten f\u00fcr 16.- statt f\u00fcr Fr. 48.- (Fr. 2.40 das St\u00fcck). Dieses Angebot gilt nur f\u00fcr private K\u00e4ufer, nicht f\u00fcr H\u00e4ndler.<\/p>\n<p>Viel Spass beim Kr\u00f6mlen \ud83d\ude42<\/p>\n<p>&nbsp;<\/p>\n<p><img loading=\"lazy\" decoding=\"async\" class=\"alignnone size-medium wp-image-3403\" src=\"https:\/\/www.glueckchenfueller.ch\/wp-content\/uploads\/2022\/08\/Schnaeppchensets_verpackt_q-300x300.jpg\" alt=\"\" width=\"300\" height=\"300\" srcset=\"https:\/\/www.glueckchenfueller.ch\/wp-content\/uploads\/2022\/08\/Schnaeppchensets_verpackt_q-300x300.jpg 300w, https:\/\/www.glueckchenfueller.ch\/wp-content\/uploads\/2022\/08\/Schnaeppchensets_verpackt_q-550x550.jpg 550w, https:\/\/www.glueckchenfueller.ch\/wp-content\/uploads\/2022\/08\/Schnaeppchensets_verpackt_q-220x220.jpg 220w, https:\/\/www.glueckchenfueller.ch\/wp-content\/uploads\/2022\/08\/Schnaeppchensets_verpackt_q-820x820.jpg 820w, https:\/\/www.glueckchenfueller.ch\/wp-content\/uploads\/2022\/08\/Schnaeppchensets_verpackt_q-1024x1024.jpg 1024w, https:\/\/www.glueckchenfueller.ch\/wp-content\/uploads\/2022\/08\/Schnaeppchensets_verpackt_q-150x150.jpg 150w, https:\/\/www.glueckchenfueller.ch\/wp-content\/uploads\/2022\/08\/Schnaeppchensets_verpackt_q-768x768.jpg 768w, https:\/\/www.glueckchenfueller.ch\/wp-content\/uploads\/2022\/08\/Schnaeppchensets_verpackt_q-1536x1536.jpg 1536w, https:\/\/www.glueckchenfueller.ch\/wp-content\/uploads\/2022\/08\/Schnaeppchensets_verpackt_q-468x468.jpg 468w, https:\/\/www.glueckchenfueller.ch\/wp-content\/uploads\/2022\/08\/Schnaeppchensets_verpackt_q-1116x1116.jpg 1116w, https:\/\/www.glueckchenfueller.ch\/wp-content\/uploads\/2022\/08\/Schnaeppchensets_verpackt_q-806x806.jpg 806w, https:\/\/www.glueckchenfueller.ch\/wp-content\/uploads\/2022\/08\/Schnaeppchensets_verpackt_q-558x558.jpg 558w, https:\/\/www.glueckchenfueller.ch\/wp-content\/uploads\/2022\/08\/Schnaeppchensets_verpackt_q-655x655.jpg 655w, https:\/\/www.glueckchenfueller.ch\/wp-content\/uploads\/2022\/08\/Schnaeppchensets_verpackt_q-500x500.jpg 500w, https:\/\/www.glueckchenfueller.ch\/wp-content\/uploads\/2022\/08\/Schnaeppchensets_verpackt_q.jpg 1600w\" sizes=\"auto, (max-width: 300px) 100vw, 300px\" \/> <img loading=\"lazy\" decoding=\"async\" class=\"alignnone size-medium wp-image-3402\" src=\"https:\/\/www.glueckchenfueller.ch\/wp-content\/uploads\/2022\/08\/Schnaeppchenset_Turm-300x300.jpg\" alt=\"\" width=\"300\" height=\"300\" srcset=\"https:\/\/www.glueckchenfueller.ch\/wp-content\/uploads\/2022\/08\/Schnaeppchenset_Turm-300x300.jpg 300w, https:\/\/www.glueckchenfueller.ch\/wp-content\/uploads\/2022\/08\/Schnaeppchenset_Turm-550x550.jpg 550w, https:\/\/www.glueckchenfueller.ch\/wp-content\/uploads\/2022\/08\/Schnaeppchenset_Turm-220x220.jpg 220w, https:\/\/www.glueckchenfueller.ch\/wp-content\/uploads\/2022\/08\/Schnaeppchenset_Turm-820x820.jpg 820w, https:\/\/www.glueckchenfueller.ch\/wp-content\/uploads\/2022\/08\/Schnaeppchenset_Turm-1024x1024.jpg 1024w, https:\/\/www.glueckchenfueller.ch\/wp-content\/uploads\/2022\/08\/Schnaeppchenset_Turm-150x150.jpg 150w, https:\/\/www.glueckchenfueller.ch\/wp-content\/uploads\/2022\/08\/Schnaeppchenset_Turm-768x768.jpg 768w, https:\/\/www.glueckchenfueller.ch\/wp-content\/uploads\/2022\/08\/Schnaeppchenset_Turm-1536x1536.jpg 1536w, https:\/\/www.glueckchenfueller.ch\/wp-content\/uploads\/2022\/08\/Schnaeppchenset_Turm-468x468.jpg 468w, https:\/\/www.glueckchenfueller.ch\/wp-content\/uploads\/2022\/08\/Schnaeppchenset_Turm-1116x1116.jpg 1116w, https:\/\/www.glueckchenfueller.ch\/wp-content\/uploads\/2022\/08\/Schnaeppchenset_Turm-806x806.jpg 806w, https:\/\/www.glueckchenfueller.ch\/wp-content\/uploads\/2022\/08\/Schnaeppchenset_Turm-558x558.jpg 558w, https:\/\/www.glueckchenfueller.ch\/wp-content\/uploads\/2022\/08\/Schnaeppchenset_Turm-655x655.jpg 655w, https:\/\/www.glueckchenfueller.ch\/wp-content\/uploads\/2022\/08\/Schnaeppchenset_Turm-500x500.jpg 500w, https:\/\/www.glueckchenfueller.ch\/wp-content\/uploads\/2022\/08\/Schnaeppchenset_Turm-600x600.jpg 600w, https:\/\/www.glueckchenfueller.ch\/wp-content\/uploads\/2022\/08\/Schnaeppchenset_Turm.jpg 1600w\" sizes=\"auto, (max-width: 300px) 100vw, 300px\" \/><\/p>\n","protected":false},"excerpt":{"rendered":"<p>Ein tolles \u00dcberraschungs-Postkarten-Set zum Schn\u00e4ppchenpreis: Es beinhaltet 20 unterschiedliche Postkarten aus verschiedenen Kategorien. Sie haben zum Teil kleine Druckfehler wie Punkte, Farbver\u00e4nderungen oder Gestaltungsfehler, einige sind aus fr\u00fcheren Druckserien und haben deshalb andere Papiere wie 300g\/450g Baumwollpapier oder die Ecken sind nicht mehr so sch\u00f6n. Alle Karten kann man immer noch sehr gut gebrauchen, ich&hellip;<\/p>\n","protected":false},"featured_media":5448,"comment_status":"open","ping_status":"closed","template":"","meta":{"_acf_changed":false,"jetpack_post_was_ever_published":false,"jetpack_publicize_message":"","jetpack_publicize_feature_enabled":true,"jetpack_social_post_already_shared":true,"jetpack_social_options":{"image_generator_settings":{"template":"highway","default_image_id":0,"font":"","enabled":false},"version":2}},"product_brand":[],"product_cat":[303],"product_tag":[305,304],"class_list":{"0":"post-2221","1":"product","2":"type-product","3":"status-publish","4":"has-post-thumbnail","6":"product_cat-o-schnaeppchensets","7":"product_tag-aktion","8":"product_tag-schnaeppchen","10":"first","11":"outofstock","12":"sale","13":"taxable","14":"shipping-taxable","15":"purchasable","16":"product-type-simple","18":"catalog-layout-default","19":"columns-xs-1"},"acf":[],"jetpack_publicize_connections":[],"jetpack_sharing_enabled":true,"jetpack_likes_enabled":true,"_links":{"self":[{"href":"https:\/\/www.glueckchenfueller.ch\/index.php?rest_route=\/wp\/v2\/product\/2221","targetHints":{"allow":["GET"]}}],"collection":[{"href":"https:\/\/www.glueckchenfueller.ch\/index.php?rest_route=\/wp\/v2\/product"}],"about":[{"href":"https:\/\/www.glueckchenfueller.ch\/index.php?rest_route=\/wp\/v2\/types\/product"}],"replies":[{"embeddable":true,"href":"https:\/\/www.glueckchenfueller.ch\/index.php?rest_route=%2Fwp%2Fv2%2Fcomments&post=2221"}],"wp:featuredmedia":[{"embeddable":true,"href":"https:\/\/www.glueckchenfueller.ch\/index.php?rest_route=\/wp\/v2\/media\/5448"}],"wp:attachment":[{"href":"https:\/\/www.glueckchenfueller.ch\/index.php?rest_route=%2Fwp%2Fv2%2Fmedia&parent=2221"}],"wp:term":[{"taxonomy":"product_brand","embeddable":true,"href":"https:\/\/www.glueckchenfueller.ch\/index.php?rest_route=%2Fwp%2Fv2%2Fproduct_brand&post=2221"},{"taxonomy":"product_cat","embeddable":true,"href":"https:\/\/www.glueckchenfueller.ch\/index.php?rest_route=%2Fwp%2Fv2%2Fproduct_cat&post=2221"},{"taxonomy":"product_tag","embeddable":true,"href":"https:\/\/www.glueckchenfueller.ch\/index.php?rest_route=%2Fwp%2Fv2%2Fproduct_tag&post=2221"}],"curies":[{"name":"wp","href":"https:\/\/api.w.org\/{rel}","templated":true}]}}