{"id":1783,"date":"2020-12-20T22:57:06","date_gmt":"2020-12-20T22:57:06","guid":{"rendered":"https:\/\/www.glueckchenfueller.ch\/?product=gutscheinkarte"},"modified":"2025-01-24T14:15:05","modified_gmt":"2025-01-24T14:15:05","slug":"gutscheinkarte","status":"publish","type":"product","link":"https:\/\/www.glueckchenfueller.ch\/?product=gutscheinkarte","title":{"rendered":"Wert-Gutscheine f\u00fcr Gl\u00fcckchenf\u00fcller.ch Onlineshop"},"content":{"rendered":"<p>Sie k\u00f6nnen hier digitale Gutscheine f\u00fcr folgende Betr\u00e4ge kaufen:<\/p>\n<p>Fr. 10.-\/ Fr. 20.-\/ Fr. 30.-\/ Fr. 40.-\/ Fr. 50.-\/ Fr. 100.-\/ Fr. 109.- \/ Fr. 150.-\/ Fr. 170.-\/ Fr. 200.-<\/p>\n<p><span style=\"color: #ff0000;\">ACHTUNG: Dr\u00fccken Sie UNTER den Text &#8222;Geschenkkarten Betrag&#8220;, dann geht ein Fenster mit den verschiedenen Betr\u00e4gen auf.<\/span><\/p>\n<p><strong>Diese sind online f\u00fcr alle Produkte im Gl\u00fcckchenf\u00fcller.ch Onlineshop einl\u00f6sbar<\/strong>.<\/p>\n<p>Der Gutscheinbetrag Fr. 109.- ist speziell f\u00fcr den Kartenhalter (inkl 9.- Porto) geeignet.<br \/>\nDer Gutscheinbetrag Fr. 150.- ist f\u00fcr die Stempelschnitzkurse geeignet.<\/p>\n<ul>\n<li>Sie k\u00f6nnen vor der Bezahlung eine pers\u00f6nliche Mitteilung an die beschenkte Person hinterlassen.<\/li>\n<li>Sie k\u00f6nnen den Gutschein auch an Ihre eigene Email Adresse schicken lassen und sp\u00e4ter den Code an eine andere Person weiter geben.<\/li>\n<\/ul>\n<p>Nach abgeschlossener Bezahlung wird der beschenkten Person (oder Ihnen) eine Email mit einem Code zugestellt, der danach im Onlineshop im Geschenkkarten-Feld eingel\u00f6st werden kann. Es gibt im Email einen gr\u00fcnen &#8222;einl\u00f6sen&#8220; Button, wenn man auf diesen klickt, \u00f6ffnet sich der Gl\u00fcckchenf\u00fcller.ch Onlineshop und der Gutscheincode ist schon im Geschenkkarten-Feld drin, der Betrag wird am Schluss von der Rechnung abgezogen.<\/p>\n<p>Infos zu den Kursen auf der Website unter der Rubrik <strong>Kurse.<\/strong><\/p>\n<p><strong>Kursort:<\/strong><br \/>\nGl\u00fcckchenf\u00fcller.ch<br \/>\nSpinnereistrasse 5<br \/>\n5300 Turgi<\/p>\n<p><strong>Gutscheine f\u00fcr Kurse einl\u00f6sen:<\/strong><br \/>\nWenn die ausgestellten Gutscheine eingel\u00f6st werden, muss man im Shop unter der Rubrik &#8222;N | Kurse | Gutscheine&#8220; einen Stempelschnitz-Kurs Platz kaufen und am Schluss vor der Bezahlung im Geschenkkarten-Feld den Gutscheincode eingeben.<\/p>\n<p><b>Der Gutschein kann nat\u00fcrlich nur einmal, entweder f\u00fcr Produkte oder f\u00fcr\u00a0Kurse, eingel\u00f6st werden!<\/b><\/p>\n","protected":false},"excerpt":{"rendered":"<p>Sie k\u00f6nnen hier digitale Gutscheine f\u00fcr folgende Betr\u00e4ge kaufen: Fr. 10.-\/ Fr. 20.-\/ Fr. 30.-\/ Fr. 40.-\/ Fr. 50.-\/ Fr. 100.-\/ Fr. 109.- \/ Fr. 150.-\/ Fr. 170.-\/ Fr. 200.- ACHTUNG: Dr\u00fccken Sie UNTER den Text &#8222;Geschenkkarten Betrag&#8220;, dann geht ein Fenster mit den verschiedenen Betr\u00e4gen auf. Diese sind online f\u00fcr alle Produkte im Gl\u00fcckchenf\u00fcller.ch&hellip;<\/p>\n","protected":false},"featured_media":1768,"comment_status":"open","ping_status":"closed","template":"","meta":{"_acf_changed":false,"jetpack_post_was_ever_published":false,"jetpack_publicize_message":"","jetpack_publicize_feature_enabled":true,"jetpack_social_post_already_shared":true,"jetpack_social_options":{"image_generator_settings":{"template":"highway","default_image_id":0,"font":"","enabled":false},"version":2}},"product_brand":[],"product_cat":[63,285],"product_tag":[194,287,275],"class_list":{"0":"post-1783","1":"product","2":"type-product","3":"status-publish","4":"has-post-thumbnail","6":"product_cat-unkategorisiert","7":"product_cat-o-kurse-gutscheine","8":"product_tag-gutschein","9":"product_tag-kurse","10":"product_tag-onlineshop","12":"first","13":"instock","14":"purchasable","15":"product-type-pw-gift-card","17":"catalog-layout-default","18":"columns-xs-1"},"acf":[],"jetpack_publicize_connections":[],"jetpack_sharing_enabled":true,"jetpack_likes_enabled":true,"_links":{"self":[{"href":"https:\/\/www.glueckchenfueller.ch\/index.php?rest_route=\/wp\/v2\/product\/1783","targetHints":{"allow":["GET"]}}],"collection":[{"href":"https:\/\/www.glueckchenfueller.ch\/index.php?rest_route=\/wp\/v2\/product"}],"about":[{"href":"https:\/\/www.glueckchenfueller.ch\/index.php?rest_route=\/wp\/v2\/types\/product"}],"replies":[{"embeddable":true,"href":"https:\/\/www.glueckchenfueller.ch\/index.php?rest_route=%2Fwp%2Fv2%2Fcomments&post=1783"}],"wp:featuredmedia":[{"embeddable":true,"href":"https:\/\/www.glueckchenfueller.ch\/index.php?rest_route=\/wp\/v2\/media\/1768"}],"wp:attachment":[{"href":"https:\/\/www.glueckchenfueller.ch\/index.php?rest_route=%2Fwp%2Fv2%2Fmedia&parent=1783"}],"wp:term":[{"taxonomy":"product_brand","embeddable":true,"href":"https:\/\/www.glueckchenfueller.ch\/index.php?rest_route=%2Fwp%2Fv2%2Fproduct_brand&post=1783"},{"taxonomy":"product_cat","embeddable":true,"href":"https:\/\/www.glueckchenfueller.ch\/index.php?rest_route=%2Fwp%2Fv2%2Fproduct_cat&post=1783"},{"taxonomy":"product_tag","embeddable":true,"href":"https:\/\/www.glueckchenfueller.ch\/index.php?rest_route=%2Fwp%2Fv2%2Fproduct_tag&post=1783"}],"curies":[{"name":"wp","href":"https:\/\/api.w.org\/{rel}","templated":true}]}}