{"id":1424,"date":"2020-10-03T21:37:16","date_gmt":"2020-10-03T21:37:16","guid":{"rendered":"https:\/\/www.glueckchenfueller.ch\/?post_type=product&#038;p=1424"},"modified":"2023-08-11T11:11:50","modified_gmt":"2023-08-11T11:11:50","slug":"24-farben-set-briefumschlaege-c6","status":"publish","type":"product","link":"https:\/\/www.glueckchenfueller.ch\/?product=24-farben-set-briefumschlaege-c6","title":{"rendered":"Briefumschl\u00e4ge 24er C6 Set | 24 Farben"},"content":{"rendered":"<p>Dieses Set besteht aus 24 unterschiedlichen bunten Couverts\/Briefumschl\u00e4ge C6 |<br \/>\n&#8222;Mosaic&#8220;, &#8222;Perle&#8220; und &#8222;Nordana&#8220; von Artoz | 162x114mm |<\/p>\n<p>90 &#8211; 120gm2 ungef\u00fcttert | 24 Farben, matt, glitzernd oder gl\u00e4nzend<\/p>\n<p>Vier Couverts sind in diesem Angebot offeriert, Sie bezahlen also nur Chf 20.- statt Chf 24.-<\/p>\n<p>Dieses Angebot passt sehr gut zum 24er Weihnachtskarten-Set.<\/p>\n<p><strong>Adventskalender-Tipp:<\/strong><br \/>\nBeschreiben Sie die Karten aus dem Postkartenset mit lieben Worten und stecken Sie sie in diese 24 Briefumschl\u00e4ge. Oder bestellen Sie grad eines der zwei Adventskalender-Angebote. So k\u00f6nnen Ihre Liebsten im Advent jeden Tag eine sch\u00f6ne Botschaft von Ihnen lesen. Mit den passenden Gl\u00fcckchen Kartenhaltern lassen sich die Botschaften h\u00fcbsch aufstellen.<br \/>\nEin tolles Vorweihnachtsgeschenk!<\/p>\n","protected":false},"excerpt":{"rendered":"<p>Dieses Set besteht aus 24 unterschiedlichen bunten Couverts\/Briefumschl\u00e4ge C6 | &#8222;Mosaic&#8220;, &#8222;Perle&#8220; und &#8222;Nordana&#8220; von Artoz | 162x114mm | 90 &#8211; 120gm2 ungef\u00fcttert | 24 Farben, matt, glitzernd oder gl\u00e4nzend Vier Couverts sind in diesem Angebot offeriert, Sie bezahlen also nur Chf 20.- statt Chf 24.- Dieses Angebot passt sehr gut zum 24er Weihnachtskarten-Set. Adventskalender-Tipp:&hellip;<\/p>\n","protected":false},"featured_media":3709,"comment_status":"open","ping_status":"closed","template":"","meta":{"_acf_changed":false,"jetpack_post_was_ever_published":false,"jetpack_publicize_message":"","jetpack_publicize_feature_enabled":true,"jetpack_social_post_already_shared":true,"jetpack_social_options":{"image_generator_settings":{"template":"highway","default_image_id":0,"font":"","enabled":false},"version":2}},"product_brand":[],"product_cat":[253,327],"product_tag":[261,260,264,262],"class_list":{"0":"post-1424","1":"product","2":"type-product","3":"status-publish","4":"has-post-thumbnail","6":"product_cat-l-adventskalender","7":"product_cat-q-couverts","8":"product_tag-briefumschlaege","9":"product_tag-couverts","10":"product_tag-postkarten","11":"product_tag-postkartenshop","13":"first","14":"outofstock","15":"sale","16":"taxable","17":"shipping-taxable","18":"purchasable","19":"product-type-simple","21":"catalog-layout-default","22":"columns-xs-1"},"acf":[],"jetpack_publicize_connections":[],"jetpack_sharing_enabled":true,"jetpack_likes_enabled":true,"_links":{"self":[{"href":"https:\/\/www.glueckchenfueller.ch\/index.php?rest_route=\/wp\/v2\/product\/1424","targetHints":{"allow":["GET"]}}],"collection":[{"href":"https:\/\/www.glueckchenfueller.ch\/index.php?rest_route=\/wp\/v2\/product"}],"about":[{"href":"https:\/\/www.glueckchenfueller.ch\/index.php?rest_route=\/wp\/v2\/types\/product"}],"replies":[{"embeddable":true,"href":"https:\/\/www.glueckchenfueller.ch\/index.php?rest_route=%2Fwp%2Fv2%2Fcomments&post=1424"}],"wp:featuredmedia":[{"embeddable":true,"href":"https:\/\/www.glueckchenfueller.ch\/index.php?rest_route=\/wp\/v2\/media\/3709"}],"wp:attachment":[{"href":"https:\/\/www.glueckchenfueller.ch\/index.php?rest_route=%2Fwp%2Fv2%2Fmedia&parent=1424"}],"wp:term":[{"taxonomy":"product_brand","embeddable":true,"href":"https:\/\/www.glueckchenfueller.ch\/index.php?rest_route=%2Fwp%2Fv2%2Fproduct_brand&post=1424"},{"taxonomy":"product_cat","embeddable":true,"href":"https:\/\/www.glueckchenfueller.ch\/index.php?rest_route=%2Fwp%2Fv2%2Fproduct_cat&post=1424"},{"taxonomy":"product_tag","embeddable":true,"href":"https:\/\/www.glueckchenfueller.ch\/index.php?rest_route=%2Fwp%2Fv2%2Fproduct_tag&post=1424"}],"curies":[{"name":"wp","href":"https:\/\/api.w.org\/{rel}","templated":true}]}}