{"id":1362,"date":"2020-10-02T12:42:52","date_gmt":"2020-10-02T12:42:52","guid":{"rendered":"https:\/\/www.glueckchenfueller.ch\/?post_type=product&#038;p=1362"},"modified":"2024-10-10T07:22:15","modified_gmt":"2024-10-10T07:22:15","slug":"24-weihnachtskarten-adventskalender","status":"publish","type":"product","link":"https:\/\/www.glueckchenfueller.ch\/?product=24-weihnachtskarten-adventskalender","title":{"rendered":"Weihnachtskarten-24er Set | geeignet f\u00fcr Adventskalender"},"content":{"rendered":"<p>Dieses Postkarten-Set besteht aus 12 Querformat und 12 Hochformat Gl\u00fcckchenf\u00fcller Weihnachts- und Winterkarten und ist somit geeignet als Adventskalender.<\/p>\n<p>Schreiben Sie Ihrer liebsten Person 24 pers\u00f6nliche Nachrichten auf diese Karten und machen Sie ihr so jeden Tag vom 1. Dezember bis zum 24 Dezember eine grosse Freude. Sie bezahlen nur 20 Karten, vier im Wert von 8.- sind in diesem Angebot offeriert.\u00a0Die Karten sind abwechselnd hoch und quer im B\u00fcndel angeordnet.<\/p>\n<p><strong>Tipp<\/strong>: Sie haben nicht so viel Zeit oder es fehlt an Ideen, um die 24 Karten zu beschreiben? Dann kaufen Sie doch eines der zwei Postkarten-Adventskalender-Sets.<\/p>\n<p>Dieses Angebot passt super zu den beiden Gl\u00fcckchen-Rahmen und Gl\u00fcckchen-Kartenhalter Sets. Mit diesen Gl\u00fcckchen kann man die Karten h\u00fcbsch ausstellen. Zusammen ist es somit ein praktisches Vorweihnachts-Geschenk das ganz sicher gl\u00fccklich macht.<\/p>\n<p>In einem weiteren Set k\u00f6nnen Sie 24 passende Briefumschl\u00e4ge C6 kaufen.<\/p>\n","protected":false},"excerpt":{"rendered":"<p>Dieses Postkarten-Set besteht aus 12 Querformat und 12 Hochformat Gl\u00fcckchenf\u00fcller Weihnachts- und Winterkarten und ist somit geeignet als Adventskalender. Schreiben Sie Ihrer liebsten Person 24 pers\u00f6nliche Nachrichten auf diese Karten und machen Sie ihr so jeden Tag vom 1. Dezember bis zum 24 Dezember eine grosse Freude. Sie bezahlen nur 20 Karten, vier im Wert&hellip;<\/p>\n","protected":false},"featured_media":2553,"comment_status":"open","ping_status":"closed","template":"","meta":{"_acf_changed":false,"jetpack_post_was_ever_published":false,"jetpack_publicize_message":"","jetpack_publicize_feature_enabled":true,"jetpack_social_post_already_shared":true,"jetpack_social_options":{"image_generator_settings":{"template":"highway","default_image_id":0,"font":"","enabled":false},"version":2}},"product_brand":[],"product_cat":[253],"product_tag":[312,264,262,145],"class_list":{"0":"post-1362","1":"product","2":"type-product","3":"status-publish","4":"has-post-thumbnail","6":"product_cat-l-adventskalender","7":"product_tag-adventskalender","8":"product_tag-postkarten","9":"product_tag-postkartenshop","10":"product_tag-weihnachten","12":"first","13":"outofstock","14":"sale","15":"taxable","16":"shipping-taxable","17":"purchasable","18":"product-type-simple","20":"catalog-layout-default","21":"columns-xs-1"},"acf":[],"jetpack_publicize_connections":[],"jetpack_sharing_enabled":true,"jetpack_likes_enabled":true,"_links":{"self":[{"href":"https:\/\/www.glueckchenfueller.ch\/index.php?rest_route=\/wp\/v2\/product\/1362","targetHints":{"allow":["GET"]}}],"collection":[{"href":"https:\/\/www.glueckchenfueller.ch\/index.php?rest_route=\/wp\/v2\/product"}],"about":[{"href":"https:\/\/www.glueckchenfueller.ch\/index.php?rest_route=\/wp\/v2\/types\/product"}],"replies":[{"embeddable":true,"href":"https:\/\/www.glueckchenfueller.ch\/index.php?rest_route=%2Fwp%2Fv2%2Fcomments&post=1362"}],"wp:featuredmedia":[{"embeddable":true,"href":"https:\/\/www.glueckchenfueller.ch\/index.php?rest_route=\/wp\/v2\/media\/2553"}],"wp:attachment":[{"href":"https:\/\/www.glueckchenfueller.ch\/index.php?rest_route=%2Fwp%2Fv2%2Fmedia&parent=1362"}],"wp:term":[{"taxonomy":"product_brand","embeddable":true,"href":"https:\/\/www.glueckchenfueller.ch\/index.php?rest_route=%2Fwp%2Fv2%2Fproduct_brand&post=1362"},{"taxonomy":"product_cat","embeddable":true,"href":"https:\/\/www.glueckchenfueller.ch\/index.php?rest_route=%2Fwp%2Fv2%2Fproduct_cat&post=1362"},{"taxonomy":"product_tag","embeddable":true,"href":"https:\/\/www.glueckchenfueller.ch\/index.php?rest_route=%2Fwp%2Fv2%2Fproduct_tag&post=1362"}],"curies":[{"name":"wp","href":"https:\/\/api.w.org\/{rel}","templated":true}]}}