{"id":1361,"date":"2020-10-02T12:27:50","date_gmt":"2020-10-02T12:27:50","guid":{"rendered":"https:\/\/www.glueckchenfueller.ch\/?post_type=product&#038;p=1361"},"modified":"2024-02-01T08:56:11","modified_gmt":"2024-02-01T08:56:11","slug":"glueckchen-rahmen","status":"publish","type":"product","link":"https:\/\/www.glueckchenfueller.ch\/?product=glueckchen-rahmen","title":{"rendered":"Gl\u00fcckchen Rahmen"},"content":{"rendered":"<p>Gl\u00fcckchenf\u00fcller Postkarten f\u00fcllen Gl\u00fcckchen-Rahmen.<\/p>\n<p>Diesen schweren Metall-Rahmen aus Winkeleisen k\u00f6nnen Sie beidseitig mit Karten oder Fotos bef\u00fcllen. Mit den acht mitgelieferten\u00a0Magneten k\u00f6nnen Sie die Karten vorne und\/oder hinten an den Metallstiften befestigen. Die Bilder wirken durch den Abstand im Rahmen wie schwebend.<br \/>\nDer Gl\u00fcckchen-Rahmen l\u00e4sst sich aufstellen oder aufh\u00e4ngen.<\/p>\n<p>Zum Rahmen gibt es zwei gratis Gl\u00fcckchenf\u00fcller Postkarten dazu. Alles wird h\u00fcbsch verpackt und kommt per Post innert vier Tagen in einer Karton-Schachtel. Es eignet sich daher sehr gut als Geschenk. Falls Sie einen Wunsch betreffend den zwei gratis Karten haben, geben Sie bei der Bestellung im Feld Kommentar Ihre gew\u00fcnschten zwei Nummern an. Ich lege sonst selber ausgew\u00e4hlte Karten bei.<\/p>\n<p>Ebenfalls k\u00f6nnen Sie dieses Set direkt an eine geliebte Person schicken lassen, bitte dann im Kommentarfeld erw\u00e4hnen, dass es ein Geschenk von Ihnen an eine andere Person ist und bei der Lieferadresse die der beschenkten Person angeben. Falls Sie noch eine pers\u00f6nliche handgeschriebene Mitteilung w\u00fcnschen, bitte diese ebenfalls angeben.<\/p>\n<p>In einem weiteren Angebot k\u00f6nnen Sie ein Set mit 24 Weihnachts-Postkarten kaufen, dieses eignet sich sehr gut als pers\u00f6nlich beschreibbarer Adventskalender.<br \/>\nSchauen Sie doch auch noch die anderen Sets an.<\/p>\n<p>Ich w\u00fcnsche viel Freude beim f\u00fcllen der Gl\u00fcckchen-Rahmen.<\/p>\n<p>&nbsp;<\/p>\n<p>Idee + Design:\u00a0\u00a9 Mirjam Knecht W\u00e4ger<br \/>\nUmsetzung: Metallbau Froelich AG, Untersiggenthal<\/p>\n<p><a href=\"https:\/\/www.glueckchenfueller.ch\/wp-content\/uploads\/2020\/10\/Glueckchenrahmen.mov\">Kurze Film-<\/a><a href=\"https:\/\/www.glueckchenfueller.ch\/wp-content\/uploads\/2020\/10\/Glueckchenrahmen.mov\">Pr\u00e4sentation\u00a0<\/a><a href=\"https:\/\/www.glueckchenfueller.ch\/wp-content\/uploads\/2020\/10\/Glueckchenrahmen.mov\">des Gl\u00fcckchen-Rahmen. Hier Klicken!<\/a><\/p>\n","protected":false},"excerpt":{"rendered":"<p>Gl\u00fcckchenf\u00fcller Postkarten f\u00fcllen Gl\u00fcckchen-Rahmen. Diesen schweren Metall-Rahmen aus Winkeleisen k\u00f6nnen Sie beidseitig mit Karten oder Fotos bef\u00fcllen. Mit den acht mitgelieferten\u00a0Magneten k\u00f6nnen Sie die Karten vorne und\/oder hinten an den Metallstiften befestigen. Die Bilder wirken durch den Abstand im Rahmen wie schwebend. Der Gl\u00fcckchen-Rahmen l\u00e4sst sich aufstellen oder aufh\u00e4ngen. Zum Rahmen gibt es zwei gratis&hellip;<\/p>\n","protected":false},"featured_media":1320,"comment_status":"open","ping_status":"closed","template":"","meta":{"_acf_changed":false,"jetpack_post_was_ever_published":false,"jetpack_publicize_message":"","jetpack_publicize_feature_enabled":true,"jetpack_social_post_already_shared":true,"jetpack_social_options":{"image_generator_settings":{"template":"highway","default_image_id":0,"font":"","enabled":false},"version":2}},"product_brand":[],"product_cat":[63,252],"product_tag":[264,262],"class_list":{"0":"post-1361","1":"product","2":"type-product","3":"status-publish","4":"has-post-thumbnail","6":"product_cat-unkategorisiert","7":"product_cat-s-kartenhalter-rahmen","8":"product_tag-postkarten","9":"product_tag-postkartenshop","10":"product_shipping_class-waren-bis-5kg","12":"first","13":"instock","14":"sale","15":"taxable","16":"shipping-taxable","17":"purchasable","18":"product-type-simple","20":"catalog-layout-default","21":"columns-xs-1"},"acf":[],"jetpack_publicize_connections":[],"jetpack_sharing_enabled":true,"jetpack_likes_enabled":true,"_links":{"self":[{"href":"https:\/\/www.glueckchenfueller.ch\/index.php?rest_route=\/wp\/v2\/product\/1361","targetHints":{"allow":["GET"]}}],"collection":[{"href":"https:\/\/www.glueckchenfueller.ch\/index.php?rest_route=\/wp\/v2\/product"}],"about":[{"href":"https:\/\/www.glueckchenfueller.ch\/index.php?rest_route=\/wp\/v2\/types\/product"}],"replies":[{"embeddable":true,"href":"https:\/\/www.glueckchenfueller.ch\/index.php?rest_route=%2Fwp%2Fv2%2Fcomments&post=1361"}],"wp:featuredmedia":[{"embeddable":true,"href":"https:\/\/www.glueckchenfueller.ch\/index.php?rest_route=\/wp\/v2\/media\/1320"}],"wp:attachment":[{"href":"https:\/\/www.glueckchenfueller.ch\/index.php?rest_route=%2Fwp%2Fv2%2Fmedia&parent=1361"}],"wp:term":[{"taxonomy":"product_brand","embeddable":true,"href":"https:\/\/www.glueckchenfueller.ch\/index.php?rest_route=%2Fwp%2Fv2%2Fproduct_brand&post=1361"},{"taxonomy":"product_cat","embeddable":true,"href":"https:\/\/www.glueckchenfueller.ch\/index.php?rest_route=%2Fwp%2Fv2%2Fproduct_cat&post=1361"},{"taxonomy":"product_tag","embeddable":true,"href":"https:\/\/www.glueckchenfueller.ch\/index.php?rest_route=%2Fwp%2Fv2%2Fproduct_tag&post=1361"}],"curies":[{"name":"wp","href":"https:\/\/api.w.org\/{rel}","templated":true}]}}