{"id":1357,"date":"2020-10-02T10:40:06","date_gmt":"2020-10-02T10:40:06","guid":{"rendered":"https:\/\/www.glueckchenfueller.ch\/?post_type=product&#038;p=1357"},"modified":"2024-01-02T19:40:08","modified_gmt":"2024-01-02T19:40:08","slug":"glueckchen-kartenhalter-set","status":"publish","type":"product","link":"https:\/\/www.glueckchenfueller.ch\/?product=glueckchen-kartenhalter-set","title":{"rendered":"Gl\u00fcckchen Kartenhalter"},"content":{"rendered":"<p>Gl\u00fcckchenf\u00fcller Postkarten f\u00fcllen Gl\u00fcckchen.<\/p>\n<p>Dieses Angebot ist ein Set aus zwei Gl\u00fcckchen Kartenhaltern aus 10x10mm Vierkant-Stahlst\u00e4ben in den Formaten 148mm (Querformat) und 105mm (Hochformat). In den eingefr\u00e4sten Schlitz kann man Karten oder Fotos stecken und die Gl\u00fcckchen platzsparend \u00fcberall hin stellen wo man gerne die Karten und Fotos anschauen m\u00f6chte. Mit den zwei mitgelieferten\u00a0Magneten lassen sich die Gl\u00fcckchen Metallst\u00e4be auch an Heizungen, K\u00fchlschr\u00e4nken, Metallgel\u00e4ndern usw. montieren. Einfach je einen Magnet in der Mitte der St\u00e4be montieren und hin pinnen, sie sehen nun aus wie wenn sie schweben w\u00fcrden.<br \/>\nBei jedem Set gibt es zwei gratis Gl\u00fcckchenf\u00fcller Postkarten dazu, eine Hoch- und eine im Querformat. Alles wird h\u00fcbsch verpackt und kommt per Post innert vier Tagen in einer flachen Karton-Schachtel. Es eignet sich daher sehr gut als Geschenk. Falls Sie einen Wunsch betreffend den zwei gratis Karten haben, geben Sie bei der Bestellung im Feld Kommentar Ihre gew\u00fcnschten zwei Nummern an. Ich lege sonst selber zwei Karten bei.<\/p>\n<p>Ebenfalls k\u00f6nnen Sie dieses Set direkt an eine geliebte Person schicken lassen, bitte dann im Kommentarfeld erw\u00e4hnen, dass es ein Geschenk von Ihnen an eine andere Person ist und bei der Lieferadresse die der beschenkten Person angeben. Falls Sie noch eine pers\u00f6nliche handgeschriebene Mitteilung w\u00fcnschen, bitte diese ebenfalls angeben.<\/p>\n<p>In einem weiteren Angebot k\u00f6nnen Sie ein Set mit 24 Weihnachts-Postkarten kaufen, dieses eignet sich sehr gut als pers\u00f6nlich beschreibbarer Adventskalender.<br \/>\nSchauen Sie doch die anderen Sets an.<\/p>\n<p>Ich w\u00fcnsche viel Freude beim f\u00fcllen der Gl\u00fcckchen.<\/p>\n<p>Idee + Design:\u00a0\u00a9 Mirjam Knecht W\u00e4ger<br \/>\nProduktion: Froelich AG, Untersiggenthal<\/p>\n","protected":false},"excerpt":{"rendered":"<p>Gl\u00fcckchenf\u00fcller Postkarten f\u00fcllen Gl\u00fcckchen. Dieses Angebot ist ein Set aus zwei Gl\u00fcckchen Kartenhaltern aus 10x10mm Vierkant-Stahlst\u00e4ben in den Formaten 148mm (Querformat) und 105mm (Hochformat). In den eingefr\u00e4sten Schlitz kann man Karten oder Fotos stecken und die Gl\u00fcckchen platzsparend \u00fcberall hin stellen wo man gerne die Karten und Fotos anschauen m\u00f6chte. Mit den zwei mitgelieferten\u00a0Magneten lassen&hellip;<\/p>\n","protected":false},"featured_media":1310,"comment_status":"open","ping_status":"closed","template":"","meta":{"_acf_changed":false,"jetpack_post_was_ever_published":false,"jetpack_publicize_message":"","jetpack_publicize_feature_enabled":true,"jetpack_social_post_already_shared":true,"jetpack_social_options":{"image_generator_settings":{"template":"highway","default_image_id":0,"font":"","enabled":false},"version":2}},"product_brand":[],"product_cat":[252],"product_tag":[257,256,264,262],"class_list":{"0":"post-1357","1":"product","2":"type-product","3":"status-publish","4":"has-post-thumbnail","6":"product_cat-s-kartenhalter-rahmen","7":"product_tag-glueckchen","8":"product_tag-kartenhalter","9":"product_tag-postkarten","10":"product_tag-postkartenshop","11":"product_shipping_class-waren-bis-5kg","13":"first","14":"outofstock","15":"taxable","16":"shipping-taxable","17":"purchasable","18":"product-type-simple","20":"catalog-layout-default","21":"columns-xs-1"},"acf":[],"jetpack_publicize_connections":[],"jetpack_sharing_enabled":true,"jetpack_likes_enabled":true,"_links":{"self":[{"href":"https:\/\/www.glueckchenfueller.ch\/index.php?rest_route=\/wp\/v2\/product\/1357","targetHints":{"allow":["GET"]}}],"collection":[{"href":"https:\/\/www.glueckchenfueller.ch\/index.php?rest_route=\/wp\/v2\/product"}],"about":[{"href":"https:\/\/www.glueckchenfueller.ch\/index.php?rest_route=\/wp\/v2\/types\/product"}],"replies":[{"embeddable":true,"href":"https:\/\/www.glueckchenfueller.ch\/index.php?rest_route=%2Fwp%2Fv2%2Fcomments&post=1357"}],"wp:featuredmedia":[{"embeddable":true,"href":"https:\/\/www.glueckchenfueller.ch\/index.php?rest_route=\/wp\/v2\/media\/1310"}],"wp:attachment":[{"href":"https:\/\/www.glueckchenfueller.ch\/index.php?rest_route=%2Fwp%2Fv2%2Fmedia&parent=1357"}],"wp:term":[{"taxonomy":"product_brand","embeddable":true,"href":"https:\/\/www.glueckchenfueller.ch\/index.php?rest_route=%2Fwp%2Fv2%2Fproduct_brand&post=1357"},{"taxonomy":"product_cat","embeddable":true,"href":"https:\/\/www.glueckchenfueller.ch\/index.php?rest_route=%2Fwp%2Fv2%2Fproduct_cat&post=1357"},{"taxonomy":"product_tag","embeddable":true,"href":"https:\/\/www.glueckchenfueller.ch\/index.php?rest_route=%2Fwp%2Fv2%2Fproduct_tag&post=1357"}],"curies":[{"name":"wp","href":"https:\/\/api.w.org\/{rel}","templated":true}]}}