{"id":2,"date":"2017-11-11T11:11:21","date_gmt":"2017-11-11T11:11:21","guid":{"rendered":"http:\/\/www.glueckchenfueller.ch\/?page_id=2"},"modified":"2025-06-29T22:29:28","modified_gmt":"2025-06-29T22:29:28","slug":"sample-page","status":"publish","type":"page","link":"https:\/\/www.glueckchenfueller.ch\/?page_id=2","title":{"rendered":"GL\u00dcCKCHENF\u00dcLLER"},"content":{"rendered":"\n<h3 class=\"wp-block-heading\">KARTEN | KURSE | KUNST<\/h3>\n\n\n\n<h3 class=\"wp-block-heading has-medium-font-size\">|&nbsp;<span style=\"color: #ff0000;\">GL\u00dcCK<\/span>&nbsp;|&nbsp;<span style=\"color: #ff0000;\">L\u00dcCKCHEN<\/span>&nbsp;|&nbsp;<span style=\"color: #ff0000;\">F\u00dcLLER<\/span>&nbsp;|<\/h3>\n\n\n\n<h6 class=\"wp-block-heading has-small-font-size\">\u00ab h\u00e4tte ich mehr Zeit, w\u00e4re ich viel kreativer&#8230;! \u00bb<\/h6>\n\n\n\n<p>So h\u00e4ufig habe ich diesen Satz schon geh\u00f6rt und noch viel h\u00e4ufiger selber gedacht.<br>Ich dachte oft, wenn ich nicht mehrere Stunden am St\u00fcck Zeit habe zu malen, muss ich gar nicht damit starten. Irgendwann habe ich aber angefangen, in kleinen Zeit<span style=\"color: #ff0000;\">L\u00dcCKCHEN<\/span>\u00a0von wenigen Minuten, w\u00e4hrend der Arbeit oder zu Hause, Postkarten zu gestalten. Ich habe zuerst mit Farbstift gezeichnet, sp\u00e4ter dann begonnen, mit Linolschnitz-Werkzeugen Gummiplatten zu schnitzen und mit diesen auf dicken Karton zu stempeln. Diese kurzen Zeitfenster der kreativen Arbeit machten mich unglaublich\u00a0<span style=\"color: #ff0000;\">GL\u00dcCK<\/span>lich. Diese analogen Postkarten konnte ich sofort in den H\u00e4nden halten, mit einem\u00a0<span style=\"color: #ff0000;\">F\u00dcLLER<\/span>\u00a0beschreiben und an liebe Freunde verschicken. Meine neue Leidenschaft neben der Acrylmalerei war geboren. <br>Hier auf <span style=\"color: #ff0000;\"><a href=\"http:\/\/www.gl\u00fcckchenf\u00fcller.ch\" data-type=\"URL\" data-id=\"www.gl\u00fcckchenf\u00fcller.ch\">gl\u00fcckchenf\u00fcller.ch<\/a><\/span> findet ihr in meinem Shop meine Postkartenkreationen, aktuelle Stempelschnitz-Kursdaten, Postkartenhalter, Couverts, diverse Grusskartensets und die k\u00e4uflichen Kunstwerke. Auf meiner Website <a href=\"http:\/\/www.kopfsprung.ch\" data-type=\"URL\" data-id=\"www.kopfsprung.ch\">kopfsprung.ch<\/a> k\u00f6nnt ihr gerne auch meine schon verkauften Bilder betrachten. Meine Trockenblumen-Objekte zeige ich auf <a href=\"http:\/\/bublu.ch\" data-type=\"link\" data-id=\"bublu.ch\">bublu.ch<\/a> und Infos zum Brugger Atelier-Laden gibts hier: <a href=\"http:\/\/zurzeit.ch\" data-type=\"link\" data-id=\"zurzeit.ch\">zurzeit.ch<\/a><\/p>\n\n\n\n<p>Ich w\u00fcnsche euch viel Spass beim St\u00f6bern!<\/p>\n\n\n\n<p>Gl\u00fccklich gr\u00fcsst euch <br>Mirjam Knecht W\u00e4ger<\/p>\n\n\n\n<figure class=\"wp-block-image size-large\"><img loading=\"lazy\" decoding=\"async\" width=\"1024\" height=\"1024\" src=\"https:\/\/www.glueckchenfueller.ch\/wp-content\/uploads\/2025\/06\/ae67e6b2-b075-4993-bee2-fff79bd22e42-1024x1024.jpg\" alt=\"\" class=\"wp-image-5608\" srcset=\"https:\/\/www.glueckchenfueller.ch\/wp-content\/uploads\/2025\/06\/ae67e6b2-b075-4993-bee2-fff79bd22e42-1024x1024.jpg 1024w, https:\/\/www.glueckchenfueller.ch\/wp-content\/uploads\/2025\/06\/ae67e6b2-b075-4993-bee2-fff79bd22e42-300x300.jpg 300w, https:\/\/www.glueckchenfueller.ch\/wp-content\/uploads\/2025\/06\/ae67e6b2-b075-4993-bee2-fff79bd22e42-150x150.jpg 150w, https:\/\/www.glueckchenfueller.ch\/wp-content\/uploads\/2025\/06\/ae67e6b2-b075-4993-bee2-fff79bd22e42-768x768.jpg 768w, https:\/\/www.glueckchenfueller.ch\/wp-content\/uploads\/2025\/06\/ae67e6b2-b075-4993-bee2-fff79bd22e42-468x468.jpg 468w, https:\/\/www.glueckchenfueller.ch\/wp-content\/uploads\/2025\/06\/ae67e6b2-b075-4993-bee2-fff79bd22e42-1116x1116.jpg 1116w, https:\/\/www.glueckchenfueller.ch\/wp-content\/uploads\/2025\/06\/ae67e6b2-b075-4993-bee2-fff79bd22e42-806x806.jpg 806w, https:\/\/www.glueckchenfueller.ch\/wp-content\/uploads\/2025\/06\/ae67e6b2-b075-4993-bee2-fff79bd22e42-558x558.jpg 558w, https:\/\/www.glueckchenfueller.ch\/wp-content\/uploads\/2025\/06\/ae67e6b2-b075-4993-bee2-fff79bd22e42-655x655.jpg 655w, https:\/\/www.glueckchenfueller.ch\/wp-content\/uploads\/2025\/06\/ae67e6b2-b075-4993-bee2-fff79bd22e42-500x500.jpg 500w, https:\/\/www.glueckchenfueller.ch\/wp-content\/uploads\/2025\/06\/ae67e6b2-b075-4993-bee2-fff79bd22e42-550x550.jpg 550w, https:\/\/www.glueckchenfueller.ch\/wp-content\/uploads\/2025\/06\/ae67e6b2-b075-4993-bee2-fff79bd22e42-820x820.jpg 820w, https:\/\/www.glueckchenfueller.ch\/wp-content\/uploads\/2025\/06\/ae67e6b2-b075-4993-bee2-fff79bd22e42-220x220.jpg 220w, https:\/\/www.glueckchenfueller.ch\/wp-content\/uploads\/2025\/06\/ae67e6b2-b075-4993-bee2-fff79bd22e42.jpg 1200w\" sizes=\"auto, (max-width: 1024px) 100vw, 1024px\" \/><\/figure>\n","protected":false},"excerpt":{"rendered":"<p>KARTEN | KURSE | KUNST |&nbsp;GL\u00dcCK&nbsp;|&nbsp;L\u00dcCKCHEN&nbsp;|&nbsp;F\u00dcLLER&nbsp;| \u00ab h\u00e4tte ich mehr Zeit, w\u00e4re ich viel kreativer&#8230;! \u00bb So h\u00e4ufig habe ich diesen Satz schon geh\u00f6rt und noch viel h\u00e4ufiger selber gedacht.Ich dachte oft, wenn ich nicht mehrere Stunden am St\u00fcck Zeit habe zu malen, muss ich gar nicht damit starten. Irgendwann habe ich aber angefangen, in&hellip;<\/p>\n","protected":false},"author":1,"featured_media":138,"parent":0,"menu_order":0,"comment_status":"closed","ping_status":"open","template":"","meta":{"_acf_changed":false,"jetpack_post_was_ever_published":false,"footnotes":""},"class_list":["post-2","page","type-page","status-publish","has-post-thumbnail","hentry"],"acf":[],"jetpack_sharing_enabled":true,"jetpack_shortlink":"https:\/\/wp.me\/P9n7Pb-2","jetpack_likes_enabled":true,"_links":{"self":[{"href":"https:\/\/www.glueckchenfueller.ch\/index.php?rest_route=\/wp\/v2\/pages\/2","targetHints":{"allow":["GET"]}}],"collection":[{"href":"https:\/\/www.glueckchenfueller.ch\/index.php?rest_route=\/wp\/v2\/pages"}],"about":[{"href":"https:\/\/www.glueckchenfueller.ch\/index.php?rest_route=\/wp\/v2\/types\/page"}],"author":[{"embeddable":true,"href":"https:\/\/www.glueckchenfueller.ch\/index.php?rest_route=\/wp\/v2\/users\/1"}],"replies":[{"embeddable":true,"href":"https:\/\/www.glueckchenfueller.ch\/index.php?rest_route=%2Fwp%2Fv2%2Fcomments&post=2"}],"version-history":[{"count":40,"href":"https:\/\/www.glueckchenfueller.ch\/index.php?rest_route=\/wp\/v2\/pages\/2\/revisions"}],"predecessor-version":[{"id":5610,"href":"https:\/\/www.glueckchenfueller.ch\/index.php?rest_route=\/wp\/v2\/pages\/2\/revisions\/5610"}],"wp:featuredmedia":[{"embeddable":true,"href":"https:\/\/www.glueckchenfueller.ch\/index.php?rest_route=\/wp\/v2\/media\/138"}],"wp:attachment":[{"href":"https:\/\/www.glueckchenfueller.ch\/index.php?rest_route=%2Fwp%2Fv2%2Fmedia&parent=2"}],"curies":[{"name":"wp","href":"https:\/\/api.w.org\/{rel}","templated":true}]}}