{"id":19,"date":"2017-11-12T14:06:06","date_gmt":"2017-11-12T14:06:06","guid":{"rendered":"http:\/\/www.glueckchenfueller.ch\/?page_id=19"},"modified":"2017-11-12T22:40:01","modified_gmt":"2017-11-12T22:40:01","slug":"mein-konto","status":"publish","type":"page","link":"https:\/\/www.glueckchenfueller.ch\/?page_id=19","title":{"rendered":"MEIN KONTO"},"content":{"rendered":"<div class=\"woocommerce\"><div class=\"woocommerce-notices-wrapper\"><\/div>        <div class=\"section-title\">\n\n            <h1>\n\t\t\t\tAnmelden oder registrieren            <\/h1>\n\n            <p>Verwalten Sie ihr Konto und Bestellungen<\/p>\n        <\/div>\n\n\t\t\n\n<div class=\"u-columns col2-set\" id=\"customer_login\">\n\n\t<div class=\"u-column1 col-1\">\n\n\n\t\t<form class=\"woocommerce-form woocommerce-form-login login\" method=\"post\" novalidate>\n\t\t\t<h2>Anmelden<\/h2>\n\n\t\t\t\n\t\t\t<p class=\"woocommerce-form-row woocommerce-form-row--wide form-row form-row-wide labeled-input-row labeled-input-row--equal-width\">\n\t\t\t\t<label for=\"username\">Benutzername oder E-Mail-Adresse&nbsp;<span class=\"required\" aria-hidden=\"true\">*<\/span><span class=\"screen-reader-text\">Erforderlich<\/span><\/label>\n\t\t\t\t<input type=\"text\" class=\"woocommerce-Input woocommerce-Input--text input-text\" name=\"username\" id=\"username\" autocomplete=\"username\" value=\"\" required aria-required=\"true\" \/>\t\t\t<\/p>\n\t\t\t<p class=\"woocommerce-form-row woocommerce-form-row--wide form-row form-row-wide labeled-input-row\">\n\t\t\t\t<label for=\"password\">Passwort&nbsp;<span class=\"required\" aria-hidden=\"true\">*<\/span><span class=\"screen-reader-text\">Erforderlich<\/span><\/label>\n\t\t\t\t<input class=\"woocommerce-Input woocommerce-Input--text input-text\" type=\"password\" name=\"password\" id=\"password\" autocomplete=\"current-password\" required aria-required=\"true\" \/>\n\t\t\t<\/p>\n\n\t\t\t\n\t\t\t<p class=\"form-row\">\n\t\t\t\t<button type=\"submit\" class=\"woocommerce-button button woocommerce-form-login__submit\" name=\"login\" value=\"Anmelden\">Anmelden<\/button>\n\t\t\t\t<label class=\"woocommerce-form__label woocommerce-form__label-for-checkbox woocommerce-form-login__rememberme\">\n\t\t\t\t\t<input class=\"woocommerce-form__input woocommerce-form__input-checkbox\" name=\"rememberme\" type=\"checkbox\" id=\"rememberme\" value=\"forever\" \/> <span>Angemeldet bleiben<\/span>\n\t\t\t\t<\/label>\n\t\t\t\t<input type=\"hidden\" id=\"woocommerce-login-nonce\" name=\"woocommerce-login-nonce\" value=\"8645e0d06e\" \/><input type=\"hidden\" name=\"_wp_http_referer\" value=\"\/index.php?rest_route=%2Fwp%2Fv2%2Fpages%2F19\" \/>\t\t\t<\/p>\n\t\t\t<p class=\"woocommerce-LostPassword lost_password\">\n\t\t\t\t<a href=\"https:\/\/www.glueckchenfueller.ch\/?page_id=19&#038;lost-password\">Passwort vergessen?<\/a>\n\t\t\t<\/p>\n\n\t\t\t\n\t\t<\/form>\n\n\n\t<\/div>\n\n\t<div class=\"u-column2 col-2\">\n\n\t\t<h2>Registrieren<\/h2>\n\n\t\t<form method=\"post\" class=\"woocommerce-form woocommerce-form-register register\" enctype=\"multipart\/form-data\" >\n\n\t\t\t\n\t\t\t\n\t\t\t\t<p class=\"woocommerce-form-row woocommerce-form-row--wide form-row form-row-wide\">\n\t\t\t\t\t<label for=\"reg_username\">Benutzername&nbsp;<span class=\"required\" aria-hidden=\"true\">*<\/span><span class=\"screen-reader-text\">Erforderlich<\/span><\/label>\n\t\t\t\t\t<input type=\"text\" class=\"woocommerce-Input woocommerce-Input--text input-text\" name=\"username\" id=\"reg_username\" autocomplete=\"username\" value=\"\" required aria-required=\"true\" \/>\t\t\t\t<\/p>\n\n\t\t\t\n\t\t\t<p class=\"woocommerce-form-row woocommerce-form-row--wide form-row form-row-wide\">\n\t\t\t\t<label for=\"reg_email\">E-Mail-Adresse&nbsp;<span class=\"required\" aria-hidden=\"true\">*<\/span><span class=\"screen-reader-text\">Erforderlich<\/span><\/label>\n\t\t\t\t<input type=\"email\" class=\"woocommerce-Input woocommerce-Input--text input-text\" name=\"email\" id=\"reg_email\" autocomplete=\"email\" value=\"\" required aria-required=\"true\" \/>\t\t\t<\/p>\n\n\t\t\t\n\t\t\t\t<p class=\"woocommerce-form-row woocommerce-form-row--wide form-row form-row-wide\">\n\t\t\t\t\t<label for=\"reg_password\">Passwort&nbsp;<span class=\"required\" aria-hidden=\"true\">*<\/span><span class=\"screen-reader-text\">Erforderlich<\/span><\/label>\n\t\t\t\t\t<input type=\"password\" class=\"woocommerce-Input woocommerce-Input--text input-text\" name=\"password\" id=\"reg_password\" autocomplete=\"new-password\" required aria-required=\"true\" \/>\n\t\t\t\t<\/p>\n\n\t\t\t\n\t\t\t<p class=\"form-row \" id=\"b2b_role_field\" data-priority=\"\"><label for=\"b2b_role\" class=\"\">Kundengruppe&nbsp;<span class=\"optional\">(optional)<\/span><\/label><span class=\"woocommerce-input-wrapper\"><select name=\"b2b_role\" id=\"b2b_role\" class=\"select \"  data-placeholder=\"\">\n\t\t\t\t\t\t\t<option value=\"1__glueckchenfueller-kunden\" >Gl\u00fcckchenf\u00fcller Kunden<\/option><option value=\"2__customer\" >Wiederverk\u00e4ufer<\/option>\n\t\t\t\t\t\t<\/select><\/span><\/p><p class=\"form-row \" id=\"b2b_uid_field\" data-priority=\"\"><label for=\"b2b_uid\" class=\"hidden\">UST-ID&nbsp;<span class=\"optional\">(optional)<\/span><\/label><span class=\"woocommerce-input-wrapper\"><input type=\"text\" class=\"input-text \" name=\"b2b_uid\" id=\"b2b_uid\" placeholder=\"UST-ID\"  value=\"\"  \/><\/span><\/p><p class=\"form-row \" id=\"b2b_company_registration_number_field\" data-priority=\"\"><label for=\"b2b_company_registration_number\" class=\"hidden\">Handelsregisternummer&nbsp;<span class=\"optional\">(optional)<\/span><\/label><span class=\"woocommerce-input-wrapper\"><input type=\"text\" class=\"input-text \" name=\"b2b_company_registration_number\" id=\"b2b_company_registration_number\" placeholder=\"Handelsregisternummer\"  value=\"\"  \/><\/span><\/p>\t\t<p class=\"form-row b2b-upload-field\" id=\"b2b_upload_field\" data-priority=\"\">\n\t\t\t<label for=\"b2b_document_upload\" class=\"\">Dokumenten-Upload (PDF, max. 800kb) <span>(optional)<\/span><\/label>\n\t\t\t<span class=\"woocommerce-input-wrapper\">\n\t\t\t\t<input type='file' name='b2b_document_upload' class=\"b2b-document-upload\" id='b2b_document_upload' accept='application\/pdf'>\n\t\t\t<\/span>\n\t\t<\/p>\n\t\t<wc-order-attribution-inputs><\/wc-order-attribution-inputs><div class=\"woocommerce-privacy-policy-text\"><p>Deine personenbezogenen Daten werden f\u00fcr die Verbesserung deiner Erfahrung mit dieser Website benutzt, um den Zugang zu deinem Konto zu verwalten und f\u00fcr weitere Zwecke, die in unserer <a href=\"https:\/\/www.glueckchenfueller.ch\/?page_id=2\" class=\"woocommerce-privacy-policy-link\" target=\"_blank\">Datenschutzerkl\u00e4rung<\/a> beschrieben sind.<\/p>\n<\/div>\n\t\t\t<p class=\"woocommerce-form-row form-row\">\n\t\t\t\t<input type=\"hidden\" id=\"woocommerce-register-nonce\" name=\"woocommerce-register-nonce\" value=\"420de39be0\" \/><input type=\"hidden\" name=\"_wp_http_referer\" value=\"\/index.php?rest_route=%2Fwp%2Fv2%2Fpages%2F19\" \/>\t\t\t\t<button type=\"submit\" class=\"woocommerce-Button woocommerce-button button woocommerce-form-register__submit\" name=\"register\" value=\"Registrieren\">Registrieren<\/button>\n\t\t\t<\/p>\n\n\t\t\t\n\t\t<\/form>\n\n\t<\/div>\n\n<\/div>\n\n<\/div>\n","protected":false},"excerpt":{"rendered":"Anmelden oder registrieren Verwalten Sie ihr Konto und Bestellungen Anmelden Benutzername oder E-Mail-Adresse&nbsp;*Erforderlich Passwort&nbsp;*Erforderlich Anmelden Angemeldet bleiben Passwort vergessen? Registrieren Benutzername&nbsp;*Erforderlich E-Mail-Adresse&nbsp;*Erforderlich Passwort&nbsp;*Erforderlich Kundengruppe&nbsp;(optional) Gl\u00fcckchenf\u00fcller KundenWiederverk\u00e4ufer UST-ID&nbsp;(optional)Handelsregisternummer&nbsp;(optional) Dokumenten-Upload (PDF, max. 800kb) (optional) Deine personenbezogenen Daten werden f\u00fcr die Verbesserung deiner Erfahrung mit dieser Website benutzt, um den Zugang zu deinem Konto zu verwalten und f\u00fcr&hellip;","protected":false},"author":1,"featured_media":0,"parent":0,"menu_order":0,"comment_status":"closed","ping_status":"closed","template":"","meta":{"_acf_changed":false,"jetpack_post_was_ever_published":false,"footnotes":""},"class_list":["post-19","page","type-page","status-publish","hentry"],"acf":[],"jetpack_sharing_enabled":true,"jetpack_shortlink":"https:\/\/wp.me\/P9n7Pb-j","jetpack_likes_enabled":true,"_links":{"self":[{"href":"https:\/\/www.glueckchenfueller.ch\/index.php?rest_route=\/wp\/v2\/pages\/19","targetHints":{"allow":["GET"]}}],"collection":[{"href":"https:\/\/www.glueckchenfueller.ch\/index.php?rest_route=\/wp\/v2\/pages"}],"about":[{"href":"https:\/\/www.glueckchenfueller.ch\/index.php?rest_route=\/wp\/v2\/types\/page"}],"author":[{"embeddable":true,"href":"https:\/\/www.glueckchenfueller.ch\/index.php?rest_route=\/wp\/v2\/users\/1"}],"replies":[{"embeddable":true,"href":"https:\/\/www.glueckchenfueller.ch\/index.php?rest_route=%2Fwp%2Fv2%2Fcomments&post=19"}],"version-history":[{"count":1,"href":"https:\/\/www.glueckchenfueller.ch\/index.php?rest_route=\/wp\/v2\/pages\/19\/revisions"}],"predecessor-version":[{"id":118,"href":"https:\/\/www.glueckchenfueller.ch\/index.php?rest_route=\/wp\/v2\/pages\/19\/revisions\/118"}],"wp:attachment":[{"href":"https:\/\/www.glueckchenfueller.ch\/index.php?rest_route=%2Fwp%2Fv2%2Fmedia&parent=19"}],"curies":[{"name":"wp","href":"https:\/\/api.w.org\/{rel}","templated":true}]}}