{"id":1818,"date":"2020-12-21T12:34:43","date_gmt":"2020-12-21T12:34:43","guid":{"rendered":"https:\/\/www.glueckchenfueller.ch\/?page_id=1818"},"modified":"2020-12-21T12:49:21","modified_gmt":"2020-12-21T12:49:21","slug":"agbs","status":"publish","type":"page","link":"https:\/\/www.glueckchenfueller.ch\/?page_id=1818","title":{"rendered":"AGB`s"},"content":{"rendered":"\n<h3 class=\"wp-block-heading\">Willkommen&nbsp;<\/h3>\n\n\n\n<ul class=\"wp-block-list\"><li>Hallo! Danke, dass Ihr meinen Shop besucht und mein kleines Gesch\u00e4ft unterst\u00fctzt! Das freut mich sehr!<\/li><\/ul>\n\n\n\n<h3 class=\"wp-block-heading\">Preis &nbsp;&nbsp;<\/h3>\n\n\n\n<ul class=\"wp-block-list\"><li>Die Preise im Shop sind in CHF ausgewiesen (exkl. MWSt, da Gl\u00fcckchenf\u00fcller.ch nicht Mehrwertsteuerpflichtig ist). Nicht inbegriffen im Preis sind die Kosten f\u00fcr den Versand. Sie sind beim Produkt erw\u00e4hnt und variieren je nach Gr\u00f6sse und Gewicht des Produktes. Sie bezahlen am Schluss nur die teuerste Versandklasse.<\/li><\/ul>\n\n\n\n<h3 class=\"wp-block-heading\">Zahlung &nbsp;<\/h3>\n\n\n\n<ul class=\"wp-block-list\"><li>Sie k\u00f6nnen per Paypal, Kreditkarte und direkte Bank\u00fcberweisung bezahlen. Auf Anfrage ist auch Twint m\u00f6glich. <\/li><\/ul>\n\n\n\n<h3 class=\"wp-block-heading\">Versand &nbsp;<\/h3>\n\n\n\n<ul class=\"wp-block-list\"><li>Der Versand erfolgt i.d.R. am n\u00e4chsten Werktag nach Zahlungseingang per A-Post.<\/li><\/ul>\n\n\n\n<h3 class=\"wp-block-heading\">Storno der Bestellung&nbsp;<\/h3>\n\n\n\n<ul class=\"wp-block-list\"><li>Storno ist nur vor der Lieferung m\u00f6glich.<\/li><\/ul>\n\n\n\n<h3 class=\"wp-block-heading\">R\u00fcckgabe<\/h3>\n\n\n\n<ul class=\"wp-block-list\"><li>Es ist nicht m\u00f6glich, die Ware wieder zur\u00fcckzuschicken. Melden Sie sich innert 5 Tagen nach Erhalt der Lieferung, falls Sie einen Mangel feststellen. Es findet sich sicher eine faire L\u00f6sung.<\/li><\/ul>\n\n\n\n<h3 class=\"wp-block-heading\">M\u00e4ngel\/Umtausch<\/h3>\n\n\n\n<ul class=\"wp-block-list\"><li>Sie als K\u00e4ufer sind verpflichtet, die Ware nach Erhalt zu pr\u00fcfen und M\u00e4ngel innerhalb von 5 Tagen schriftlich und mit Fotos des Mangels bei mir zu melden.<\/li><li>Es ist mir ein Anliegen, dass sie mit meinen Produkten gl\u00fccklich sind! Die Ware wird von mir ohne Defekte verschickt. Beim Postversand k\u00f6nnen leider sehr selten kleine Sch\u00e4den entstehen, melden Sie mir dies unverz\u00fcglich nach Erhalt der Lieferung (bitte Fotos vom Schaden schicken).<\/li><li>Der Kaufbetrag, abz\u00fcglich Versandkosten wird Ihnen je nach Mangel zur\u00fcckerstattet.<\/li><li>Umtausch\/R\u00fcckgabe nur bei M\u00e4ngel, falscher Lieferung oder defekter Ware m\u00f6glich.<\/li><\/ul>\n\n\n\n<p style=\"font-size:26px\"><strong>Kurse<\/strong><\/p>\n\n\n\n<p><strong>Stornierungsbedingungen:<br><\/strong>Es ist mir vorbehalten, Kurse wegen Krankheit, zu wenig Teilnehmern, Corona-Massnahmen oder anderen Gr\u00fcnden abzusagen. Bei Kursabsage von Seiten Gl\u00fcckchenf\u00fcller.ch wird das volle Kursgeld zur\u00fcck erstattet.<br>Wenn die Kursteilnehmer bis sieben Tage vor Kursdatum absagen, ebenfalls. Wenn die Absage zwischen sieben uns zwei Tage vor dem Kurs erfolgt, verrechne ich 50%. Bei einer Absage ab\u00a024 Stunden vor dem Termin gibt es keine R\u00fcckerstattung, ausser es findet sich f\u00fcr den frei gewordenen Platz einen Ersatz. Bitte dann anfragen, ich habe ab und zu eine Warteliste.<br>ACHTUNG: Bei Unwohlsein\/starker Erk\u00e4ltung\/Krankheit bitte lieber absagen, wir finden sicher eine gute und faire L\u00f6sung.<\/p>\n\n\n\n<p>Anmeldungen bis sp\u00e4testens 48h vor den Kursdaten<\/p>\n\n\n\n<p style=\"font-size:27px\"><\/p>\n","protected":false},"excerpt":{"rendered":"<p>Willkommen&nbsp; Hallo! Danke, dass Ihr meinen Shop besucht und mein kleines Gesch\u00e4ft unterst\u00fctzt! Das freut mich sehr! Preis &nbsp;&nbsp; Die Preise im Shop sind in CHF ausgewiesen (exkl. MWSt, da Gl\u00fcckchenf\u00fcller.ch nicht Mehrwertsteuerpflichtig ist). Nicht inbegriffen im Preis sind die Kosten f\u00fcr den Versand. Sie sind beim Produkt erw\u00e4hnt und variieren je nach Gr\u00f6sse und&hellip;<\/p>\n","protected":false},"author":1,"featured_media":0,"parent":16,"menu_order":0,"comment_status":"closed","ping_status":"closed","template":"","meta":{"_acf_changed":false,"jetpack_post_was_ever_published":false,"footnotes":""},"class_list":["post-1818","page","type-page","status-publish","hentry"],"acf":[],"jetpack_sharing_enabled":true,"jetpack_shortlink":"https:\/\/wp.me\/P9n7Pb-tk","jetpack_likes_enabled":true,"_links":{"self":[{"href":"https:\/\/www.glueckchenfueller.ch\/index.php?rest_route=\/wp\/v2\/pages\/1818","targetHints":{"allow":["GET"]}}],"collection":[{"href":"https:\/\/www.glueckchenfueller.ch\/index.php?rest_route=\/wp\/v2\/pages"}],"about":[{"href":"https:\/\/www.glueckchenfueller.ch\/index.php?rest_route=\/wp\/v2\/types\/page"}],"author":[{"embeddable":true,"href":"https:\/\/www.glueckchenfueller.ch\/index.php?rest_route=\/wp\/v2\/users\/1"}],"replies":[{"embeddable":true,"href":"https:\/\/www.glueckchenfueller.ch\/index.php?rest_route=%2Fwp%2Fv2%2Fcomments&post=1818"}],"version-history":[{"count":2,"href":"https:\/\/www.glueckchenfueller.ch\/index.php?rest_route=\/wp\/v2\/pages\/1818\/revisions"}],"predecessor-version":[{"id":1824,"href":"https:\/\/www.glueckchenfueller.ch\/index.php?rest_route=\/wp\/v2\/pages\/1818\/revisions\/1824"}],"up":[{"embeddable":true,"href":"https:\/\/www.glueckchenfueller.ch\/index.php?rest_route=\/wp\/v2\/pages\/16"}],"wp:attachment":[{"href":"https:\/\/www.glueckchenfueller.ch\/index.php?rest_route=%2Fwp%2Fv2%2Fmedia&parent=1818"}],"curies":[{"name":"wp","href":"https:\/\/api.w.org\/{rel}","templated":true}]}}