{"id":17,"date":"2017-11-12T14:06:06","date_gmt":"2017-11-12T14:06:06","guid":{"rendered":"http:\/\/www.glueckchenfueller.ch\/?page_id=17"},"modified":"2017-11-12T22:40:56","modified_gmt":"2017-11-12T22:40:56","slug":"warenkorb","status":"publish","type":"page","link":"https:\/\/www.glueckchenfueller.ch\/?page_id=17","title":{"rendered":"WARENKORB"},"content":{"rendered":"<div class=\"woocommerce\"><div id=\"woo-store-vacation\">\n\t<div class=\"woocommerce-info\" role=\"status\">\n\t\tLiebe(r) Gl\u00fcckchenf\u00fcller Besucher*in,<br \/>\r\n<br \/>\r\nich geniesse mit meiner Familie unsere Fr\u00fchlingsferien in den Niederlanden und kann deswegen bis 19. April keine Bestellungen verschicken. Sie k\u00f6nnen nat\u00fcrlich weiterhin im Shop einkaufen, ich werde aber die bestellten Produkte leider erst ab Montag 20. April los schicken k\u00f6nnen. Vielen Dank f\u00fcr das Verst\u00e4ndnis! <br \/>\r\n<br \/>\r\nIch w\u00fcnsche ebenfalls wundervolle Fr\u00fchlingstage. <br \/>\r\nWarmherzige Gr\u00fcsse, Mirjam Knecht W\u00e4ger\t<\/div>\n<\/div><div class=\"woocommerce-notices-wrapper\"><\/div>\n<form class=\"woocommerce-cart-form\" action=\"https:\/\/www.glueckchenfueller.ch\/?page_id=17\" method=\"post\">\n\t\n\t<table class=\"shop_table shop_table_responsive cart woocommerce-cart-form__contents\" cellspacing=\"0\">\n\t\t<thead>\n\t\t\t<tr>\n\t\t\t\t<th class=\"product-remove\"><span class=\"screen-reader-text\">Artikel entfernen<\/span><\/th>\n\t\t\t\t<th class=\"product-thumbnail\"><span class=\"screen-reader-text\">Vorschaubild<\/span><\/th>\n\t\t\t\t<th scope=\"col\" class=\"product-name\">Produkt<\/th>\n\t\t\t\t<th scope=\"col\" class=\"product-price\">Preis<\/th>\n\t\t\t\t<th scope=\"col\" class=\"product-quantity\">Anzahl<\/th>\n\t\t\t\t<th scope=\"col\" class=\"product-subtotal\">Zwischensumme<\/th>\n\t\t\t<\/tr>\n\t\t<\/thead>\n\t\t<tbody>\n\t\t\t\n\t\t\t\t\t\t\t\t<tr class=\"woocommerce-cart-form__cart-item cart_item\">\n\n\t\t\t\t\t\t<td class=\"product-remove\">\n\t\t\t\t\t\t\t<a role=\"button\" href=\"https:\/\/www.glueckchenfueller.ch\/?page_id=17&#038;remove_item=d76d8deea9c19cc9aaf2237d2bf2f785&#038;_wpnonce=cd1750c142\" class=\"remove\" aria-label=\"2026_E01 Stempelschnitzkurs | So. 31. Mai 12H-16H aus dem Warenkorb entfernen\" data-product_id=\"5922\" data-product_sku=\"590\"><i class=\"flaticon-cross37\"><\/i><\/a>\t\t\t\t\t\t<\/td>\n\n\t\t\t\t\t\t<td class=\"product-thumbnail\">\n\t\t\t\t\t\t<a href=\"https:\/\/www.glueckchenfueller.ch\/?product=2026_e01-stempelschnitzkurs-so-31-mai-12h-16h\"><img loading=\"lazy\" decoding=\"async\" width=\"550\" height=\"550\" src=\"https:\/\/www.glueckchenfueller.ch\/wp-content\/uploads\/2022\/11\/Stempelschnitzkurs_Orange_Violett-550x550.jpg\" class=\"attachment-woocommerce_thumbnail size-woocommerce_thumbnail\" alt=\"2026_E01 Stempelschnitzkurs | So. 31. Mai 12H-16H\" srcset=\"https:\/\/www.glueckchenfueller.ch\/wp-content\/uploads\/2022\/11\/Stempelschnitzkurs_Orange_Violett-550x550.jpg 550w, https:\/\/www.glueckchenfueller.ch\/wp-content\/uploads\/2022\/11\/Stempelschnitzkurs_Orange_Violett-220x220.jpg 220w, https:\/\/www.glueckchenfueller.ch\/wp-content\/uploads\/2022\/11\/Stempelschnitzkurs_Orange_Violett-820x820.jpg 820w, https:\/\/www.glueckchenfueller.ch\/wp-content\/uploads\/2022\/11\/Stempelschnitzkurs_Orange_Violett-300x300.jpg 300w, https:\/\/www.glueckchenfueller.ch\/wp-content\/uploads\/2022\/11\/Stempelschnitzkurs_Orange_Violett-1024x1024.jpg 1024w, https:\/\/www.glueckchenfueller.ch\/wp-content\/uploads\/2022\/11\/Stempelschnitzkurs_Orange_Violett-150x150.jpg 150w, https:\/\/www.glueckchenfueller.ch\/wp-content\/uploads\/2022\/11\/Stempelschnitzkurs_Orange_Violett-768x768.jpg 768w, https:\/\/www.glueckchenfueller.ch\/wp-content\/uploads\/2022\/11\/Stempelschnitzkurs_Orange_Violett-1536x1536.jpg 1536w, https:\/\/www.glueckchenfueller.ch\/wp-content\/uploads\/2022\/11\/Stempelschnitzkurs_Orange_Violett-468x468.jpg 468w, https:\/\/www.glueckchenfueller.ch\/wp-content\/uploads\/2022\/11\/Stempelschnitzkurs_Orange_Violett-1612x1612.jpg 1612w, https:\/\/www.glueckchenfueller.ch\/wp-content\/uploads\/2022\/11\/Stempelschnitzkurs_Orange_Violett-1116x1116.jpg 1116w, https:\/\/www.glueckchenfueller.ch\/wp-content\/uploads\/2022\/11\/Stempelschnitzkurs_Orange_Violett-806x806.jpg 806w, https:\/\/www.glueckchenfueller.ch\/wp-content\/uploads\/2022\/11\/Stempelschnitzkurs_Orange_Violett-558x558.jpg 558w, https:\/\/www.glueckchenfueller.ch\/wp-content\/uploads\/2022\/11\/Stempelschnitzkurs_Orange_Violett-655x655.jpg 655w, https:\/\/www.glueckchenfueller.ch\/wp-content\/uploads\/2022\/11\/Stempelschnitzkurs_Orange_Violett-500x500.jpg 500w, https:\/\/www.glueckchenfueller.ch\/wp-content\/uploads\/2022\/11\/Stempelschnitzkurs_Orange_Violett-266x266.jpg 266w, https:\/\/www.glueckchenfueller.ch\/wp-content\/uploads\/2022\/11\/Stempelschnitzkurs_Orange_Violett-32x32.jpg 32w, https:\/\/www.glueckchenfueller.ch\/wp-content\/uploads\/2022\/11\/Stempelschnitzkurs_Orange_Violett-48x48.jpg 48w, https:\/\/www.glueckchenfueller.ch\/wp-content\/uploads\/2022\/11\/Stempelschnitzkurs_Orange_Violett.jpg 1819w\" sizes=\"auto, (max-width: 550px) 100vw, 550px\" \/><\/a>\t\t\t\t\t\t<\/td>\n\n\t\t\t\t\t\t<td scope=\"row\" role=\"rowheader\" class=\"product-name\" data-title=\"Produkt\">\n\t\t\t\t\t\t<a href=\"https:\/\/www.glueckchenfueller.ch\/?product=2026_e01-stempelschnitzkurs-so-31-mai-12h-16h\">2026_E01 Stempelschnitzkurs | So. 31. Mai 12H-16H<\/a>\t\t\t\t\t\t<\/td>\n\n\t\t\t\t\t\t<td class=\"product-price\" data-title=\"Preis\">\n\t\t\t\t\t\t\t<span class=\"woocommerce-Price-amount amount\"><bdi><span class=\"woocommerce-Price-currencySymbol\">&#67;&#72;&#70;<\/span>150.00<\/bdi><\/span>\t\t\t\t\t\t<\/td>\n\n\t\t\t\t\t\t<td class=\"product-quantity\" data-title=\"Anzahl\">\n\t\t\t\t\t\t<div class=\"quantity\">\n\t\t<label class=\"screen-reader-text\" for=\"quantity_69e3765a9efa6\">2026_E01 Stempelschnitzkurs | So. 31. Mai 12H-16H Menge<\/label>\n\t<input\n\t\ttype=\"number\"\n\t\t\t\tid=\"quantity_69e3765a9efa6\"\n\t\tclass=\"input-text qty text\"\n\t\tname=\"cart[d76d8deea9c19cc9aaf2237d2bf2f785][qty]\"\n\t\tvalue=\"1\"\n\t\taria-label=\"Produktmenge\"\n\t\t\t\tmin=\"1\"\n\t\t\t\t\t\t\tstep=\"1\"\n\t\t\tplaceholder=\"\"\n\t\t\tinputmode=\"numeric\"\n\t\t\tautocomplete=\"off\"\n\t\t\t\/>\n\t<\/div>\n\t\t\t\t\t\t<\/td>\n\n\t\t\t\t\t\t<td class=\"product-subtotal\" data-title=\"Zwischensumme\">\n\t\t\t\t\t\t\t<span class=\"woocommerce-Price-amount amount\"><bdi><span class=\"woocommerce-Price-currencySymbol\">&#67;&#72;&#70;<\/span>150.00<\/bdi><\/span>\t\t\t\t\t\t<\/td>\n\t\t\t\t\t<\/tr>\n\t\t\t\t\t\n\t\t\t\n\t\t\t<tr>\n\t\t\t\t<td colspan=\"6\" class=\"actions\">\n\n\t\t\t\t\t\t\t\t\t\t\t<div class=\"coupon\">\n\t\t\t\t\t\t\t<label for=\"coupon_code\" class=\"screen-reader-text\">Gutschein:<\/label> <input type=\"text\" name=\"coupon_code\" class=\"input-text\" id=\"coupon_code\" value=\"\" placeholder=\"Gutscheincode\" \/> <button type=\"submit\" class=\"button\" name=\"apply_coupon\" value=\"Gutschein anwenden\">Gutschein anwenden<\/button>\n\t\t\t\t\t\t\t\t\t\t\t\t\t<\/div>\n\t\t\t\t\t\n\t\t\t\t\t<button type=\"submit\" class=\"button\" name=\"update_cart\" value=\"Warenkorb aktualisieren\">Warenkorb aktualisieren<\/button>\n\n\t\t\t\t\t\n\t\t\t\t\t<input type=\"hidden\" id=\"woocommerce-cart-nonce\" name=\"woocommerce-cart-nonce\" value=\"cd1750c142\" \/><input type=\"hidden\" name=\"_wp_http_referer\" value=\"\/index.php?rest_route=%2Fwp%2Fv2%2Fpages%2F17\" \/>\t\t\t\t<\/td>\n\t\t\t<\/tr>\n\n\t\t\t\t\t<\/tbody>\n\t<\/table>\n\t<\/form>\n\n\n<div class=\"cart-collaterals\">\n\t<div class=\"cart_totals \">\n\n\t\n\t<h2>Warenkorb-Summe<\/h2>\n\n\t<table cellspacing=\"0\" class=\"shop_table shop_table_responsive\">\n\n        <tr class=\"cart-subtotal\">\n            <th>Zwischensumme<\/th>\n            <td data-title=\"Zwischensumme\"><span class=\"woocommerce-Price-amount amount\"><bdi><span class=\"woocommerce-Price-currencySymbol\">&#67;&#72;&#70;<\/span>150.00<\/bdi><\/span><\/td>\n        <\/tr>\n\n\t\t\n\t\t\n\t\t\t\n\t\t\t<tr class=\"woocommerce-shipping-totals shipping\">\n    <th>Versand<\/th>\n    <td data-title=\"Versand\">\n\t\t            <ul id=\"shipping_method\" class=\"woocommerce-shipping-methods\">\n\t\t\t\t                    <li>\n\t\t\t\t\t\t<input type=\"hidden\" name=\"shipping_method[0]\" data-index=\"0\" id=\"shipping_method_0_apg_free_shipping10\" value=\"apg_free_shipping:10\" class=\"shipping_method\" \/><label for=\"shipping_method_0_apg_free_shipping10\">keine Portogeb\u00fchren<\/label>                    <\/li>\n\t\t\t\t            <\/ul>\n\t\t\t                <p class=\"woocommerce-shipping-destination\">\n\t\t\t\t\tVersandoptionen werden w\u00e4hrend des Bezahlvorgangs aktualisiert.                <\/p>\n\t\t\t\t\t\n\t\t\n\t\t    <\/td>\n<\/tr>\n\n\t\t\t\n\t\t\n\t\t\n\t\t\n\t\t<style>\n    .pwgc-cart-subtitle {\n        line-height: 1.4;\n        font-size: 80%;\n        font-weight: 300;\n    }\n<\/style>\n\n        <tr class=\"order-total\">\n            <th>Gesamtsumme<\/th>\n            <td data-title=\"Gesamtsumme\"><strong><span class=\"woocommerce-Price-amount amount\"><bdi><span class=\"woocommerce-Price-currencySymbol\">&#67;&#72;&#70;<\/span>150.00<\/bdi><\/span><\/strong> <\/td>\n        <\/tr>\n\n\t\t\n    <\/table>\n\n\t<div class=\"wc-proceed-to-checkout\">\n\t\t    <style>\n        #pwgc-redeem-gift-card-container {\n            margin-bottom: 1.0em;\n        }\n\n        #pwgc-redeem-gift-card-number {\n            width: auto;\n        }\n\n        #pwgc-redeem-button {\n            display: inline-block;\n        }\n\n        #pwgc-redeem-error {\n            color: red;\n        }\n    <\/style>\n    <div id=\"pwgc-redeem-gift-card-form\">\n        <form id=\"pwgc-redeem-form\">\n            <div id=\"pwgc-redeem-gift-card-container\">\n                <label for=\"pwgc-redeem-gift-card-number\">Hast du eine Geschenkkarte?<\/label><br>\n                <div id=\"pwgc-redeem-error\"><\/div>\n                <input type=\"text\" id=\"pwgc-redeem-gift-card-number\" name=\"card_number\" autocomplete=\"off\" placeholder=\"Geschenkkartennummer\">\n                <input type=\"submit\" id=\"pwgc-redeem-button\" class=\"button\" name=\"redeem_gift_card\" value=\"Anwenden\" data-wait-text=\"Bitte warten\u2026\">\n            <\/div>\n        <\/form>\n    <\/div>\n    <div class=\"cart-buttons-update-checkout\">\n\n    <a href=\"https:\/\/www.glueckchenfueller.ch\/?page_id=18\" class=\"checkout-button button alt wc-forward\">\n\t\tWeiter zur Kasse    <\/a>\n\t\t\n<\/div>\n\n<form class=\"woocommerce-shipping-calculator\" action=\"https:\/\/www.glueckchenfueller.ch\/?page_id=17\" method=\"post\">\n\n\t<a href=\"#\" class=\"shipping-calculator-button\" aria-expanded=\"false\" aria-controls=\"shipping-calculator-form\" role=\"button\">Versandkosten berechnen<\/a>\n\t<section class=\"shipping-calculator-form\" id=\"shipping-calculator-form\" style=\"display:none;\">\n\n\t\t\t\t\t<p class=\"form-row form-row-wide\" id=\"calc_shipping_country_field\">\n\t\t\t\t<label for=\"calc_shipping_country\">Land\/Region<\/label>\n\t\t\t\t<select name=\"calc_shipping_country\" id=\"calc_shipping_country\" class=\"country_to_state country_select\" rel=\"calc_shipping_state\">\n\t\t\t\t\t<option value=\"default\">Land\/Region ausw\u00e4hlen\u00a0\u2026<\/option>\n\t\t\t\t\t<option value=\"AF\">Afghanistan<\/option><option value=\"EG\">\u00c4gypten<\/option><option value=\"AX\">\u00c5land<\/option><option value=\"AL\">Albanien<\/option><option value=\"DZ\">Algerien<\/option><option value=\"AS\">Amerikanisch-Samoa<\/option><option value=\"VI\">Amerikanische Jungferninseln<\/option><option value=\"AD\">Andorra<\/option><option value=\"AO\">Angola<\/option><option value=\"AI\">Anguilla<\/option><option value=\"AQ\">Antarktika<\/option><option value=\"AG\">Antigua und Barbuda<\/option><option value=\"GQ\">\u00c4quatorialguinea<\/option><option value=\"AR\">Argentinien<\/option><option value=\"AM\">Armenien<\/option><option value=\"AW\">Aruba<\/option><option value=\"AZ\">Aserbaidschan<\/option><option value=\"ET\">\u00c4thiopien<\/option><option value=\"AU\">Australien<\/option><option value=\"BS\">Bahamas<\/option><option value=\"BH\">Bahrain<\/option><option value=\"BD\">Bangladesch<\/option><option value=\"BB\">Barbados<\/option><option value=\"BY\">Belarus<\/option><option value=\"BE\">Belgien<\/option><option value=\"BZ\">Belize<\/option><option value=\"BJ\">Benin<\/option><option value=\"BM\">Bermuda<\/option><option value=\"BT\">Bhutan<\/option><option value=\"BO\">Bolivien<\/option><option value=\"BQ\">Bonaire, Sint Eustatius und Saba<\/option><option value=\"BA\">Bosnien und Herzegowina<\/option><option value=\"BW\">Botswana<\/option><option value=\"BV\">Bouvetinsel<\/option><option value=\"BR\">Brasilien<\/option><option value=\"VG\">Britische Jungferninseln<\/option><option value=\"IO\">Britisches Territorium im Indischen Ozean<\/option><option value=\"BN\">Brunei<\/option><option value=\"BG\">Bulgarien<\/option><option value=\"BF\">Burkina Faso<\/option><option value=\"BI\">Burundi<\/option><option value=\"CL\">Chile<\/option><option value=\"CN\">China<\/option><option value=\"CK\">Cookinseln<\/option><option value=\"CR\">Costa Rica<\/option><option value=\"CW\">Cura&Ccedil;ao<\/option><option value=\"DK\">D\u00e4nemark<\/option><option value=\"DE\">Deutschland<\/option><option value=\"DM\">Dominica<\/option><option value=\"DO\">Dominikanische Republik<\/option><option value=\"DJ\">Dschibuti<\/option><option value=\"EC\">Ecuador<\/option><option value=\"SV\">El Salvador<\/option><option value=\"CI\">Elfenbeink\u00fcste<\/option><option value=\"ER\">Eritrea<\/option><option value=\"EE\">Estland<\/option><option value=\"SZ\">Eswatini<\/option><option value=\"FK\">Falklandinseln<\/option><option value=\"FO\">F\u00e4r\u00f6er<\/option><option value=\"FJ\">Fidschi<\/option><option value=\"FI\">Finnland<\/option><option value=\"FR\">Frankreich<\/option><option value=\"GF\">Franz\u00f6sisch-Guayana<\/option><option value=\"PF\">Franz\u00f6sisch-Polynesien<\/option><option value=\"TF\">Franz\u00f6sische S\u00fcd- und Antarktisgebiete<\/option><option value=\"GA\">Gabun<\/option><option value=\"GM\">Gambia<\/option><option value=\"GE\">Georgien<\/option><option value=\"GH\">Ghana<\/option><option value=\"GI\">Gibraltar<\/option><option value=\"GD\">Grenada<\/option><option value=\"GR\">Griechenland<\/option><option value=\"GL\">Gr\u00f6nland<\/option><option value=\"GP\">Guadeloupe<\/option><option value=\"GU\">Guam<\/option><option value=\"GT\">Guatemala<\/option><option value=\"GG\">Guernsey<\/option><option value=\"GN\">Guinea<\/option><option value=\"GW\">Guinea-Bissau<\/option><option value=\"GY\">Guyana<\/option><option value=\"HT\">Haiti<\/option><option value=\"HM\">Heard und McDonaldinseln<\/option><option value=\"HN\">Honduras<\/option><option value=\"HK\">Hongkong<\/option><option value=\"IN\">Indien<\/option><option value=\"ID\">Indonesien<\/option><option value=\"IQ\">Irak<\/option><option value=\"IR\">Iran<\/option><option value=\"IE\">Irland<\/option><option value=\"IS\">Island<\/option><option value=\"IM\">Isle of Man<\/option><option value=\"IL\">Israel<\/option><option value=\"IT\">Italien<\/option><option value=\"JM\">Jamaika<\/option><option value=\"JP\">Japan<\/option><option value=\"YE\">Jemen<\/option><option value=\"JE\">Jersey<\/option><option value=\"JO\">Jordanien<\/option><option value=\"KY\">Kaimaninseln<\/option><option value=\"KH\">Kambodscha<\/option><option value=\"CM\">Kamerun<\/option><option value=\"CA\">Kanada<\/option><option value=\"CV\">Kap Verde<\/option><option value=\"KZ\">Kasachstan<\/option><option value=\"QA\">Katar<\/option><option value=\"KE\">Kenia<\/option><option value=\"KG\">Kirgisistan<\/option><option value=\"KI\">Kiribati<\/option><option value=\"CC\">Kokosinseln (Keelinginseln)<\/option><option value=\"CO\">Kolumbien<\/option><option value=\"KM\">Komoren<\/option><option value=\"CG\">Kongo-Brazzaville<\/option><option value=\"CD\">Kongo-Kinshasa<\/option><option value=\"XK\">Kosovo<\/option><option value=\"HR\">Kroatien<\/option><option value=\"CU\">Kuba<\/option><option value=\"KW\">Kuwait<\/option><option value=\"LA\">Laos<\/option><option value=\"LS\">Lesotho<\/option><option value=\"LV\">Lettland<\/option><option value=\"LB\">Libanon<\/option><option value=\"LR\">Liberia<\/option><option value=\"LY\">Libyen<\/option><option value=\"LI\">Liechtenstein<\/option><option value=\"LT\">Litauen<\/option><option value=\"LU\">Luxemburg<\/option><option value=\"MO\">Macau<\/option><option value=\"MG\">Madagaskar<\/option><option value=\"MW\">Malawi<\/option><option value=\"MY\">Malaysia<\/option><option value=\"MV\">Malediven<\/option><option value=\"ML\">Mali<\/option><option value=\"MT\">Malta<\/option><option value=\"MA\">Marokko<\/option><option value=\"MH\">Marshallinseln<\/option><option value=\"MQ\">Martinique<\/option><option value=\"MR\">Mauretanien<\/option><option value=\"MU\">Mauritius<\/option><option value=\"YT\">Mayotte<\/option><option value=\"MX\">Mexiko<\/option><option value=\"FM\">Mikronesien<\/option><option value=\"MD\">Moldau<\/option><option value=\"MC\">Monaco<\/option><option value=\"MN\">Mongolei<\/option><option value=\"ME\">Montenegro<\/option><option value=\"MS\">Montserrat<\/option><option value=\"MZ\">Mosambik<\/option><option value=\"MM\">Myanmar<\/option><option value=\"NA\">Namibia<\/option><option value=\"NR\">Nauru<\/option><option value=\"NP\">Nepal<\/option><option value=\"NC\">Neukaledonien<\/option><option value=\"NZ\">Neuseeland<\/option><option value=\"NI\">Nicaragua<\/option><option value=\"NL\">Niederlande<\/option><option value=\"NE\">Niger<\/option><option value=\"NG\">Nigeria<\/option><option value=\"NU\">Niue<\/option><option value=\"KP\">Nordkorea<\/option><option value=\"MP\">N\u00f6rdliche Marianen<\/option><option value=\"MK\">Nordmazedonien<\/option><option value=\"NF\">Norfolkinsel<\/option><option value=\"NO\">Norwegen<\/option><option value=\"OM\">Oman<\/option><option value=\"AT\">\u00d6sterreich<\/option><option value=\"TL\">Osttimor<\/option><option value=\"PK\">Pakistan<\/option><option value=\"PS\">Pal\u00e4stinensische Autonomiegebiete<\/option><option value=\"PW\">Palau<\/option><option value=\"PA\">Panama<\/option><option value=\"PG\">Papua-Neuguinea<\/option><option value=\"PY\">Paraguay<\/option><option value=\"PE\">Peru<\/option><option value=\"PH\">Philippinen<\/option><option value=\"PN\">Pitcairninseln<\/option><option value=\"PL\">Polen<\/option><option value=\"PT\">Portugal<\/option><option value=\"PR\">Puerto Rico<\/option><option value=\"RE\">R\u00e9union<\/option><option value=\"RW\">Ruanda<\/option><option value=\"RO\">Rum\u00e4nien<\/option><option value=\"RU\">Russland<\/option><option value=\"ST\">S&atilde;o Tom&eacute; and Pr&iacute;ncipe<\/option><option value=\"BL\">Saint Barth&eacute;lemy<\/option><option value=\"SX\">Saint Martin (niederl\u00e4ndischer Teil)<\/option><option value=\"PM\">Saint-Pierre und Miquelon<\/option><option value=\"SB\">Salomonen<\/option><option value=\"ZM\">Sambia<\/option><option value=\"WS\">Samoa<\/option><option value=\"SM\">San Marino<\/option><option value=\"SA\">Saudi-Arabien<\/option><option value=\"SE\">Schweden<\/option><option value=\"CH\" selected='selected'>Schweiz<\/option><option value=\"SN\">Senegal<\/option><option value=\"RS\">Serbien<\/option><option value=\"SC\">Seychellen<\/option><option value=\"SL\">Sierra Leone<\/option><option value=\"ZW\">Simbabwe<\/option><option value=\"SG\">Singapur<\/option><option value=\"SK\">Slowakei<\/option><option value=\"SI\">Slowenien<\/option><option value=\"SO\">Somalia<\/option><option value=\"ES\">Spanien<\/option><option value=\"SJ\">Spitzbergen und Jan Mayen<\/option><option value=\"LK\">Sri Lanka<\/option><option value=\"SH\">St. Helena<\/option><option value=\"KN\">St. Kitts und Nevis<\/option><option value=\"LC\">St. Lucia<\/option><option value=\"MF\">St. Martin (franz\u00f6sischer Teil)<\/option><option value=\"VC\">St. Vincent und die Grenadinen<\/option><option value=\"ZA\">S\u00fcdafrika<\/option><option value=\"SD\">Sudan<\/option><option value=\"GS\">S\u00fcdgeorgien \/ Sandwich-Inseln<\/option><option value=\"KR\">S\u00fcdkorea<\/option><option value=\"SS\">S\u00fcdsudan<\/option><option value=\"SR\">Surinam<\/option><option value=\"SY\">Syrien<\/option><option value=\"TJ\">Tadschikistan<\/option><option value=\"TW\">Taiwan<\/option><option value=\"TZ\">Tansania<\/option><option value=\"TH\">Thailand<\/option><option value=\"TG\">Togo<\/option><option value=\"TK\">Tokelau<\/option><option value=\"TO\">Tonga<\/option><option value=\"TT\">Trinidad und Tobago<\/option><option value=\"TD\">Tschad<\/option><option value=\"CZ\">Tschechien<\/option><option value=\"TN\">Tunesien<\/option><option value=\"TR\">T\u00fcrkei<\/option><option value=\"TM\">Turkmenistan<\/option><option value=\"TC\">Turks- und Caicosinseln<\/option><option value=\"TV\">Tuvalu<\/option><option value=\"UG\">Uganda<\/option><option value=\"UA\">Ukraine<\/option><option value=\"HU\">Ungarn<\/option><option value=\"UM\">United States (US) Minor Outlying Islands<\/option><option value=\"UY\">Uruguay<\/option><option value=\"UZ\">Usbekistan<\/option><option value=\"VU\">Vanuatu<\/option><option value=\"VA\">Vatikanstadt<\/option><option value=\"VE\">Venezuela<\/option><option value=\"AE\">Vereinigte Arabische Emirate<\/option><option value=\"US\">Vereinigte Staaten von Amerika (USA)<\/option><option value=\"GB\">Vereinigtes K\u00f6nigreich<\/option><option value=\"VN\">Vietnam<\/option><option value=\"WF\">Wallis und Futuna<\/option><option value=\"CX\">Weihnachtsinsel<\/option><option value=\"EH\">Westsahara<\/option><option value=\"CF\">Zentralafrikanische Republik<\/option><option value=\"CY\">Zypern<\/option>\t\t\t\t<\/select>\n\t\t\t<\/p>\n\t\t\n\t\t\t\t\t<p class=\"form-row form-row-wide\" id=\"calc_shipping_state_field\">\n\t\t\t\t\t\t\t\t\t<span>\n\t\t\t\t\t\t<label for=\"calc_shipping_state\">Bundesland \/ Landkreis<\/label>\n\t\t\t\t\t\t<select name=\"calc_shipping_state\" class=\"state_select\" id=\"calc_shipping_state\">\n\t\t\t\t\t\t\t<option value=\"\">W\u00e4hle eine Option&hellip;<\/option>\n\t\t\t\t\t\t\t<option value=\"AG\"  selected='selected'>Aargau<\/option><option value=\"AR\" >Appenzell Ausserrhoden<\/option><option value=\"AI\" >Appenzell Innerrhoden<\/option><option value=\"BL\" >Basel-Landschaft<\/option><option value=\"BS\" >Basel-Stadt<\/option><option value=\"BE\" >Bern<\/option><option value=\"FR\" >Freiburg<\/option><option value=\"GE\" >Genf<\/option><option value=\"GL\" >Glarus<\/option><option value=\"GR\" >Graub\u00fcnden<\/option><option value=\"JU\" >Jura<\/option><option value=\"LU\" >Luzern<\/option><option value=\"NE\" >Neuenburg<\/option><option value=\"NW\" >Nidwalden<\/option><option value=\"OW\" >Obwalden<\/option><option value=\"SH\" >Schaffhausen<\/option><option value=\"SZ\" >Schwyz<\/option><option value=\"SO\" >Solothurn<\/option><option value=\"SG\" >St. Gallen<\/option><option value=\"TG\" >Thurgau<\/option><option value=\"TI\" >Tessin<\/option><option value=\"UR\" >URI<\/option><option value=\"VS\" >Wallis<\/option><option value=\"VD\" >Waadt<\/option><option value=\"ZG\" >Zug<\/option><option value=\"ZH\" >Z\u00fcrich<\/option>\t\t\t\t\t\t<\/select>\n\t\t\t\t\t<\/span>\n\t\t\t\t\t\t\t\t<\/p>\n\t\t\n\t\t\t\t\t<p class=\"form-row form-row-wide\" id=\"calc_shipping_city_field\">\n\t\t\t\t<label for=\"calc_shipping_city\">Stadt:<\/label>\n\t\t\t\t<input type=\"text\" class=\"input-text\" value=\"\" name=\"calc_shipping_city\" id=\"calc_shipping_city\" \/>\n\t\t\t<\/p>\n\t\t\n\t\t\t\t\t<p class=\"form-row form-row-wide\" id=\"calc_shipping_postcode_field\">\n\t\t\t\t<label for=\"calc_shipping_postcode\">Postleitzahl:<\/label>\n\t\t\t\t<input type=\"text\" class=\"input-text\" value=\"\" name=\"calc_shipping_postcode\" id=\"calc_shipping_postcode\" \/>\n\t\t\t<\/p>\n\t\t\n\t\t<p><button type=\"submit\" name=\"calc_shipping\" value=\"1\" class=\"button\">Aktualisieren<\/button><\/p>\n\t\t<input type=\"hidden\" id=\"woocommerce-shipping-calculator-nonce\" name=\"woocommerce-shipping-calculator-nonce\" value=\"10e82a1191\" \/><input type=\"hidden\" name=\"_wp_http_referer\" value=\"\/index.php?rest_route=%2Fwp%2Fv2%2Fpages%2F17\" \/>\t<\/section>\n<\/form>\n\n\t\t<div id=\"wc-stripe-express-checkout-element\" style=\"margin-top: 1em;clear:both;display:none;\">\n\t\t\t<!-- A Stripe Element will be inserted here. -->\n\t\t<\/div>\n\t\t\t<\/div>\n\n\t\n<\/div>\n<\/div>\n\n<wc-order-attribution-inputs id=\"wc-stripe-express-checkout__order-attribution-inputs\"><\/wc-order-attribution-inputs><\/div>\n","protected":false},"excerpt":{"rendered":"Liebe(r) Gl\u00fcckchenf\u00fcller Besucher*in, ich geniesse mit meiner Familie unsere Fr\u00fchlingsferien in den Niederlanden und kann deswegen bis 19. April keine Bestellungen verschicken. Sie k\u00f6nnen nat\u00fcrlich weiterhin im Shop einkaufen, ich werde aber die bestellten Produkte leider erst ab Montag 20. April los schicken k\u00f6nnen. Vielen Dank f\u00fcr das Verst\u00e4ndnis! Ich w\u00fcnsche ebenfalls wundervolle Fr\u00fchlingstage. Warmherzige&hellip;","protected":false},"author":1,"featured_media":0,"parent":0,"menu_order":0,"comment_status":"closed","ping_status":"closed","template":"","meta":{"_acf_changed":false,"jetpack_post_was_ever_published":false,"footnotes":""},"class_list":["post-17","page","type-page","status-publish","hentry"],"acf":[],"jetpack_sharing_enabled":true,"jetpack_shortlink":"https:\/\/wp.me\/P9n7Pb-h","jetpack_likes_enabled":true,"_links":{"self":[{"href":"https:\/\/www.glueckchenfueller.ch\/index.php?rest_route=\/wp\/v2\/pages\/17","targetHints":{"allow":["GET"]}}],"collection":[{"href":"https:\/\/www.glueckchenfueller.ch\/index.php?rest_route=\/wp\/v2\/pages"}],"about":[{"href":"https:\/\/www.glueckchenfueller.ch\/index.php?rest_route=\/wp\/v2\/types\/page"}],"author":[{"embeddable":true,"href":"https:\/\/www.glueckchenfueller.ch\/index.php?rest_route=\/wp\/v2\/users\/1"}],"replies":[{"embeddable":true,"href":"https:\/\/www.glueckchenfueller.ch\/index.php?rest_route=%2Fwp%2Fv2%2Fcomments&post=17"}],"version-history":[{"count":1,"href":"https:\/\/www.glueckchenfueller.ch\/index.php?rest_route=\/wp\/v2\/pages\/17\/revisions"}],"predecessor-version":[{"id":120,"href":"https:\/\/www.glueckchenfueller.ch\/index.php?rest_route=\/wp\/v2\/pages\/17\/revisions\/120"}],"wp:attachment":[{"href":"https:\/\/www.glueckchenfueller.ch\/index.php?rest_route=%2Fwp%2Fv2%2Fmedia&parent=17"}],"curies":[{"name":"wp","href":"https:\/\/api.w.org\/{rel}","templated":true}]}}