{"id":105,"date":"2017-11-12T21:40:21","date_gmt":"2017-11-12T21:40:21","guid":{"rendered":"http:\/\/www.glueckchenfueller.ch\/?page_id=105"},"modified":"2026-04-11T16:09:40","modified_gmt":"2026-04-11T16:09:40","slug":"kurse","status":"publish","type":"page","link":"https:\/\/www.glueckchenfueller.ch\/?page_id=105","title":{"rendered":"KURSE"},"content":{"rendered":"\n<figure class=\"wp-block-image size-medium\"><img loading=\"lazy\" decoding=\"async\" width=\"216\" height=\"300\" src=\"https:\/\/www.glueckchenfueller.ch\/wp-content\/uploads\/2020\/02\/Polaroid_Stempelschnitzkurse_2019-2-216x300.jpg\" alt=\"\" class=\"wp-image-854\" srcset=\"https:\/\/www.glueckchenfueller.ch\/wp-content\/uploads\/2020\/02\/Polaroid_Stempelschnitzkurse_2019-2-216x300.jpg 216w, https:\/\/www.glueckchenfueller.ch\/wp-content\/uploads\/2020\/02\/Polaroid_Stempelschnitzkurse_2019-2-550x763.jpg 550w, https:\/\/www.glueckchenfueller.ch\/wp-content\/uploads\/2020\/02\/Polaroid_Stempelschnitzkurse_2019-2-820x1138.jpg 820w, https:\/\/www.glueckchenfueller.ch\/wp-content\/uploads\/2020\/02\/Polaroid_Stempelschnitzkurse_2019-2-768x1066.jpg 768w, https:\/\/www.glueckchenfueller.ch\/wp-content\/uploads\/2020\/02\/Polaroid_Stempelschnitzkurse_2019-2-738x1024.jpg 738w, https:\/\/www.glueckchenfueller.ch\/wp-content\/uploads\/2020\/02\/Polaroid_Stempelschnitzkurse_2019-2-1107x1536.jpg 1107w, https:\/\/www.glueckchenfueller.ch\/wp-content\/uploads\/2020\/02\/Polaroid_Stempelschnitzkurse_2019-2-1116x1549.jpg 1116w, https:\/\/www.glueckchenfueller.ch\/wp-content\/uploads\/2020\/02\/Polaroid_Stempelschnitzkurse_2019-2-806x1119.jpg 806w, https:\/\/www.glueckchenfueller.ch\/wp-content\/uploads\/2020\/02\/Polaroid_Stempelschnitzkurse_2019-2-558x774.jpg 558w, https:\/\/www.glueckchenfueller.ch\/wp-content\/uploads\/2020\/02\/Polaroid_Stempelschnitzkurse_2019-2-655x909.jpg 655w, https:\/\/www.glueckchenfueller.ch\/wp-content\/uploads\/2020\/02\/Polaroid_Stempelschnitzkurse_2019-2-600x833.jpg 600w, https:\/\/www.glueckchenfueller.ch\/wp-content\/uploads\/2020\/02\/Polaroid_Stempelschnitzkurse_2019-2.jpg 1235w\" sizes=\"auto, (max-width: 216px) 100vw, 216px\" \/><\/figure>\n\n\n\n<h4 class=\"wp-block-heading\"><span style=\"color: #ff9900;\">Stempelschnitzkurse in der Altstadt von Baden AG.<\/span><\/h4>\n\n\n\n<p class=\"has-text-align-left\">In meinen Kursen gebe ich sehr gerne meine Leidenschaft im Stempelschnitzen weiter. <br>In den vierst\u00fcndigen Kursen lernst Du die Technik des Gummischnitzen kennen. Jede(r) TeilnehmerIn bekommt eine Gummiplatte mit den Massen 15 x 10 cm. Ich zeige in der ersten Stunde, wie man ein Motiv auf diese Platten \u00fcbertr\u00e4gt und welche Schnitzwerkzeuge man f\u00fcr den gew\u00fcnschten Effekt ben\u00f6tigt. Du kannst dann w\u00e4hrend gut drei Stunden deine eigenen Ideen umsetzen oder aus Vorlagen Dein Motiv ausw\u00e4hlen. Wie viele Stempel Du am Schluss kreiert hast, kommt auf Deine Druckstock-Gr\u00f6sse und die handwerklichen Fertigkeiten drauf an. Mit diesen Stempeln kannst du dann sp\u00e4ter Postkarten,&nbsp;Tischk\u00e4rtchen, Geschenkpapier, Anh\u00e4nger, Geburtstagseinladungen&nbsp;vieles mehr bedrucken. Mache dich und die Empf\u00e4nger&nbsp;gl\u00fccklich mit diesen selber produzierten Unikaten. <br>Du musst keine Vorkenntnisse haben, ich habe viele Bildvorlagen welche durchgepaust werden k\u00f6nnen, man kann aber auch eigene Bilder\/Zeichnungen mitnehmen. Gearbeitet wird gemeinsam an einem grossen langen Arbeitstisch (2m 20 lang \/ 95cm breit). Vier verschiedene Schnitzmesser in diversen Gr\u00f6ssen, 80 Stempelfarben sowie unterschiedliche Papiere stehen den Werkenden zur Verf\u00fcgung. Schnitzmesser, Stempelfarben, Vinyl-Gummiplatten und Papiere k\u00f6nnen bei mir im Laden auch gekauft werden (Bezahlung vor Ort in Bar oder per Twint).<\/p>\n\n\n\n<p class=\"has-text-align-left\">Es gibt in einem pers\u00f6nlichen S\u00e4ckchen was Kleines zum Essen und Trinken. <br>Pausen machen alle selber nach Bedarf.<\/p>\n\n\n\n<p class=\"has-text-align-left\">Die von mir ausgeschrieben Kurse sind f\u00fcr vier bis sechs Personen, dauern 4 Std. und kosten CHF 150.\u2013 pro Person, inklusive Arbeitsmaterial, Snacks und Getr\u00e4nke. <br><strong>WICHTIG:<\/strong> Die Kurse finden in der Regel erst ab 4 Personen statt. <br><br><strong>GUT ZU WISSEN:<\/strong> Du kannst mich ab zwei bis maximal sechs teilnehmenden Personen auch an einem Wunschtag buchen. Bei nur zwei und drei Personen kosten diese exklusiv gebuchten Kurse 170.- pro Person, da ich mehr Zeit habe f\u00fcr die einzelnen Kursbesucher*innen. Bei vier bis sechs Personen kostet es Fr. 150.-.<br>__________<\/p>\n\n\n\n<h3 class=\"wp-block-heading\"><span style=\"color: #ff9900;\"><span style=\"caret-color: #ff9900;\">Freie Kursdaten findest du im Shop:<\/span><\/span><\/h3>\n\n\n\n<p class=\"has-vivid-red-color has-text-color\"><a href=\"https:\/\/www.glueckchenfueller.ch\/?product_cat=o-kurse-gutscheine\" data-type=\"link\" data-id=\"https:\/\/www.glueckchenfueller.ch\/?product_cat=o-kurse-gutscheine\">HIER findest Du die aktuellen Kursdaten und kannst einen Platz buchen \ud83d\ude42<\/a><br><\/p>\n\n\n\n<p class=\"has-vivid-red-color has-text-color\"><span style=\"color: #999999; caret-color: #999999; font-weight: 600; font-size: Revert;\"><span class=\"has-inline-color has-vivid-red-color\">Aktuelle Termine, freie Pl\u00e4tze und Kursbuchung findest Du im Shop unter der Rubrik &#8222;O | Kurse | Gutscheine&#8220; (im Shop ganz nach unten scrollen)<\/span><\/span> <strong>oder auf den obigen Link dr\u00fccken.<\/strong><\/p>\n\n\n\n<p><span style=\"caret-color: #ff9900; color: #ff9900; font-size: 1.56em; font-weight: 600;\">Zeit:<\/span><\/p>\n\n\n\n<p>Bitte Zeiten beachten bei der Kursbuchung.<\/p>\n\n\n\n<p>__________<\/p>\n\n\n\n<p><strong>Stornierungsbedingungen:<\/strong><br>Es ist mir vorbehalten, Kurse wegen Krankheit, zu wenig Teilnehmern, Corona-Massnahmen oder anderen Gr\u00fcnden abzusagen. Bei Kursabsage von Seiten Gl\u00fcckchenf\u00fcller.ch wird das volle Kursgeld zur\u00fcck erstattet. <br>Wenn die Kursteilnehmer bis sieben Tage vor Kursdatum absagen, ebenfalls. Wenn die Absage zwischen sieben und zwei Tage vor dem Kurs erfolgt, verrechne ich 50%. Bei einer Absage ab&nbsp;24 Stunden vor dem Termin gibt es keine R\u00fcckerstattung, ausser es findet sich f\u00fcr den frei gewordenen Platz einen Ersatz. Bitte dann anfragen, ich habe meistens eine Warteliste.<br>ACHTUNG: Bei Unwohlsein\/starker Erk\u00e4ltung\/Krankheit bitte lieber absagen, wir finden sicher eine gute und faire L\u00f6sung.<\/p>\n\n\n\n<p class=\"has-text-align-left\">Anmeldungen bis sp\u00e4testens 12h vor den Kursdaten, freie Pl\u00e4tze findest Du im Shop unter der Rubrik: <br>&#8222;O| Kurse |Gutscheine&#8220;<\/p>\n\n\n\n<p class=\"has-text-align-left\">Geeignet f\u00fcr Kinder ab 9 Jahren, bis 12 Jahren nur in Begleitung einer erwachsenen Person. Ausgenommen sind die Kinderkurse, diese finden ohne erwachsene Begleitung statt.<\/p>\n\n\n\n<p class=\"has-text-align-left\">Dieses Angebot ist auch sehr f\u00fcr Polterabende, Geburtstagsfeiern, Firmenevents usw. geeignet. Durchf\u00fchrung f\u00fcr Gruppen ab mind. 2 bis max. 8 Personen, grunds\u00e4tzlich an allen Tagen m\u00f6glich. Bitte&nbsp;Wunsch-Kursdaten&nbsp;per Mail Anfragen: hallo@glueckchenfueller.ch.<\/p>\n\n\n\n<p class=\"has-text-align-left\">Ich freue mich sehr auf Deinen Besuch.&nbsp;<\/p>\n\n\n\n<h5 class=\"wp-block-heading\">KURSORT:<strong><br><\/strong>Laden &lt;zurzeit&#8230;&gt;<br>Im Graben 4<br>5400 Baden<br>hallo@glueckchenfueller.ch<br><br><br>Weitere Infos zum Laden findest du hier: <a href=\"http:\/\/zurzeit.ch\" data-type=\"link\" data-id=\"zurzeit.ch\">zurzeit.ch<\/a><br><\/h5>\n\n\n\n<p class=\"has-text-align-left\">&nbsp;<\/p>\n\n\n\n<figure class=\"wp-block-gallery has-nested-images columns-default is-cropped wp-block-gallery-1 is-layout-flex wp-block-gallery-is-layout-flex\"><\/figure>\n\n\n\n<figure class=\"wp-block-image size-large\"><img loading=\"lazy\" decoding=\"async\" width=\"768\" height=\"1024\" src=\"https:\/\/www.glueckchenfueller.ch\/wp-content\/uploads\/2026\/04\/kurstisch_zurzeit-768x1024.jpg\" alt=\"\" class=\"wp-image-5966\" srcset=\"https:\/\/www.glueckchenfueller.ch\/wp-content\/uploads\/2026\/04\/kurstisch_zurzeit-768x1024.jpg 768w, https:\/\/www.glueckchenfueller.ch\/wp-content\/uploads\/2026\/04\/kurstisch_zurzeit-225x300.jpg 225w, https:\/\/www.glueckchenfueller.ch\/wp-content\/uploads\/2026\/04\/kurstisch_zurzeit-1152x1536.jpg 1152w, https:\/\/www.glueckchenfueller.ch\/wp-content\/uploads\/2026\/04\/kurstisch_zurzeit-1535x2048.jpg 1535w, https:\/\/www.glueckchenfueller.ch\/wp-content\/uploads\/2026\/04\/kurstisch_zurzeit-1612x2150.jpg 1612w, https:\/\/www.glueckchenfueller.ch\/wp-content\/uploads\/2026\/04\/kurstisch_zurzeit-1116x1488.jpg 1116w, https:\/\/www.glueckchenfueller.ch\/wp-content\/uploads\/2026\/04\/kurstisch_zurzeit-806x1075.jpg 806w, https:\/\/www.glueckchenfueller.ch\/wp-content\/uploads\/2026\/04\/kurstisch_zurzeit-558x744.jpg 558w, https:\/\/www.glueckchenfueller.ch\/wp-content\/uploads\/2026\/04\/kurstisch_zurzeit-655x874.jpg 655w, https:\/\/www.glueckchenfueller.ch\/wp-content\/uploads\/2026\/04\/kurstisch_zurzeit-550x734.jpg 550w, https:\/\/www.glueckchenfueller.ch\/wp-content\/uploads\/2026\/04\/kurstisch_zurzeit-820x1094.jpg 820w, https:\/\/www.glueckchenfueller.ch\/wp-content\/uploads\/2026\/04\/kurstisch_zurzeit-scaled.jpg 1919w\" sizes=\"auto, (max-width: 768px) 100vw, 768px\" \/><\/figure>\n","protected":false},"excerpt":{"rendered":"<p>Stempelschnitzkurse in der Altstadt von Baden AG. In meinen Kursen gebe ich sehr gerne meine Leidenschaft im Stempelschnitzen weiter. In den vierst\u00fcndigen Kursen lernst Du die Technik des Gummischnitzen kennen. Jede(r) TeilnehmerIn bekommt eine Gummiplatte mit den Massen 15 x 10 cm. Ich zeige in der ersten Stunde, wie man ein Motiv auf diese Platten&hellip;<\/p>\n","protected":false},"author":1,"featured_media":159,"parent":0,"menu_order":0,"comment_status":"closed","ping_status":"closed","template":"","meta":{"_acf_changed":false,"jetpack_post_was_ever_published":false,"footnotes":""},"class_list":["post-105","page","type-page","status-publish","has-post-thumbnail","hentry"],"acf":[],"jetpack_sharing_enabled":true,"jetpack_shortlink":"https:\/\/wp.me\/P9n7Pb-1H","jetpack_likes_enabled":true,"_links":{"self":[{"href":"https:\/\/www.glueckchenfueller.ch\/index.php?rest_route=\/wp\/v2\/pages\/105","targetHints":{"allow":["GET"]}}],"collection":[{"href":"https:\/\/www.glueckchenfueller.ch\/index.php?rest_route=\/wp\/v2\/pages"}],"about":[{"href":"https:\/\/www.glueckchenfueller.ch\/index.php?rest_route=\/wp\/v2\/types\/page"}],"author":[{"embeddable":true,"href":"https:\/\/www.glueckchenfueller.ch\/index.php?rest_route=\/wp\/v2\/users\/1"}],"replies":[{"embeddable":true,"href":"https:\/\/www.glueckchenfueller.ch\/index.php?rest_route=%2Fwp%2Fv2%2Fcomments&post=105"}],"version-history":[{"count":96,"href":"https:\/\/www.glueckchenfueller.ch\/index.php?rest_route=\/wp\/v2\/pages\/105\/revisions"}],"predecessor-version":[{"id":5968,"href":"https:\/\/www.glueckchenfueller.ch\/index.php?rest_route=\/wp\/v2\/pages\/105\/revisions\/5968"}],"wp:featuredmedia":[{"embeddable":true,"href":"https:\/\/www.glueckchenfueller.ch\/index.php?rest_route=\/wp\/v2\/media\/159"}],"wp:attachment":[{"href":"https:\/\/www.glueckchenfueller.ch\/index.php?rest_route=%2Fwp%2Fv2%2Fmedia&parent=105"}],"curies":[{"name":"wp","href":"https:\/\/api.w.org\/{rel}","templated":true}]}}